{"id":44881,"date":"2025-12-30T12:02:02","date_gmt":"2025-12-30T09:02:02","guid":{"rendered":"https:\/\/bakistextile.com\/urun\/damen-socken-5er-pack-art-8003\/"},"modified":"2025-12-30T12:02:02","modified_gmt":"2025-12-30T09:02:02","slug":"damen-kurzschaft-socken-5er-pack-art-8003","status":"publish","type":"product","link":"https:\/\/bakistextile.com\/tr\/urun\/damen-kurzschaft-socken-5er-pack-art-8003\/","title":{"rendered":"Kad\u0131n K\u0131sa \u00c7orap 5 li Paket"},"content":{"rendered":"<span>Beden<\/span>35\/38 - 39\/42\n<span>Paket : <\/span>24 Paket x 5 li = 120 Adet\n<span>Renk<\/span><div class=\"urun-renkleri\"><span class=\"renk-item\"><span class=\"renk-kutu\" style=\"background-color:#ccc;\"><\/span><span class=\"renk-label\">Renkli<\/span><\/span><\/div>\n<span>\u00d6zellikler : <\/span>80% Pamuk 15%, Polyamid, 5% Elastan\n<span>Koli \u0130\u00e7i : <\/span>\u00dcr\u00fcnlerimiz 1 Kolide Tek Bedendir.\n","protected":false},"excerpt":{"rendered":"<p>ART-8003<\/p>\n","protected":false},"featured_media":47179,"template":"","meta":{"_joinchat":[]},"product_brand":[],"product_cat":[202,155,203,210],"product_tag":[],"class_list":{"0":"post-44881","1":"product","2":"type-product","3":"status-publish","4":"has-post-thumbnail","6":"product_cat-corap","7":"product_cat-kadin","8":"product_cat-kadin-corap","9":"product_cat-kadin-kisa-corap","11":"first","12":"instock","13":"purchasable","14":"product-type-simple"},"_links":{"self":[{"href":"https:\/\/bakistextile.com\/tr\/wp-json\/wp\/v2\/product\/44881","targetHints":{"allow":["GET"]}}],"collection":[{"href":"https:\/\/bakistextile.com\/tr\/wp-json\/wp\/v2\/product"}],"about":[{"href":"https:\/\/bakistextile.com\/tr\/wp-json\/wp\/v2\/types\/product"}],"wp:featuredmedia":[{"embeddable":true,"href":"https:\/\/bakistextile.com\/tr\/wp-json\/wp\/v2\/media\/47179"}],"wp:attachment":[{"href":"https:\/\/bakistextile.com\/tr\/wp-json\/wp\/v2\/media?parent=44881"}],"wp:term":[{"taxonomy":"product_brand","embeddable":true,"href":"https:\/\/bakistextile.com\/tr\/wp-json\/wp\/v2\/product_brand?post=44881"},{"taxonomy":"product_cat","embeddable":true,"href":"https:\/\/bakistextile.com\/tr\/wp-json\/wp\/v2\/product_cat?post=44881"},{"taxonomy":"product_tag","embeddable":true,"href":"https:\/\/bakistextile.com\/tr\/wp-json\/wp\/v2\/product_tag?post=44881"}],"curies":[{"name":"wp","href":"https:\/\/api.w.org\/{rel}","templated":true}]}}