{"id":29791,"date":"2025-12-15T22:17:53","date_gmt":"2025-12-15T19:17:53","guid":{"rendered":"https:\/\/bakistextile.com\/urun\/damen-slip-art-2078\/"},"modified":"2025-12-15T22:17:54","modified_gmt":"2025-12-15T19:17:54","slug":"damen-slip-art-2078","status":"publish","type":"product","link":"https:\/\/bakistextile.com\/tr\/urun\/damen-slip-art-2078\/","title":{"rendered":"Kad\u0131n K\u00fclot"},"content":{"rendered":"<span>Beden<\/span>S - M - L - XL - XXL - 3XL\n<span>Paket : <\/span>1 li\n<span>Renk<\/span><div class=\"urun-renkleri\"><span class=\"renk-item\"><span class=\"renk-kutu\" style=\"background-color:#FFFFFF;\"><\/span><span class=\"renk-label\">Beyaz<\/span><\/span><span class=\"renk-item\"><span class=\"renk-kutu\" style=\"background-color:#FFFDD0;\"><\/span><span class=\"renk-label\">Krem<\/span><\/span><span class=\"renk-item\"><span class=\"renk-kutu\" style=\"background-color:#F0D3C4;\"><\/span><span class=\"renk-label\">Somon<\/span><\/span><span class=\"renk-item\"><span class=\"renk-kutu\" style=\"background-color:#F0C3AB;\"><\/span><span class=\"renk-label\">Ten<\/span><\/span><span class=\"renk-item\"><span class=\"renk-kutu\" style=\"background-color:#C8A2C8;\"><\/span><span class=\"renk-label\">Lila<\/span><\/span><span class=\"renk-item\"><span class=\"renk-kutu\" style=\"background-color:#d8d9dc;\"><\/span><span class=\"renk-label\">Gri<\/span><\/span><span class=\"renk-item\"><span class=\"renk-kutu\" style=\"background-color:#A8D0EC;\"><\/span><span class=\"renk-label\">Bebe Mavi<\/span><\/span><span class=\"renk-item\"><span class=\"renk-kutu\" style=\"background-color:#A0D6D7;\"><\/span><span class=\"renk-label\">Mint<\/span><\/span><span class=\"renk-item\"><span class=\"renk-kutu\" style=\"background-color:#3CC4E4;\"><\/span><span class=\"renk-label\">Turkuaz<\/span><\/span><span class=\"renk-item\"><span class=\"renk-kutu\" style=\"background-color:#FFA500;\"><\/span><span class=\"renk-label\">Turuncu<\/span><\/span><span class=\"renk-item\"><span class=\"renk-kutu\" style=\"background-color:#F06290;\"><\/span><span class=\"renk-label\">Macenta<\/span><\/span><span class=\"renk-item\"><span class=\"renk-kutu\" style=\"background-color:#0266b3;\"><\/span><span class=\"renk-label\">A\u00e7\u0131k Mavi<\/span><\/span><span class=\"renk-item\"><span class=\"renk-kutu\" style=\"background-color:#3F7DBF;\"><\/span><span class=\"renk-label\">Kraliyet Mavisi<\/span><\/span><span class=\"renk-item\"><span class=\"renk-kutu\" style=\"background-color:#ED323B;\"><\/span><span class=\"renk-label\">K\u0131rm\u0131z\u0131<\/span><\/span><span class=\"renk-item\"><span class=\"renk-kutu\" style=\"background-color:#993F52;\"><\/span><span class=\"renk-label\">Koyu K\u0131rm\u0131z\u0131<\/span><\/span><span class=\"renk-item\"><span class=\"renk-kutu\" style=\"background-color:#A6598D;\"><\/span><span class=\"renk-label\">Koyu Lila<\/span><\/span><span class=\"renk-item\"><span class=\"renk-kutu\" style=\"background-color:#0a182a;\"><\/span><span class=\"renk-label\">Koyu Mavi<\/span><\/span><span class=\"renk-item\"><span class=\"renk-kutu\" style=\"background-color:#000000;\"><\/span><span class=\"renk-label\">Siyah<\/span><\/span><\/div>\n<span>\u00d6zellikler : <\/span>90% Pamuk<br \/>\n10% Elastan\n<span>Koli \u0130\u00e7i : <\/span>10 Adet<br \/>\n\u00dcr\u00fcnlerimiz 1 Kolide Tek Bedendir\n","protected":false},"excerpt":{"rendered":"<p>ART-2078<\/p>\n","protected":false},"featured_media":46437,"template":"","meta":{"_joinchat":[]},"product_brand":[],"product_cat":[155,157],"product_tag":[],"class_list":{"0":"post-29791","1":"product","2":"type-product","3":"status-publish","4":"has-post-thumbnail","6":"product_cat-kadin","7":"product_cat-kadin-kulot","9":"first","10":"instock","11":"purchasable","12":"product-type-simple"},"_links":{"self":[{"href":"https:\/\/bakistextile.com\/tr\/wp-json\/wp\/v2\/product\/29791","targetHints":{"allow":["GET"]}}],"collection":[{"href":"https:\/\/bakistextile.com\/tr\/wp-json\/wp\/v2\/product"}],"about":[{"href":"https:\/\/bakistextile.com\/tr\/wp-json\/wp\/v2\/types\/product"}],"wp:featuredmedia":[{"embeddable":true,"href":"https:\/\/bakistextile.com\/tr\/wp-json\/wp\/v2\/media\/46437"}],"wp:attachment":[{"href":"https:\/\/bakistextile.com\/tr\/wp-json\/wp\/v2\/media?parent=29791"}],"wp:term":[{"taxonomy":"product_brand","embeddable":true,"href":"https:\/\/bakistextile.com\/tr\/wp-json\/wp\/v2\/product_brand?post=29791"},{"taxonomy":"product_cat","embeddable":true,"href":"https:\/\/bakistextile.com\/tr\/wp-json\/wp\/v2\/product_cat?post=29791"},{"taxonomy":"product_tag","embeddable":true,"href":"https:\/\/bakistextile.com\/tr\/wp-json\/wp\/v2\/product_tag?post=29791"}],"curies":[{"name":"wp","href":"https:\/\/api.w.org\/{rel}","templated":true}]}}