{"id":27337,"date":"2025-12-15T22:09:38","date_gmt":"2025-12-15T19:09:38","guid":{"rendered":"https:\/\/bakistextile.com\/urun\/damen-slip-lycra-elasthan-supergekammte-bw-art-2075\/"},"modified":"2025-12-15T22:09:41","modified_gmt":"2025-12-15T19:09:41","slug":"damen-slip-art-2075","status":"publish","type":"product","link":"https:\/\/bakistextile.com\/tr\/urun\/damen-slip-art-2075\/","title":{"rendered":"Kad\u0131n K\u00fclot"},"content":{"rendered":"<span>Beden<\/span>40-42 \/ 44-46 \/ 48-50 \/ 52-54 \/ 56-58\n<span>Paket : <\/span>1 li\n<span>Renk<\/span><div class=\"urun-renkleri\"><span class=\"renk-item\"><span class=\"renk-kutu\" style=\"background-color:#FFFFFF;\"><\/span><span class=\"renk-label\">Beyaz<\/span><\/span><span class=\"renk-item\"><span class=\"renk-kutu\" style=\"background-color:#000000;\"><\/span><span class=\"renk-label\">Siyah<\/span><\/span><span class=\"renk-item\"><span class=\"renk-kutu\" style=\"background-color:#3CC4E4;\"><\/span><span class=\"renk-label\">Turkuaz<\/span><\/span><span class=\"renk-item\"><span class=\"renk-kutu\" style=\"background-color:#F9C9D1;\"><\/span><span class=\"renk-label\">A\u00e7\u0131k Pembe<\/span><\/span><span class=\"renk-item\"><span class=\"renk-kutu\" style=\"background-color:#F06290;\"><\/span><span class=\"renk-label\">Macenta<\/span><\/span><span class=\"renk-item\"><span class=\"renk-kutu\" style=\"background-color:#800080;\"><\/span><span class=\"renk-label\">Mor<\/span><\/span><span class=\"renk-item\"><span class=\"renk-kutu\" style=\"background-color:#A0D6D7;\"><\/span><span class=\"renk-label\">Mint<\/span><\/span><span class=\"renk-item\"><span class=\"renk-kutu\" style=\"background-color:#A6598D;\"><\/span><span class=\"renk-label\">Koyu Lila<\/span><\/span><span class=\"renk-item\"><span class=\"renk-kutu\" style=\"background-color:#F0C3AB;\"><\/span><span class=\"renk-label\">Ten<\/span><\/span><span class=\"renk-item\"><span class=\"renk-kutu\" style=\"background-color:#d8d9dc;\"><\/span><span class=\"renk-label\">Gri<\/span><\/span><span class=\"renk-item\"><span class=\"renk-kutu\" style=\"background-color:#EF5C6D;\"><\/span><span class=\"renk-label\">Vermilyon<\/span><\/span><span class=\"renk-item\"><span class=\"renk-kutu\" style=\"background-color:#B38C7F;\"><\/span><span class=\"renk-label\">Taupe<\/span><\/span><span class=\"renk-item\"><span class=\"renk-kutu\" style=\"background-color:#FFA500;\"><\/span><span class=\"renk-label\">Turuncu<\/span><\/span><span class=\"renk-item\"><span class=\"renk-kutu\" style=\"background-color:#0266b3;\"><\/span><span class=\"renk-label\">A\u00e7\u0131k Mavi<\/span><\/span><span class=\"renk-item\"><span class=\"renk-kutu\" style=\"background-color:#3F7DBF;\"><\/span><span class=\"renk-label\">Kraliyet Mavisi<\/span><\/span><span class=\"renk-item\"><span class=\"renk-kutu\" style=\"background-color:#993F52;\"><\/span><span class=\"renk-label\">Koyu K\u0131rm\u0131z\u0131<\/span><\/span><span class=\"renk-item\"><span class=\"renk-kutu\" style=\"background-color:#FFFDD0;\"><\/span><span class=\"renk-label\">Krem<\/span><\/span><span class=\"renk-item\"><span class=\"renk-kutu\" style=\"background-color:#0a182a;\"><\/span><span class=\"renk-label\">Koyu Mavi<\/span><\/span><span class=\"renk-item\"><span class=\"renk-kutu\" style=\"background-color:#F2C6DD;\"><\/span><span class=\"renk-label\">Pembe<\/span><\/span><span class=\"renk-item\"><span class=\"renk-kutu\" style=\"background-color:#C8A2C8;\"><\/span><span class=\"renk-label\">Lila<\/span><\/span><span class=\"renk-item\"><span class=\"renk-kutu\" style=\"background-color:#F0D3C4;\"><\/span><span class=\"renk-label\">Somon<\/span><\/span><span class=\"renk-item\"><span class=\"renk-kutu\" style=\"background-color:#848688;\"><\/span><span class=\"renk-label\">Antrasit<\/span><\/span><\/div>\n<span>\u00d6zellikler : <\/span>95% Pamuk<br \/>\n5% Elastan\n<span>Koli \u0130\u00e7i : <\/span>20 Paket 1 li = 20 Adet<br \/>\n\u00dcr\u00fcnlerimiz 1 Kolide Tek Bedendir\n","protected":false},"excerpt":{"rendered":"<p>ART-2075<\/p>\n","protected":false},"featured_media":46394,"template":"","meta":{"_joinchat":[]},"product_brand":[],"product_cat":[155,157],"product_tag":[],"class_list":{"0":"post-27337","1":"product","2":"type-product","3":"status-publish","4":"has-post-thumbnail","6":"product_cat-kadin","7":"product_cat-kadin-kulot","9":"first","10":"instock","11":"purchasable","12":"product-type-simple"},"_links":{"self":[{"href":"https:\/\/bakistextile.com\/tr\/wp-json\/wp\/v2\/product\/27337","targetHints":{"allow":["GET"]}}],"collection":[{"href":"https:\/\/bakistextile.com\/tr\/wp-json\/wp\/v2\/product"}],"about":[{"href":"https:\/\/bakistextile.com\/tr\/wp-json\/wp\/v2\/types\/product"}],"wp:featuredmedia":[{"embeddable":true,"href":"https:\/\/bakistextile.com\/tr\/wp-json\/wp\/v2\/media\/46394"}],"wp:attachment":[{"href":"https:\/\/bakistextile.com\/tr\/wp-json\/wp\/v2\/media?parent=27337"}],"wp:term":[{"taxonomy":"product_brand","embeddable":true,"href":"https:\/\/bakistextile.com\/tr\/wp-json\/wp\/v2\/product_brand?post=27337"},{"taxonomy":"product_cat","embeddable":true,"href":"https:\/\/bakistextile.com\/tr\/wp-json\/wp\/v2\/product_cat?post=27337"},{"taxonomy":"product_tag","embeddable":true,"href":"https:\/\/bakistextile.com\/tr\/wp-json\/wp\/v2\/product_tag?post=27337"}],"curies":[{"name":"wp","href":"https:\/\/api.w.org\/{rel}","templated":true}]}}