{"id":27290,"date":"2025-12-22T15:40:31","date_gmt":"2025-12-22T12:40:31","guid":{"rendered":"https:\/\/bakistextile.com\/urun\/damen-norweger-hygge-socken-vollplusch-2-er-pack-art-9027\/"},"modified":"2025-12-22T15:40:31","modified_gmt":"2025-12-22T12:40:31","slug":"damen-norweger-hygge-socken-er-pack-art-9027","status":"publish","type":"product","link":"https:\/\/bakistextile.com\/tr\/urun\/damen-norweger-hygge-socken-er-pack-art-9027\/","title":{"rendered":"Kad\u0131n Norve\u00e7 Hygge \u00c7orap 2 li Paket"},"content":{"rendered":"<span>Beden<\/span>35\/38 - 39\/42\n<span>Paket : <\/span>30 x Paket 1 + 30 x Paket 2 = 60 paket x 2 li = 120 \u00e7ift\n<span>Renk<\/span><div class=\"urun-renkleri\"><span class=\"renk-item\"><span class=\"renk-kutu\" style=\"background-color:#ccc;\"><\/span><span class=\"renk-label\">Renkli<\/span><\/span><\/div>\n<span>\u00d6zellikler : <\/span>50% Y\u00fcn, 30% Poliakrilik, 17% Polyamid, 3% Elastan\n<span>Koli \u0130\u00e7i : <\/span>\u00dcr\u00fcnlerimiz 1 Kolide Tek Bedendir\n","protected":false},"excerpt":{"rendered":"<p>ART-9027<\/p>\n","protected":false},"featured_media":47147,"template":"","meta":{"_joinchat":[]},"product_brand":[],"product_cat":[202,155,203,219,224],"product_tag":[],"class_list":{"0":"post-27290","1":"product","2":"type-product","3":"status-publish","4":"has-post-thumbnail","6":"product_cat-corap","7":"product_cat-kadin","8":"product_cat-kadin-corap","9":"product_cat-kadin-kislik-corap","10":"product_cat-kislik-corap","12":"first","13":"instock","14":"purchasable","15":"product-type-simple"},"_links":{"self":[{"href":"https:\/\/bakistextile.com\/tr\/wp-json\/wp\/v2\/product\/27290","targetHints":{"allow":["GET"]}}],"collection":[{"href":"https:\/\/bakistextile.com\/tr\/wp-json\/wp\/v2\/product"}],"about":[{"href":"https:\/\/bakistextile.com\/tr\/wp-json\/wp\/v2\/types\/product"}],"wp:featuredmedia":[{"embeddable":true,"href":"https:\/\/bakistextile.com\/tr\/wp-json\/wp\/v2\/media\/47147"}],"wp:attachment":[{"href":"https:\/\/bakistextile.com\/tr\/wp-json\/wp\/v2\/media?parent=27290"}],"wp:term":[{"taxonomy":"product_brand","embeddable":true,"href":"https:\/\/bakistextile.com\/tr\/wp-json\/wp\/v2\/product_brand?post=27290"},{"taxonomy":"product_cat","embeddable":true,"href":"https:\/\/bakistextile.com\/tr\/wp-json\/wp\/v2\/product_cat?post=27290"},{"taxonomy":"product_tag","embeddable":true,"href":"https:\/\/bakistextile.com\/tr\/wp-json\/wp\/v2\/product_tag?post=27290"}],"curies":[{"name":"wp","href":"https:\/\/api.w.org\/{rel}","templated":true}]}}