{"id":27247,"date":"2025-12-15T23:40:02","date_gmt":"2025-12-15T20:40:02","guid":{"rendered":"https:\/\/bakistextile.com\/urun\/damen-sneaker-4er-pack-art-7013\/"},"modified":"2025-12-15T23:40:03","modified_gmt":"2025-12-15T20:40:03","slug":"damen-sneaker-4er-pack-art-7013","status":"publish","type":"product","link":"https:\/\/bakistextile.com\/tr\/urun\/damen-sneaker-4er-pack-art-7013\/","title":{"rendered":"Kad\u0131n Patik \u00c7orap 4 l\u00fc Paket"},"content":{"rendered":"<span>Beden<\/span>35\/38 - 39\/42\n<span>Paket : <\/span>30 Paket x 4 l\u00fc = 120 Adet\n<span>Renk<\/span><div class=\"urun-renkleri\"><span class=\"renk-item\"><span class=\"renk-kutu\" style=\"background-color:#ccc;\"><\/span><span class=\"renk-label\">Renkli<\/span><\/span><\/div>\n<span>\u00d6zellikler : <\/span>80% Pamuk 15%, Polyamid, 5% Elastan\n<span>Koli \u0130\u00e7i : <\/span>15 Paket 35-38 - 15 Paket 39-42 \n","protected":false},"excerpt":{"rendered":"<p>ART-7013<\/p>\n","protected":false},"featured_media":46941,"template":"","meta":{"_joinchat":[]},"product_brand":[],"product_cat":[202,155,203,211],"product_tag":[],"class_list":{"0":"post-27247","1":"product","2":"type-product","3":"status-publish","4":"has-post-thumbnail","6":"product_cat-corap","7":"product_cat-kadin","8":"product_cat-kadin-corap","9":"product_cat-kadin-patik-corap","11":"first","12":"instock","13":"purchasable","14":"product-type-simple"},"_links":{"self":[{"href":"https:\/\/bakistextile.com\/tr\/wp-json\/wp\/v2\/product\/27247","targetHints":{"allow":["GET"]}}],"collection":[{"href":"https:\/\/bakistextile.com\/tr\/wp-json\/wp\/v2\/product"}],"about":[{"href":"https:\/\/bakistextile.com\/tr\/wp-json\/wp\/v2\/types\/product"}],"wp:featuredmedia":[{"embeddable":true,"href":"https:\/\/bakistextile.com\/tr\/wp-json\/wp\/v2\/media\/46941"}],"wp:attachment":[{"href":"https:\/\/bakistextile.com\/tr\/wp-json\/wp\/v2\/media?parent=27247"}],"wp:term":[{"taxonomy":"product_brand","embeddable":true,"href":"https:\/\/bakistextile.com\/tr\/wp-json\/wp\/v2\/product_brand?post=27247"},{"taxonomy":"product_cat","embeddable":true,"href":"https:\/\/bakistextile.com\/tr\/wp-json\/wp\/v2\/product_cat?post=27247"},{"taxonomy":"product_tag","embeddable":true,"href":"https:\/\/bakistextile.com\/tr\/wp-json\/wp\/v2\/product_tag?post=27247"}],"curies":[{"name":"wp","href":"https:\/\/api.w.org\/{rel}","templated":true}]}}