{"id":27226,"date":"2025-12-15T23:45:26","date_gmt":"2025-12-15T20:45:26","guid":{"rendered":"https:\/\/bakistextile.com\/urun\/damen-leinen-sneaker-4er-pack-art-7022\/"},"modified":"2025-12-15T23:45:27","modified_gmt":"2025-12-15T20:45:27","slug":"damen-leinen-sneaker-4er-pack-art-7022","status":"publish","type":"product","link":"https:\/\/bakistextile.com\/tr\/urun\/damen-leinen-sneaker-4er-pack-art-7022\/","title":{"rendered":"Kad\u0131n Keten Patik \u00c7orap 4 l\u00fc Paket"},"content":{"rendered":"<span>Beden<\/span>35\/38 - 39\/42\n<span>Paket : <\/span>30 Paket x 4 l\u00fc = 120 Adet\n<span>Renk<\/span><div class=\"urun-renkleri\"><span class=\"renk-item\"><span class=\"renk-kutu\" style=\"background-color:#ccc;\"><\/span><span class=\"renk-label\">Do\u011fa<\/span><\/span><\/div>\n<span>\u00d6zellikler : <\/span>60% Pamuk 25%, Keten, 15% Polyamid\n<span>Koli \u0130\u00e7i : <\/span>20 Paket 35-38 - 20 Paket 39-42 \n","protected":false},"excerpt":{"rendered":"<p>ART-7022<\/p>\n","protected":false},"featured_media":46971,"template":"","meta":{"_joinchat":[]},"product_brand":[],"product_cat":[202,155,203,223],"product_tag":[],"class_list":{"0":"post-27226","1":"product","2":"type-product","3":"status-publish","4":"has-post-thumbnail","6":"product_cat-corap","7":"product_cat-kadin","8":"product_cat-kadin-corap","9":"product_cat-kadin-keten-corap","11":"first","12":"instock","13":"purchasable","14":"product-type-simple"},"_links":{"self":[{"href":"https:\/\/bakistextile.com\/tr\/wp-json\/wp\/v2\/product\/27226","targetHints":{"allow":["GET"]}}],"collection":[{"href":"https:\/\/bakistextile.com\/tr\/wp-json\/wp\/v2\/product"}],"about":[{"href":"https:\/\/bakistextile.com\/tr\/wp-json\/wp\/v2\/types\/product"}],"wp:featuredmedia":[{"embeddable":true,"href":"https:\/\/bakistextile.com\/tr\/wp-json\/wp\/v2\/media\/46971"}],"wp:attachment":[{"href":"https:\/\/bakistextile.com\/tr\/wp-json\/wp\/v2\/media?parent=27226"}],"wp:term":[{"taxonomy":"product_brand","embeddable":true,"href":"https:\/\/bakistextile.com\/tr\/wp-json\/wp\/v2\/product_brand?post=27226"},{"taxonomy":"product_cat","embeddable":true,"href":"https:\/\/bakistextile.com\/tr\/wp-json\/wp\/v2\/product_cat?post=27226"},{"taxonomy":"product_tag","embeddable":true,"href":"https:\/\/bakistextile.com\/tr\/wp-json\/wp\/v2\/product_tag?post=27226"}],"curies":[{"name":"wp","href":"https:\/\/api.w.org\/{rel}","templated":true}]}}