{"id":27218,"date":"2025-12-15T23:46:30","date_gmt":"2025-12-15T20:46:30","guid":{"rendered":"https:\/\/bakistextile.com\/urun\/damen-bambus-sneaker-3er-pack-art-7020\/"},"modified":"2025-12-15T23:46:31","modified_gmt":"2025-12-15T20:46:31","slug":"damen-baambus-sneaker-3er-pack-art-7020","status":"publish","type":"product","link":"https:\/\/bakistextile.com\/tr\/urun\/damen-baambus-sneaker-3er-pack-art-7020\/","title":{"rendered":"Kad\u0131n Bambu Patik \u00c7orap 3 l\u00fc Paket"},"content":{"rendered":"<span>Beden<\/span>35\/38 - 39\/42\n<span>Paket : <\/span>40 Paket x 3 l\u00fc = 120 Adet\n<span>Renk<\/span><div class=\"urun-renkleri\"><span class=\"renk-item\"><span class=\"renk-kutu\" style=\"background-color:#FFFFFF;\"><\/span><span class=\"renk-label\">Beyaz<\/span><\/span><\/div>\n<span>\u00d6zellikler : <\/span>80% Bambu Viskon, 15% Polyamid, 5% Elastan\n<span>Koli \u0130\u00e7i : <\/span>20 Paket 35-38 - 20 Paket 39-42 \n","protected":false},"excerpt":{"rendered":"<p>ART-7020<\/p>\n","protected":false},"featured_media":46975,"template":"","meta":{"_joinchat":[]},"product_brand":[],"product_cat":[202,155,212,203],"product_tag":[],"class_list":{"0":"post-27218","1":"product","2":"type-product","3":"status-publish","4":"has-post-thumbnail","6":"product_cat-corap","7":"product_cat-kadin","8":"product_cat-kadin-bambu-corap","9":"product_cat-kadin-corap","11":"first","12":"instock","13":"purchasable","14":"product-type-simple"},"_links":{"self":[{"href":"https:\/\/bakistextile.com\/tr\/wp-json\/wp\/v2\/product\/27218","targetHints":{"allow":["GET"]}}],"collection":[{"href":"https:\/\/bakistextile.com\/tr\/wp-json\/wp\/v2\/product"}],"about":[{"href":"https:\/\/bakistextile.com\/tr\/wp-json\/wp\/v2\/types\/product"}],"wp:featuredmedia":[{"embeddable":true,"href":"https:\/\/bakistextile.com\/tr\/wp-json\/wp\/v2\/media\/46975"}],"wp:attachment":[{"href":"https:\/\/bakistextile.com\/tr\/wp-json\/wp\/v2\/media?parent=27218"}],"wp:term":[{"taxonomy":"product_brand","embeddable":true,"href":"https:\/\/bakistextile.com\/tr\/wp-json\/wp\/v2\/product_brand?post=27218"},{"taxonomy":"product_cat","embeddable":true,"href":"https:\/\/bakistextile.com\/tr\/wp-json\/wp\/v2\/product_cat?post=27218"},{"taxonomy":"product_tag","embeddable":true,"href":"https:\/\/bakistextile.com\/tr\/wp-json\/wp\/v2\/product_tag?post=27218"}],"curies":[{"name":"wp","href":"https:\/\/api.w.org\/{rel}","templated":true}]}}