{"id":27011,"date":"2025-12-15T23:51:00","date_gmt":"2025-12-15T20:51:00","guid":{"rendered":"https:\/\/bakistextile.com\/urun\/unisex-dicker-alpaka-woll-socken-grobstrick-2er-pack-art-9000\/"},"modified":"2025-12-15T23:51:02","modified_gmt":"2025-12-15T20:51:02","slug":"alpaka-winter-socken-2er-pack-art-9000","status":"publish","type":"product","link":"https:\/\/bakistextile.com\/tr\/urun\/alpaka-winter-socken-2er-pack-art-9000\/","title":{"rendered":"Alpaka K\u0131\u015fl\u0131k \u00c7orap 2 li Paket"},"content":{"rendered":"<span>Beden<\/span>35-38 \/ 39-42 \/ 43-46\n<span>Paket : <\/span>60 Paket x 2 li = 120 Adet\n<span>Renk<\/span><div class=\"urun-renkleri\"><span class=\"renk-item\"><span class=\"renk-kutu\" style=\"background-color:#000000;\"><\/span><span class=\"renk-label\">Siyah<\/span><\/span><span class=\"renk-item\"><span class=\"renk-kutu\" style=\"background-color:#8B4513;\"><\/span><span class=\"renk-label\">Kahverengi<\/span><\/span><\/div>\n<span>\u00d6zellikler : <\/span>40% Alpaka Y\u00fcn\u00fc, 45% Y\u00fcn, 13% Polyamid, 2% Elastan\n<span>Koli \u0130\u00e7i : <\/span>\u00dcr\u00fcnlerimiz 1 Kolide Tek Bedendir.\n","protected":false},"excerpt":{"rendered":"<p>ART-9000<\/p>\n","protected":false},"featured_media":46995,"template":"","meta":{"_joinchat":[]},"product_brand":[],"product_cat":[202,92,200,218,155,203,219,224],"product_tag":[],"class_list":{"0":"post-27011","1":"product","2":"type-product","3":"status-publish","4":"has-post-thumbnail","6":"product_cat-corap","7":"product_cat-erkek","8":"product_cat-erkek-corap","9":"product_cat-erkek-kislik-corap","10":"product_cat-kadin","11":"product_cat-kadin-corap","12":"product_cat-kadin-kislik-corap","13":"product_cat-kislik-corap","15":"first","16":"instock","17":"purchasable","18":"product-type-simple"},"_links":{"self":[{"href":"https:\/\/bakistextile.com\/tr\/wp-json\/wp\/v2\/product\/27011","targetHints":{"allow":["GET"]}}],"collection":[{"href":"https:\/\/bakistextile.com\/tr\/wp-json\/wp\/v2\/product"}],"about":[{"href":"https:\/\/bakistextile.com\/tr\/wp-json\/wp\/v2\/types\/product"}],"wp:featuredmedia":[{"embeddable":true,"href":"https:\/\/bakistextile.com\/tr\/wp-json\/wp\/v2\/media\/46995"}],"wp:attachment":[{"href":"https:\/\/bakistextile.com\/tr\/wp-json\/wp\/v2\/media?parent=27011"}],"wp:term":[{"taxonomy":"product_brand","embeddable":true,"href":"https:\/\/bakistextile.com\/tr\/wp-json\/wp\/v2\/product_brand?post=27011"},{"taxonomy":"product_cat","embeddable":true,"href":"https:\/\/bakistextile.com\/tr\/wp-json\/wp\/v2\/product_cat?post=27011"},{"taxonomy":"product_tag","embeddable":true,"href":"https:\/\/bakistextile.com\/tr\/wp-json\/wp\/v2\/product_tag?post=27011"}],"curies":[{"name":"wp","href":"https:\/\/api.w.org\/{rel}","templated":true}]}}