{"id":26902,"date":"2025-12-15T23:13:13","date_gmt":"2025-12-15T20:13:13","guid":{"rendered":"https:\/\/bakistextile.com\/urun\/herren-ohne-naht-gesundheit-socken-extra-venen-freundlich-3er-pack-art-5059\/"},"modified":"2025-12-15T23:13:14","modified_gmt":"2025-12-15T20:13:14","slug":"herren-gesundheit-socken-4er-pack-art-5059","status":"publish","type":"product","link":"https:\/\/bakistextile.com\/tr\/urun\/herren-gesundheit-socken-4er-pack-art-5059\/","title":{"rendered":"Erkek Sa\u011fl\u0131k \u00c7orab\u0131 4 l\u00fc Paket"},"content":{"rendered":"<span>Beden<\/span>39\/42 - 43\/46\n<span>Paket : <\/span>40 Paket x 3 l\u00fc = 120 Adet\n<span>Renk<\/span><div class=\"urun-renkleri\"><span class=\"renk-item\"><span class=\"renk-kutu\" style=\"background-color:#ccc;\"><\/span><span class=\"renk-label\">Gri Tonlar<\/span><\/span><\/div>\n<span>\u00d6zellikler : <\/span>80% Pamuk 15% Poliamid 5% Elastan\n<span>Koli \u0130\u00e7i : <\/span>\u00dcr\u00fcnlerimiz 1 Kolide Tek Bedendir.\n","protected":false},"excerpt":{"rendered":"<p>ART-5059<\/p>\n","protected":false},"featured_media":46800,"template":"","meta":{"_joinchat":[]},"product_brand":[],"product_cat":[202,92,200,220],"product_tag":[],"class_list":{"0":"post-26902","1":"product","2":"type-product","3":"status-publish","4":"has-post-thumbnail","6":"product_cat-corap","7":"product_cat-erkek","8":"product_cat-erkek-corap","9":"product_cat-erkek-saglik-corabi","11":"first","12":"instock","13":"purchasable","14":"product-type-simple"},"_links":{"self":[{"href":"https:\/\/bakistextile.com\/tr\/wp-json\/wp\/v2\/product\/26902","targetHints":{"allow":["GET"]}}],"collection":[{"href":"https:\/\/bakistextile.com\/tr\/wp-json\/wp\/v2\/product"}],"about":[{"href":"https:\/\/bakistextile.com\/tr\/wp-json\/wp\/v2\/types\/product"}],"wp:featuredmedia":[{"embeddable":true,"href":"https:\/\/bakistextile.com\/tr\/wp-json\/wp\/v2\/media\/46800"}],"wp:attachment":[{"href":"https:\/\/bakistextile.com\/tr\/wp-json\/wp\/v2\/media?parent=26902"}],"wp:term":[{"taxonomy":"product_brand","embeddable":true,"href":"https:\/\/bakistextile.com\/tr\/wp-json\/wp\/v2\/product_brand?post=26902"},{"taxonomy":"product_cat","embeddable":true,"href":"https:\/\/bakistextile.com\/tr\/wp-json\/wp\/v2\/product_cat?post=26902"},{"taxonomy":"product_tag","embeddable":true,"href":"https:\/\/bakistextile.com\/tr\/wp-json\/wp\/v2\/product_tag?post=26902"}],"curies":[{"name":"wp","href":"https:\/\/api.w.org\/{rel}","templated":true}]}}