{"id":26656,"date":"2025-12-15T11:28:55","date_gmt":"2025-12-15T08:28:55","guid":{"rendered":"https:\/\/bakistextile.com\/urun\/damen-unterhemd-feinripp-mit-spitzeohne-seitennahte-supergekammt-bw-art-640\/"},"modified":"2025-12-15T11:28:57","modified_gmt":"2025-12-15T08:28:57","slug":"damen-unterhemd-art-640","status":"publish","type":"product","link":"https:\/\/bakistextile.com\/tr\/urun\/damen-unterhemd-art-640\/","title":{"rendered":"Kad\u0131n Atlet"},"content":{"rendered":"<span>Beden<\/span>36-38 \/ 40-42 \/ 44-46 \/ 48-50 \/ 52-54 \/ 56-58\n<span>Paket : <\/span>2 li Paket\n<span>Renk<\/span><div class=\"urun-renkleri\"><span class=\"renk-item\"><span class=\"renk-kutu\" style=\"background-color:#F2C6DD;\"><\/span><span class=\"renk-label\">Pembe<\/span><\/span><span class=\"renk-item\"><span class=\"renk-kutu\" style=\"background-color:#A0D6D7;\"><\/span><span class=\"renk-label\">Mint<\/span><\/span><span class=\"renk-item\"><span class=\"renk-kutu\" style=\"background-color:#F0C3AB;\"><\/span><span class=\"renk-label\">Ten Rengi<\/span><\/span><span class=\"renk-item\"><span class=\"renk-kutu\" style=\"background-color:#3CC4E4;\"><\/span><span class=\"renk-label\">Turkuaz<\/span><\/span><span class=\"renk-item\"><span class=\"renk-kutu\" style=\"background-color:#EC268F;\"><\/span><span class=\"renk-label\">Fu\u015fya<\/span><\/span><span class=\"renk-item\"><span class=\"renk-kutu\" style=\"background-color:#C0333D;\"><\/span><span class=\"renk-label\">\u015earap K\u0131rm\u0131z\u0131s\u0131<\/span><\/span><\/div>\n<span>\u00d6zellikler : <\/span>100% Pamuk\n<span>Koli \u0130\u00e7i : <\/span>50 Paket 2 li = 100 Adet<br \/>\n\u00dcr\u00fcnlerimiz 1 Kolide Tek Bedendir\n","protected":false},"excerpt":{"rendered":"<p>ART-640<\/p>\n","protected":false},"featured_media":46329,"template":"","meta":{"_joinchat":[]},"product_brand":[],"product_cat":[155,156],"product_tag":[],"class_list":{"0":"post-26656","1":"product","2":"type-product","3":"status-publish","4":"has-post-thumbnail","6":"product_cat-kadin","7":"product_cat-kadin-atlet","9":"first","10":"instock","11":"purchasable","12":"product-type-simple"},"_links":{"self":[{"href":"https:\/\/bakistextile.com\/tr\/wp-json\/wp\/v2\/product\/26656","targetHints":{"allow":["GET"]}}],"collection":[{"href":"https:\/\/bakistextile.com\/tr\/wp-json\/wp\/v2\/product"}],"about":[{"href":"https:\/\/bakistextile.com\/tr\/wp-json\/wp\/v2\/types\/product"}],"wp:featuredmedia":[{"embeddable":true,"href":"https:\/\/bakistextile.com\/tr\/wp-json\/wp\/v2\/media\/46329"}],"wp:attachment":[{"href":"https:\/\/bakistextile.com\/tr\/wp-json\/wp\/v2\/media?parent=26656"}],"wp:term":[{"taxonomy":"product_brand","embeddable":true,"href":"https:\/\/bakistextile.com\/tr\/wp-json\/wp\/v2\/product_brand?post=26656"},{"taxonomy":"product_cat","embeddable":true,"href":"https:\/\/bakistextile.com\/tr\/wp-json\/wp\/v2\/product_cat?post=26656"},{"taxonomy":"product_tag","embeddable":true,"href":"https:\/\/bakistextile.com\/tr\/wp-json\/wp\/v2\/product_tag?post=26656"}],"curies":[{"name":"wp","href":"https:\/\/api.w.org\/{rel}","templated":true}]}}