{"id":26568,"date":"2025-12-15T01:45:49","date_gmt":"2025-12-14T22:45:49","guid":{"rendered":"https:\/\/bakistextile.com\/urun\/herren-slip-farbteiler-jersey-stoff-art-570\/"},"modified":"2025-12-15T01:45:50","modified_gmt":"2025-12-14T22:45:50","slug":"herren-slip-art-570","status":"publish","type":"product","link":"https:\/\/bakistextile.com\/tr\/urun\/herren-slip-art-570\/","title":{"rendered":"Erkek Slip"},"content":{"rendered":"<span>Beden<\/span>5 - 6 - 7 - 8 - 9 - 10\n<span>Paket : <\/span>3 l\u00fc Paket\n<span>Renk : <\/span>4 Kar\u0131\u015f\u0131k Renkler\n<span>\u00d6zellikler : <\/span>100% Pamuk\n<span>Koli \u0130\u00e7i : <\/span>40 Paket 3 l\u00fc = 120 Adet<br \/>\n\u00dcr\u00fcnlerimiz 1 Kolide Tek Bedendir\n","protected":false},"excerpt":{"rendered":"<p>ART-570<\/p>\n","protected":false},"featured_media":45966,"template":"","meta":{"_joinchat":[]},"product_brand":[],"product_cat":[92,152],"product_tag":[],"class_list":{"0":"post-26568","1":"product","2":"type-product","3":"status-publish","4":"has-post-thumbnail","6":"product_cat-erkek","7":"product_cat-erkek-slip","9":"first","10":"instock","11":"purchasable","12":"product-type-simple"},"_links":{"self":[{"href":"https:\/\/bakistextile.com\/tr\/wp-json\/wp\/v2\/product\/26568","targetHints":{"allow":["GET"]}}],"collection":[{"href":"https:\/\/bakistextile.com\/tr\/wp-json\/wp\/v2\/product"}],"about":[{"href":"https:\/\/bakistextile.com\/tr\/wp-json\/wp\/v2\/types\/product"}],"wp:featuredmedia":[{"embeddable":true,"href":"https:\/\/bakistextile.com\/tr\/wp-json\/wp\/v2\/media\/45966"}],"wp:attachment":[{"href":"https:\/\/bakistextile.com\/tr\/wp-json\/wp\/v2\/media?parent=26568"}],"wp:term":[{"taxonomy":"product_brand","embeddable":true,"href":"https:\/\/bakistextile.com\/tr\/wp-json\/wp\/v2\/product_brand?post=26568"},{"taxonomy":"product_cat","embeddable":true,"href":"https:\/\/bakistextile.com\/tr\/wp-json\/wp\/v2\/product_cat?post=26568"},{"taxonomy":"product_tag","embeddable":true,"href":"https:\/\/bakistextile.com\/tr\/wp-json\/wp\/v2\/product_tag?post=26568"}],"curies":[{"name":"wp","href":"https:\/\/api.w.org\/{rel}","templated":true}]}}