{"id":26532,"date":"2025-12-15T01:58:30","date_gmt":"2025-12-14T22:58:30","guid":{"rendered":"https:\/\/bakistextile.com\/urun\/boxer-short-feinripp-mit-streifen-ohne-seitennahte-art-146\/"},"modified":"2025-12-15T01:58:32","modified_gmt":"2025-12-14T22:58:32","slug":"boxer-short-art-146","status":"publish","type":"product","link":"https:\/\/bakistextile.com\/tr\/urun\/boxer-short-art-146\/","title":{"rendered":"Boxer Short"},"content":{"rendered":"<span>Beden<\/span>5 - 6 - 7 - 8 - 9 - 10\n<span>Paket : <\/span>1 li, Ask\u0131l\u0131\n<span>Renk<\/span><div class=\"urun-renkleri\"><span class=\"renk-item\"><span class=\"renk-kutu\" style=\"background-color:#0000FF;\"><\/span><span class=\"renk-label\">Mavi \u00c7izgili<\/span><\/span><span class=\"renk-item\"><span class=\"renk-kutu\" style=\"background-color:#ED323B;\"><\/span><span class=\"renk-label\">K\u0131rm\u0131z\u0131 \u00c7izgili<\/span><\/span><span class=\"renk-item\"><span class=\"renk-kutu\" style=\"background-color:#1d4348;\"><\/span><span class=\"renk-label\">Ye\u015fil \u00c7izgili<\/span><\/span><span class=\"renk-item\"><span class=\"renk-kutu\" style=\"background-color:#FFF212;\"><\/span><span class=\"renk-label\">Sar\u0131 \u00c7izgili<\/span><\/span><span class=\"renk-item\"><span class=\"renk-kutu\" style=\"background-color:#FFFFFF;\"><\/span><span class=\"renk-label\">Beyaz \u00c7izgili<\/span><\/span><\/div>\n<span>\u00d6zellikler : <\/span>95 % Pamuk<br \/>\n5 % Elastan\n<span>Koli \u0130\u00e7i : <\/span>50 Paket 2 li = 100 Adet<br \/>\n\u00dcr\u00fcnlerimiz 1 Kolide Tek Bedendir\n","protected":false},"excerpt":{"rendered":"<p>ART-146<\/p>\n","protected":false},"featured_media":46004,"template":"","meta":{"_joinchat":[]},"product_brand":[],"product_cat":[92,150],"product_tag":[],"class_list":{"0":"post-26532","1":"product","2":"type-product","3":"status-publish","4":"has-post-thumbnail","6":"product_cat-erkek","7":"product_cat-erkek-boxer","9":"first","10":"instock","11":"purchasable","12":"product-type-simple"},"_links":{"self":[{"href":"https:\/\/bakistextile.com\/tr\/wp-json\/wp\/v2\/product\/26532","targetHints":{"allow":["GET"]}}],"collection":[{"href":"https:\/\/bakistextile.com\/tr\/wp-json\/wp\/v2\/product"}],"about":[{"href":"https:\/\/bakistextile.com\/tr\/wp-json\/wp\/v2\/types\/product"}],"wp:featuredmedia":[{"embeddable":true,"href":"https:\/\/bakistextile.com\/tr\/wp-json\/wp\/v2\/media\/46004"}],"wp:attachment":[{"href":"https:\/\/bakistextile.com\/tr\/wp-json\/wp\/v2\/media?parent=26532"}],"wp:term":[{"taxonomy":"product_brand","embeddable":true,"href":"https:\/\/bakistextile.com\/tr\/wp-json\/wp\/v2\/product_brand?post=26532"},{"taxonomy":"product_cat","embeddable":true,"href":"https:\/\/bakistextile.com\/tr\/wp-json\/wp\/v2\/product_cat?post=26532"},{"taxonomy":"product_tag","embeddable":true,"href":"https:\/\/bakistextile.com\/tr\/wp-json\/wp\/v2\/product_tag?post=26532"}],"curies":[{"name":"wp","href":"https:\/\/api.w.org\/{rel}","templated":true}]}}