{"id":9567,"date":"2024-06-04T20:24:00","date_gmt":"2024-06-04T17:24:00","guid":{"rendered":"https:\/\/bakistextile.com\/?page_id=9567"},"modified":"2025-11-02T15:31:16","modified_gmt":"2025-11-02T12:31:16","slug":"iletisim","status":"publish","type":"page","link":"https:\/\/bakistextile.com\/tr\/iletisim\/","title":{"rendered":"Bize Ula\u015f\u0131n"},"content":{"rendered":"<div class=\"wpb-content-wrapper\"><div data-vc-parallax=\"1.5\" data-vc-parallax-o-fade=\"on\" class=\"vc_row wpb_row vc_row-fluid wpb_animate_when_almost_visible wpb_bounceInRight bounceInRight vc_row-has-fill vc_general vc_parallax vc_parallax-content-moving-fade js-vc_parallax-o-fade wd-rs-64fdf990174c1\"><div class=\"wpb_column vc_column_container vc_col-sm-12\"><div class=\"vc_column-inner\"><div class=\"wpb_wrapper\">\t\t<div class=\"wd-page-title-el wd-wpb\">\n\t\t\t\t\t<\/div>\n\t\t<\/div><\/div><\/div><\/div><div class=\"vc_row wpb_row vc_row-fluid vc_custom_1694366194795 vc_row-o-equal-height vc_row-flex wd-rs-64fdf9e2a8d39\"><div class=\"wpb_column vc_column_container vc_col-sm-12 vc_col-lg-6 vc_col-md-6 vc_col-has-fill\"><div class=\"vc_column-inner vc_custom_1496932335926\"><div class=\"wpb_wrapper\">\n\t\t<div id=\"wd-64fdf70f10db4\" class=\"title-wrapper wd-wpb set-mb-s reset-last-child  wd-rs-64fdf70f10db4 wd-title-color-default wd-title-style-bordered text-left vc_custom_1694365469439 wd-underline-colored\">\n\t\t\t\n\t\t\t<div class=\"liner-continer\">\n\t\t\t\t<h4 class=\"woodmart-title-container title  wd-font-weight- wd-fontsize-l\" >B\u0130ZE E-POSTA G\u00d6NDER<\/h4>\n\t\t\t\t\t\t\t<\/div>\n\t\t\t\n\t\t\t\n\t\t\t\n\t\t<\/div>\n\t\t\n\t\t\n<div class=\"wpcf7 no-js\" id=\"wpcf7-f14-o1\" lang=\"tr-TR\" dir=\"ltr\" data-wpcf7-id=\"14\">\n<div class=\"screen-reader-response\"><p role=\"status\" aria-live=\"polite\" aria-atomic=\"true\"><\/p> <ul><\/ul><\/div>\n<form action=\"\/tr\/wp-json\/wp\/v2\/pages\/9567#wpcf7-f14-o1\" method=\"post\" class=\"wpcf7-form init\" aria-label=\"\u0130leti\u015fim Formu\" novalidate=\"novalidate\" data-status=\"init\">\n<fieldset class=\"hidden-fields-container\"><input type=\"hidden\" name=\"_wpcf7\" value=\"14\" \/><input type=\"hidden\" name=\"_wpcf7_version\" value=\"6.1.5\" \/><input type=\"hidden\" name=\"_wpcf7_locale\" value=\"tr_TR\" \/><input type=\"hidden\" name=\"_wpcf7_unit_tag\" value=\"wpcf7-f14-o1\" \/><input type=\"hidden\" name=\"_wpcf7_container_post\" value=\"0\" \/><input type=\"hidden\" name=\"_wpcf7_posted_data_hash\" value=\"\" \/>\n<\/fieldset>\n<p><label> Ad\u0131n\u0131z<br \/>\n<span class=\"wpcf7-form-control-wrap\" data-name=\"your-name\"><input size=\"40\" maxlength=\"400\" class=\"wpcf7-form-control wpcf7-text wpcf7-validates-as-required\" autocomplete=\"name\" aria-required=\"true\" aria-invalid=\"false\" value=\"\" type=\"text\" name=\"your-name\" \/><\/span> <\/label>\n<\/p>\n<p><label> E-posta adresiniz<br \/>\n<span class=\"wpcf7-form-control-wrap\" data-name=\"your-email\"><input size=\"40\" maxlength=\"400\" class=\"wpcf7-form-control wpcf7-email wpcf7-validates-as-required wpcf7-text wpcf7-validates-as-email\" autocomplete=\"email\" aria-required=\"true\" aria-invalid=\"false\" value=\"\" type=\"email\" name=\"your-email\" \/><\/span> <\/label>\n<\/p>\n<p><label> Konu<br \/>\n<span class=\"wpcf7-form-control-wrap\" data-name=\"your-subject\"><input size=\"40\" maxlength=\"400\" class=\"wpcf7-form-control wpcf7-text wpcf7-validates-as-required\" aria-required=\"true\" aria-invalid=\"false\" value=\"\" type=\"text\" name=\"your-subject\" \/><\/span> <\/label>\n<\/p>\n<p><label> \u0130letiniz (tercihe ba\u011fl\u0131)<br \/>\n<span class=\"wpcf7-form-control-wrap\" data-name=\"your-message\"><textarea cols=\"40\" rows=\"10\" maxlength=\"2000\" class=\"wpcf7-form-control wpcf7-textarea\" aria-invalid=\"false\" name=\"your-message\"><\/textarea><\/span> <\/label>\n<\/p>\n<p><span id=\"wpcf7-69de1c99d120c-wrapper\" class=\"wpcf7-form-control-wrap e-mail-745-wrap\" style=\"display:none !important; visibility:hidden !important;\"><label for=\"wpcf7-69de1c99d120c-field\" class=\"hp-message\">Please leave this field empty.<\/label><input id=\"wpcf7-69de1c99d120c-field\"  class=\"wpcf7-form-control wpcf7-text\" type=\"text\" name=\"e-mail-745\" value=\"\" size=\"40\" tabindex=\"-1\" autocomplete=\"new-password\" \/><\/span><br \/>\n<input class=\"wpcf7-form-control wpcf7-submit has-spinner\" type=\"submit\" value=\"G\u00f6nder\" \/>\n<\/p><div class=\"wpcf7-response-output\" aria-hidden=\"true\"><\/div>\n<\/form>\n<\/div>\n<\/div><\/div><\/div><div class=\"wpb_column vc_column_container vc_col-sm-12 vc_col-lg-6 vc_col-md-6\"><div class=\"vc_column-inner vc_custom_1496932331302\"><div class=\"wpb_wrapper\">\n\t\t<div id=\"wd-64fdf885e7f2e\" class=\"title-wrapper wd-wpb set-mb-s reset-last-child  wd-rs-64fdf885e7f2e wd-title-color-default wd-title-style-bordered text-left vc_custom_1694365848309 wd-underline-colored\">\n\t\t\t\n\t\t\t<div class=\"liner-continer\">\n\t\t\t\t<h4 class=\"woodmart-title-container title  wd-font-weight- wd-fontsize-l\" >B\u0130ZE ULA\u015eIN<\/h4>\n\t\t\t\t\t\t\t<\/div>\n\t\t\t\n\t\t\t\n\t\t\t\n\t\t<\/div>\n\t\t\n\t\t\t\t\t<div class=\"info-box-wrapper\">\n\t\t\t\t<div id=\"wd-68fd5b553fe55\" class=\" wd-rs-68fd5b553fe55 wd-info-box wd-wpb text-left box-icon-align-left box-style- color-scheme- wd-bg-none wd-items-top vc_custom_1761434491642\"  >\n\t\t\t\t\t\t\t\t\t\t\t<div class=\"box-icon-wrapper  box-with-icon box-icon-simple\">\n\t\t\t\t\t\t\t<div class=\"info-box-icon\">\n\n\t\t\t\t\t\t\t\n\t\t\t\t\t\t\t\t\t\t\t\t\t\t\t\t\t<div class=\"info-svg-wrapper info-icon\" style=\"width: 40px;height: 40px;\"><svg xmlns=\"http:\/\/www.w3.org\/2000\/svg\" xmlns:xlink=\"http:\/\/www.w3.org\/1999\/xlink\" version=\"1.1\" id=\"svg-2981\" x=\"0px\" y=\"0px\" width=\"512px\" height=\"512px\" viewBox=\"0 0 792 792\" style=\"enable-background:new 0 0 792 792;\" xml:space=\"preserve\"> <g> <g id=\"_x39__14_\"> <g> <path d=\"M581.625,0h-371.25c-54.673,0-99,44.327-99,99v594c0,54.673,44.327,99,99,99h371.25c54.673,0,99-44.327,99-99V99 C680.625,44.327,636.298,0,581.625,0z M631.125,693c0,27.349-22.151,49.5-49.5,49.5h-371.25c-27.349,0-49.5-22.151-49.5-49.5 v-74.25h470.25V693z M631.125,569.25h-470.25v-396h470.25V569.25z M631.125,123.75h-470.25V99c0-27.349,22.151-49.5,49.5-49.5 h371.25c27.349,0,49.5,22.176,49.5,49.5V123.75z M396,717.75c20.493,0,37.125-16.632,37.125-37.125S416.493,643.5,396,643.5 s-37.125,16.632-37.125,37.125S375.507,717.75,396,717.75z\" fill=\"#d1d1d1\"><\/path> <\/g> <\/g> <\/g> <g> <\/g> <g> <\/g> <g> <\/g> <g> <\/g> <g> <\/g> <g> <\/g> <g> <\/g> <g> <\/g> <g> <\/g> <g> <\/g> <g> <\/g> <g> <\/g> <g> <\/g> <g> <\/g> <g> <\/g> <\/svg> <\/div>\t\t\t\t\t\t\t\t\t\t\t\t\t\t\t\n\t\t\t\t\t\t\t<\/div>\n\t\t\t\t\t\t<\/div>\n\t\t\t\t\t\t\t\t\t\t<div class=\"info-box-content\">\n\t\t\t\t\t\t\t\t\t\t\t\t<div class=\"info-box-inner set-cont-mb-s reset-last-child\"><p>+491749334846<br \/>\n+491723676768<br \/>\nUID-Nr-DI-156\/427\/650<br \/>\nFA St.-Nr. 162\/203\/19265<br \/>\n<a href=\"mailto:alibakis@hotmail.de\">alibakis@hotmail.de <\/a><\/p>\n<\/div>\n\n\t\t\t\t\t\t\t\t\t\t\t<\/div>\n\n\t\t\t\t\t\t\t\t\t<\/div>\n\t\t\t<\/div>\n\t\t\t\t\t<div class=\"info-box-wrapper\">\n\t\t\t\t<div id=\"wd-69074f0356184\" class=\" wd-rs-69074f0356184 wd-info-box wd-wpb text-left box-icon-align-left box-style- color-scheme- wd-bg-none wd-items-top vc_custom_1762086705801\"  >\n\t\t\t\t\t\t\t\t\t\t\t<div class=\"box-icon-wrapper  box-with-icon box-icon-simple\">\n\t\t\t\t\t\t\t<div class=\"info-box-icon\">\n\n\t\t\t\t\t\t\t\n\t\t\t\t\t\t\t\t\t\t\t\t\t\t\t\t\t<div class=\"info-svg-wrapper info-icon\" style=\"width: 40px;height: 40px;\"><svg xmlns=\"http:\/\/www.w3.org\/2000\/svg\" xmlns:xlink=\"http:\/\/www.w3.org\/1999\/xlink\" version=\"1.1\" id=\"svg-1799\" x=\"0px\" y=\"0px\" width=\"512px\" height=\"512px\" viewBox=\"0 0 612.01 612.01\" style=\"enable-background:new 0 0 612.01 612.01;\" xml:space=\"preserve\"> <g> <g id=\"_x35__17_\"> <g> <path d=\"M596.905,15.396c-23.856-23.914-65.753-18.308-89.724,5.72L385.202,142.828l-226.3-84.578 c-21.656-5.605-43.485-12.837-70.383,14.1c-13.698,13.736-42.222,42.318,0,84.616L243.69,284.015L142.736,384.758l-94.201-23.531 c-13.984-3.616-23.378-0.784-30.552,7.116c-3.616,4.516-29.844,23.972-11.574,42.28l109.544,85.209l85.19,109.544 c13.239,13.258,25.54,4.993,42.356-10.981c10.656-10.675,8.36-16.165,5.146-31.738l-21.293-93.531l100.266-100.609 l126.838,155.171c42.223,42.299,70.747,13.717,84.444,0c26.898-26.955,19.667-48.822,14.08-70.517L469.13,226.526 l121.501-121.922C614.621,80.557,620.762,39.292,596.905,15.396z M571.021,79.352L428.457,222.432l86.204,237.128 c4.247,13.583,1.607,30.399-3.883,35.89c-15.592,15.63-26.727,8.207-32.618,1.646L340.321,310.875l-152.57,153.124 l27.453,101.968c-10.828-10.866-74.133-95.636-75.663-97.166c-1.014-1.014-84.253-63.074-93.245-72.085l97.798,26.381 l155.477-152.665L114.671,133.626c-5.299-4.744-12.263-18.748,2.009-33.058c5.472-5.491,22.116-7.155,35.679-2.908 l236.095,85.554L532.951,41.319c10.082-10.102,29.863-9.068,38.701-0.21C580.511,49.966,581.104,69.25,571.021,79.352z\" fill=\"#d1d1d1\"><\/path> <\/g> <\/g> <\/g> <g> <\/g> <g> <\/g> <g> <\/g> <g> <\/g> <g> <\/g> <g> <\/g> <g> <\/g> <g> <\/g> <g> <\/g> <g> <\/g> <g> <\/g> <g> <\/g> <g> <\/g> <g> <\/g> <g> <\/g> <\/svg> <\/div>\t\t\t\t\t\t\t\t\t\t\t\t\t\t\t\n\t\t\t\t\t\t\t<\/div>\n\t\t\t\t\t\t<\/div>\n\t\t\t\t\t\t\t\t\t\t<div class=\"info-box-content\">\n\t\t\t\t\t\t\t\t\t\t\t\t<div class=\"info-box-inner set-cont-mb-s reset-last-child\"><p><span style=\"color: #333333;\">Destek Saatleri<\/span><br \/>\n<span style=\"color: #333333;\">09:00 &#8211; 18:00<\/span><\/p>\n<\/div>\n\n\t\t\t\t\t\t\t\t\t\t\t<\/div>\n\n\t\t\t\t\t\t\t\t\t<\/div>\n\t\t\t<\/div>\n\t\t\t\t\t<div class=\"info-box-wrapper\">\n\t\t\t\t<div id=\"wd-66eabc212dd92\" class=\" wd-rs-66eabc212dd92 wd-info-box wd-wpb text-left box-icon-align-left box-style- color-scheme- wd-bg-none wd-items-top vc_custom_1726659623449\"  >\n\t\t\t\t\t\t\t\t\t\t\t<div class=\"box-icon-wrapper  box-with-icon box-icon-simple\">\n\t\t\t\t\t\t\t<div class=\"info-box-icon\">\n\n\t\t\t\t\t\t\t\n\t\t\t\t\t\t\t\t\t\t\t\t\t\t\t\t\t<div class=\"info-svg-wrapper info-icon\" style=\"width: 40px;height: 40px;\"><svg xmlns=\"http:\/\/www.w3.org\/2000\/svg\" xmlns:xlink=\"http:\/\/www.w3.org\/1999\/xlink\" version=\"1.1\" id=\"svg-1131\" x=\"0px\" y=\"0px\" width=\"512px\" height=\"512px\" viewBox=\"0 0 792 792\" style=\"enable-background:new 0 0 792 792;\" xml:space=\"preserve\"> <g> <g id=\"_x31__15_\"> <g> <path d=\"M396,173.25c-68.335,0-123.75,55.415-123.75,123.75S327.665,420.75,396,420.75S519.75,365.335,519.75,297 S464.335,173.25,396,173.25z M396,371.25c-41.011,0-74.25-33.239-74.25-74.25s33.239-74.25,74.25-74.25s74.25,33.239,74.25,74.25 S437.011,371.25,396,371.25z M396,0C231.982,0,99,132.982,99,297c0,124.171,247.624,495.248,297,495 c48.609,0.247,297-372.487,297-495C693,132.982,560.019,0,396,0z M396,717.75C354.841,717.973,148.5,400.479,148.5,297 c0-136.694,110.806-247.5,247.5-247.5S643.5,160.306,643.5,297C643.5,399.094,436.516,717.973,396,717.75z\" fill=\"#d1d1d1\"><\/path> <\/g> <\/g> <\/g> <g> <\/g> <g> <\/g> <g> <\/g> <g> <\/g> <g> <\/g> <g> <\/g> <g> <\/g> <g> <\/g> <g> <\/g> <g> <\/g> <g> <\/g> <g> <\/g> <g> <\/g> <g> <\/g> <g> <\/g> <\/svg> <\/div>\t\t\t\t\t\t\t\t\t\t\t\t\t\t\t\n\t\t\t\t\t\t\t<\/div>\n\t\t\t\t\t\t<\/div>\n\t\t\t\t\t\t\t\t\t\t<div class=\"info-box-content\">\n\t\t\t\t\t\t\t\t\t\t\t\t<div class=\"info-box-inner set-cont-mb-s reset-last-child\"><p>Haupt str. 42<br \/>\n07751 Rothenstein Th\u00fcringen &#8211; Almanya<\/p>\n<\/div>\n\n\t\t\t\t\t\t\t\t\t\t\t<\/div>\n\n\t\t\t\t\t\t\t\t\t<\/div>\n\t\t\t<\/div>\n\t\t\t\t\t<div class=\"info-box-wrapper\">\n\t\t\t\t<div id=\"wd-665f506e0531e\" class=\" wd-rs-665f506e0531e wd-info-box wd-wpb text-left box-icon-align-left box-style- color-scheme- wd-bg-none wd-items-top vc_custom_1717522560020\"  >\n\t\t\t\t\t\t\t\t\t\t\t<div class=\"box-icon-wrapper  box-with-icon box-icon-simple\">\n\t\t\t\t\t\t\t<div class=\"info-box-icon\">\n\n\t\t\t\t\t\t\t\n\t\t\t\t\t\t\t\t\t\t\t\t\t\t\t\t\t<div class=\"info-svg-wrapper info-icon\" style=\"width: 40px;height: 40px;\"><svg xmlns=\"http:\/\/www.w3.org\/2000\/svg\" xmlns:xlink=\"http:\/\/www.w3.org\/1999\/xlink\" xmlns:xodm=\"http:\/\/www.corel.com\/coreldraw\/odm\/2003\" xml:space=\"preserve\" width=\"210mm\" height=\"210mm\" version=\"1.1\" style=\"shape-rendering:geometricPrecision; text-rendering:geometricPrecision; image-rendering:optimizeQuality; fill-rule:evenodd; clip-rule:evenodd\" viewBox=\"0 0 21000 21000\"> <defs> <style type=\"text\/css\"> .fil0 {fill:#D1D1D1;fill-rule:nonzero} <\/style> <\/defs> <g id=\"svg-8203\"> <metadata id=\"CorelCorpID_0Corel-Layer\"><\/metadata> <path class=\"fil0\" d=\"M18984.2 3571.77l-16968.35 0c-1157.55,0 -2099.18,941.59 -2099.18,2099.18l0 9658.11c0,1157.55 941.63,2099.18 2099.18,2099.18l16968.3 -0.01c1157.55,0 2099.14,-941.63 2099.14,-2099.18l0 -9658.1c0.04,-1157.59 -941.55,-2099.18 -2099.09,-2099.18zm699.72 2099.18l0 9658.11c0,110.4 -31.1,211.2 -76.9,304.1l-4946.94 -4947.33 5022.43 -5022.43c0,2.79 1.41,4.8 1.41,7.55zm-18367.8 9658.06l0 -9658.06c0,-2.75 1.42,-4.72 1.42,-7.51l5022.43 5022.43 -4947.29 4947.24c-45.46,-92.9 -76.56,-193.66 -76.56,-304.1zm9399.86 -2677.87c-115.46,115.42 -316.45,115.42 -431.91,0l-7679.54 -7679.92 15791.33 0 -7679.88 7679.92zm-3386.56 -975.77l1965.19 1965.23c322.2,322.16 750.3,499.47 1205.41,499.47 455.08,0 883.22,-177.31 1205.41,-499.47l1965.27 -1965.23 4353.03 4353.41 -15047.76 0 4353.45 -4353.41z\"><\/path> <\/g> <\/svg> <\/div>\t\t\t\t\t\t\t\t\t\t\t\t\t\t\t\n\t\t\t\t\t\t\t<\/div>\n\t\t\t\t\t\t<\/div>\n\t\t\t\t\t\t\t\t\t\t<div class=\"info-box-content\">\n\t\t\t\t\t\t\t\t\t\t\t\t<div class=\"info-box-inner set-cont-mb-s reset-last-child\"><p>Yard\u0131ma m\u0131 ihtiyac\u0131n\u0131z var?<br \/>\n<span style=\"color: #83b735;\"><a href=\"mailto:alibakis@hotmail.de\">Bize yaz\u0131n en k\u0131sa s\u00fcrede size yard\u0131mc\u0131 olaca\u011f\u0131z.<\/a><\/span><\/p>\n<\/div>\n\n\t\t\t\t\t\t\t\t\t\t\t<\/div>\n\n\t\t\t\t\t\t\t\t\t<\/div>\n\t\t\t<\/div>\n\t\t\t\t\t<div class=\"info-box-wrapper\">\n\t\t\t\t<div id=\"wd-66eaca23c6a4e\" class=\" wd-rs-66eaca23c6a4e wd-info-box wd-wpb text-left box-icon-align-left box-style- color-scheme- wd-bg-none wd-items-top vc_custom_1726663596026\"  >\n\t\t\t\t\t\t\t\t\t\t\t<div class=\"box-icon-wrapper  box-with-icon box-icon-simple\">\n\t\t\t\t\t\t\t<div class=\"info-box-icon\">\n\n\t\t\t\t\t\t\t\n\t\t\t\t\t\t\t\t\t\t\t\t\t\t\t\t\t<div class=\"info-svg-wrapper info-icon\" style=\"width: 40px;height: 40px;\"><svg xmlns=\"http:\/\/www.w3.org\/2000\/svg\" xmlns:xlink=\"http:\/\/www.w3.org\/1999\/xlink\" xmlns:xodm=\"http:\/\/www.corel.com\/coreldraw\/odm\/2003\" xml:space=\"preserve\" width=\"2480px\" height=\"2480px\" version=\"1.1\" style=\"shape-rendering:geometricPrecision; text-rendering:geometricPrecision; image-rendering:optimizeQuality; fill-rule:evenodd; clip-rule:evenodd\" viewBox=\"0 0 2480 2480\"> <defs> <style type=\"text\/css\"> .str0 {stroke:#D2D2D2;stroke-width:41.66;stroke-miterlimit:22.9256} .fil0 {fill:#D1D1D1} <\/style> <\/defs> <g id=\"svg-1148\"> <metadata id=\"CorelCorpID_0Corel-Layer\"><\/metadata> <path class=\"fil0 str0\" d=\"M1947.6 1818.91c0,-139.59 174.59,-162.34 174.59,11.69 0,41.19 -38.61,87.76 -72.74,87.76l-29.11 0c-37.14,0 -72.74,-52.25 -72.74,-99.45l0 0zm-1226.99 0c0,-146.55 174.59,-149.63 174.59,0 0,49.11 -35.45,99.45 -72.74,99.45l-29.1 0c-37.15,0 -72.75,-52.25 -72.75,-99.45zm1125.14 -81.9l-38.8 0 0 -906.77 247.34 0c13.82,0 49.07,59.09 59.63,74.33l137.98 184.58c14.53,17.24 112.79,145.9 112.79,162.3l0 485.56c-136.4,0 -128.85,14.12 -144.51,-24.59 -54.91,-135.81 -190.14,-189.79 -303.74,-94.89 -25.95,21.66 -67.6,74.88 -70.69,119.48zm-1425.83 -1175.87l1270.64 0 0 1175.87 -678.96 0c-22.79,0 -3.41,-23.4 -58.67,-93.03l-4.83 -5.89c-91.78,-107.02 -238.34,-84.19 -307.21,37.85 -43.41,76.91 25.34,61.07 -220.96,61.07l0 -93.61c67.89,0 126.09,15.17 126.09,-76.04 0,-72.55 -85.23,-64.36 -126.09,-64.36l0 -216.45 349.18 0c15.25,0 32.02,-5.61 41.87,-13.84 34.8,-29.1 34.19,-126.56 -41.87,-126.56l-349.18 0 0 -216.46c70.79,0 126.09,6.27 126.09,-81.9 0,-75.54 -86.4,-58.49 -126.09,-58.49l0 -228.16 -0.01 0zm-417.07 286.65c0,58.37 20.93,81.9 87.29,81.9l218.24 0 0 216.46c-71.52,0 -169.74,-20.06 -169.74,70.19 0,90.96 102.27,70.21 169.74,70.21l0 216.46 -227.94 0c-110.36,0 -90.46,140.39 -24.25,140.39l252.19 0c0,82.92 -10.75,146.47 32.61,194.66 56.77,63.09 177.57,39.35 272.93,39.35 2.84,41.15 37.02,100.02 62.2,123.88 99,93.75 231,71.69 302.33,-52.71 13.64,-23.78 18.21,-45.78 28.29,-71.17l630.47 0c29,0.01 82.2,-6.53 99.62,-3.61 32.91,5.52 68.82,3.61 104.08,3.61 2.73,39.71 41.75,103.8 62.87,123.05 162.08,147.83 317.74,-16.28 325.1,-123.05 46.28,0 121.68,5.48 164.45,-0.53 41.44,-5.83 82.9,-47.76 82.9,-104.77l0 -567.46c0,-40.11 -65.47,-104.39 -90.11,-142.87l-73.66 -98.33c-11.97,-14.52 -13.69,-20.83 -24.2,-35.17l-99.44 -131.6c-112.14,-133.38 -8.73,-106.83 -381.87,-106.83l0 -146.27c0,-62.72 -54.09,-122.85 -106.68,-122.85l-1280.35 0c-145.22,0 -112.2,208.08 -111.12,328.13 0.56,61.35 -22.51,40.44 -160.47,40.44 -50.41,0 -145.49,-20.01 -145.49,58.49l0.01 0z\"><\/path> <path class=\"fil0 str0\" d=\"M2002.9 1140.82l51.79 0c3.75,18.2 79.19,113.85 79.19,126.29l0 71.05 -130.98 0 0 -197.34zm-70.05 -39.47l0 276.27c0,39.3 18.21,55.26 48.73,55.26l173.63 0c65.74,0 51.78,-77.6 51.78,-181.55 0,-37.86 -41.12,-81.81 -63.07,-115.62 -12.39,-19.09 -21.92,-35.28 -35.2,-53.06 -35.45,-47.46 -25.6,-36.55 -121.04,-36.55 -32.06,0 -54.83,26.19 -54.83,55.25l0 0z\"><\/path> <\/g> <\/svg> <\/div>\t\t\t\t\t\t\t\t\t\t\t\t\t\t\t\n\t\t\t\t\t\t\t<\/div>\n\t\t\t\t\t\t<\/div>\n\t\t\t\t\t\t\t\t\t\t<div class=\"info-box-content\">\n\t\t\t\t\t\t\t\t\t\t\t\t<div class=\"info-box-inner set-cont-mb-s reset-last-child\"><p>Servis G\u00fcnlerimiz :<\/p>\n<table>\n<tbody>\n<tr>\n<td>Pazartesi<\/td>\n<td>:<\/td>\n<td>Chemnitz ve Erfurt<\/td>\n<\/tr>\n<tr>\n<td>Sal\u0131<\/td>\n<td>:<\/td>\n<td>&#8212;&#8211;<\/td>\n<\/tr>\n<tr>\n<td>\u00c7ar\u015famba<\/td>\n<td>:<\/td>\n<td>Berlin<\/td>\n<\/tr>\n<tr>\n<td>Per\u015fembe<\/td>\n<td>:<\/td>\n<td>Neuss (D\u00fcsseldorf)<\/td>\n<\/tr>\n<tr>\n<td>Cuma<\/td>\n<td>:<\/td>\n<td>Leipzig ve Magdeburg<\/td>\n<\/tr>\n<\/tbody>\n<\/table>\n<p>\n<\/div>\n\n\t\t\t\t\t\t\t\t\t\t\t<\/div>\n\n\t\t\t\t\t\t\t\t\t<\/div>\n\t\t\t<\/div>\n\t\t<div  class=\"vc_wp_custommenu wpb_content_element\"><\/div><\/div><\/div><\/div><\/div><div class=\"vc_row wpb_row vc_row-fluid\"><div class=\"wpb_column vc_column_container vc_col-sm-12\"><div class=\"vc_column-inner\"><div class=\"wpb_wrapper\">\n\t<div class=\"wpb_raw_code wpb_raw_html wpb_content_element\" >\n\t\t<div class=\"wpb_wrapper\">\n\t\t\t<iframe src=\"https:\/\/www.google.com\/maps\/embed?pb=!1m14!1m8!1m3!1d2518.742919581235!2d11.6018633!3d50.8544447!3m2!1i1024!2i768!4f13.1!3m3!1m2!1s0x47a6af534c2ffb6b%3A0xbfb2859e880ffd1e!2sThe%20Bakis%20-%20Bakis%20Textile%20Underwear!5e0!3m2!1str!2str!4v1726665845842!5m2!1str!2str\" width=\"100%\" height=\"450\" style=\"border:0;\" allowfullscreen=\"\" loading=\"lazy\" referrerpolicy=\"no-referrer-when-downgrade\"><\/iframe>\n\n\n\n\t\t<\/div>\n\t<\/div>\n<\/div><\/div><\/div><\/div>\n<\/div>","protected":false},"excerpt":{"rendered":"B\u0130ZE E-POSTA G\u00d6NDER Ad\u0131n\u0131z E-posta adresiniz Konu \u0130letiniz (tercihe ba\u011fl\u0131) Please leave this field empty. B\u0130ZE ULA\u015eIN +491749334846 +491723676768 UID-Nr-DI-156\/427\/650","protected":false},"author":1,"featured_media":0,"parent":0,"menu_order":0,"comment_status":"closed","ping_status":"closed","template":"","meta":{"_joinchat":[],"footnotes":""},"class_list":["post-9567","page","type-page","status-publish","hentry"],"_links":{"self":[{"href":"https:\/\/bakistextile.com\/tr\/wp-json\/wp\/v2\/pages\/9567","targetHints":{"allow":["GET"]}}],"collection":[{"href":"https:\/\/bakistextile.com\/tr\/wp-json\/wp\/v2\/pages"}],"about":[{"href":"https:\/\/bakistextile.com\/tr\/wp-json\/wp\/v2\/types\/page"}],"author":[{"embeddable":true,"href":"https:\/\/bakistextile.com\/tr\/wp-json\/wp\/v2\/users\/1"}],"replies":[{"embeddable":true,"href":"https:\/\/bakistextile.com\/tr\/wp-json\/wp\/v2\/comments?post=9567"}],"version-history":[{"count":25,"href":"https:\/\/bakistextile.com\/tr\/wp-json\/wp\/v2\/pages\/9567\/revisions"}],"predecessor-version":[{"id":37503,"href":"https:\/\/bakistextile.com\/tr\/wp-json\/wp\/v2\/pages\/9567\/revisions\/37503"}],"wp:attachment":[{"href":"https:\/\/bakistextile.com\/tr\/wp-json\/wp\/v2\/media?parent=9567"}],"curies":[{"name":"wp","href":"https:\/\/api.w.org\/{rel}","templated":true}]}}