{"id":39383,"date":"2025-11-06T16:28:46","date_gmt":"2025-11-06T13:28:46","guid":{"rendered":"https:\/\/bakistextile.com\/?page_id=39383"},"modified":"2025-12-18T19:26:49","modified_gmt":"2025-12-18T16:26:49","slug":"markaniz-icin-uretiyoruz","status":"publish","type":"page","link":"https:\/\/bakistextile.com\/tr\/markaniz-icin-uretiyoruz\/","title":{"rendered":"Markan\u0131z \u0130\u00e7in \u00dcretiyoruz"},"content":{"rendered":"<div class=\"wpb-content-wrapper\"><div class=\"vc_row wpb_row vc_row-fluid\"><div class=\"wpb_column vc_column_container vc_col-sm-12\"><div class=\"vc_column-inner\"><div class=\"wpb_wrapper\">\n\t<div class=\"wpb_text_column wpb_content_element\" >\n\t\t<div class=\"wpb_wrapper\">\n\t\t\t<\/p>\n<p>Bak\u0131\u015f Tekstil, i\u00e7 \u00e7ama\u015f\u0131r \u00fcretiminde uzmanla\u015fm\u0131\u015f bir firmad\u0131r. Kendi koleksiyon ve \u00fcr\u00fcn yelpazemizin yan\u0131 s\u0131ra, m\u00fc\u015fterilerimizin talepleri do\u011frultusunda diledikleri modeli kendi markalar\u0131yla \u00fcretme imk\u00e2n\u0131 sunmaktay\u0131z.<\/p>\n<p>Tasar\u0131m, kal\u0131p haz\u0131rl\u0131\u011f\u0131, numune s\u00fcreci ve seri \u00fcretim dahil olmak \u00fczere \u00fcretimin t\u00fcm a\u015famalar\u0131 firmam\u0131z taraf\u0131ndan titizlikle y\u00fcr\u00fct\u00fclmektedir.<\/p>\n<p><strong>MARKALARA \u00d6ZEL \u00dcRET\u0130M:<\/strong><br \/>\nFirmam\u0131z, markalara \u00f6zel \u00fcretim \u00e7\u00f6z\u00fcmleri sunar. Kalite standartlar\u0131ndan \u00f6d\u00fcn vermeden, h\u0131zl\u0131, g\u00fcvenilir ve esnek bir hizmet anlay\u0131\u015f\u0131 ile \u00e7al\u0131\u015fmaktay\u0131z.<\/p>\n<p><strong>M\u0130SYONUMUZ:<\/strong><br \/>\nM\u00fc\u015fterilerimizin marka de\u011ferine katk\u0131 sa\u011flayan kesim, dikim, kalite kontrol ve paketleme s\u00fcre\u00e7lerini tek \u00e7at\u0131 alt\u0131nda y\u00fcr\u00fctmek.<\/p>\n<p><strong>M\u0130N\u0130MUM ADET POL\u0130T\u0130KASI:<\/strong><br \/>\nModel ve detaylara g\u00f6re minimum \u00fcretim adetleri belirlenmektedir.<\/p>\n<p><strong>\u0130HRACAT:<\/strong><br \/>\nAlmanya ba\u015fta olmak \u00fczere, Avrupa\u2019daki \u00e7e\u015fitli markalara \u00fcretim yapmaktay\u0131z. Etiketleme ve markalama s\u00fcre\u00e7lerine uygun \u00fcretim sa\u011flamaktay\u0131z.<\/p>\n<p><strong>NEDEN B\u0130Z?:<\/strong><\/p>\n<p>Markalara \u00f6zel \u00fcretim<\/p>\n<p>Esnek model geli\u015ftirme ve h\u0131zl\u0131 numune s\u00fcreci<\/p>\n<p>D\u00fczenli kalite kontrol<\/p>\n<p>Gizlilik ve marka korumas\u0131na \u00f6nem verilmesi<\/p>\n<table>\n<thead>\n<tr>\n<th><strong>Grup \/ \u00dcr\u00fcn<\/strong><\/th>\n<th><strong>A\u00e7\u0131klama<\/strong><\/th>\n<\/tr>\n<\/thead>\n<tbody>\n<tr>\n<td><strong>MELANJ GRUP<\/strong><\/td>\n<td><\/td>\n<\/tr>\n<tr>\n<td>Melanj Atlet \/ Melanj Slip \/ Melanj Boxer<\/td>\n<td>90% Cotton, 10% Polyester \u2013 Melanj ribana kuma\u015f, m\u00b2 gramaj\u0131 160\u2013170 gr<\/td>\n<\/tr>\n<tr>\n<td><strong>OPN-END GRUP<\/strong><\/td>\n<td><\/td>\n<\/tr>\n<tr>\n<td>Amerikan T-Shirt<\/td>\n<td>100% Cotton \u2013 Single Jersey Melanj kuma\u015f, m\u00b2 gramaj\u0131 130\u2013140 gr<\/td>\n<\/tr>\n<tr>\n<td>Erkek Atlet \/ Erkek Slip \/ Erkek Pa\u00e7al\u0131 Slip<\/td>\n<td>Amerikan OPN-END pamuk iplik, 100% Cotton \u2013 Ribana kuma\u015f, m\u00b2 gramaj\u0131 160\u2013170 gr<\/td>\n<\/tr>\n<tr>\n<td><strong>PENYE R\u0130BANA GRUP<\/strong><\/td>\n<td><\/td>\n<\/tr>\n<tr>\n<td>Penye Erkek Atlet \/ Penye Erkek Slip<\/td>\n<td>100% Amerikan Cotton iplik \u2013 Penye ribana kuma\u015f, m\u00b2 gramaj\u0131 180\u2013190 gr<\/td>\n<\/tr>\n<tr>\n<td><strong>BAYAN GRUPLARI<\/strong><\/td>\n<td><\/td>\n<\/tr>\n<tr>\n<td>Bayan Atlet \/ Bayan Slip \/ Bask\u0131l\u0131 Slip<\/td>\n<td>100% Amerikan Cotton iplik \u2013 Penye ribana kuma\u015f, m\u00b2 gramaj\u0131 180\u2013190 gr<\/td>\n<\/tr>\n<tr>\n<td><strong>BAYAN OPN-END GRUP<\/strong><\/td>\n<td><\/td>\n<\/tr>\n<tr>\n<td>Bayan Slip Beyaz \/ Bayan Slip Bask\u0131l\u0131<\/td>\n<td>Amerikan OPN-END pamuk iplik, 100% Cotton \u2013 Ribana kuma\u015f, m\u00b2 gramaj\u0131 160\u2013170 gr<\/td>\n<\/tr>\n<tr>\n<td><\/td>\n<td><\/td>\n<\/tr>\n<tr>\n<td><strong>BAYAN TAYT<\/strong><\/td>\n<td>95% Cotton, 5% Elastan \u2013 Likral\u0131 elastan kuma\u015f, m\u00b2 gramaj\u0131 170\u2013180 gr \u2013 Compact Cotton<\/td>\n<\/tr>\n<tr>\n<td><strong>ORGAN\u0130K BIO \u00dcR\u00dcNLER<\/strong><\/td>\n<td><\/td>\n<\/tr>\n<tr>\n<td>Erkek Atlet \/ Erkek Slip \/ Bayan Atlet \/ Bayan Slip<\/td>\n<td>100% Organik (BIO) Cotton \u2013 BIO ribana kuma\u015f, m\u00b2 gramaj\u0131 180\u2013190 gr<\/td>\n<\/tr>\n<tr>\n<td><\/td>\n<td><\/td>\n<\/tr>\n<tr>\n<td><strong>ERKEK THERMO<\/strong><\/td>\n<td>95% Cotton, 5% Polyester \u2013 Interlok kuma\u015f, m\u00b2 gramaj\u0131 230 gr<\/td>\n<\/tr>\n<tr>\n<td><\/td>\n<td><\/td>\n<\/tr>\n<tr>\n<td>Diki\u015fsiz Bayan Slip<\/td>\n<td>90% Polyamid, 10% Elastan<\/td>\n<\/tr>\n<tr>\n<td>Diki\u015fsiz Bayan S\u00fctyen<\/td>\n<td>90% Polyamid, 10% Elastan<\/td>\n<\/tr>\n<\/tbody>\n<\/table>\n<ul>\n<li>Kuma\u015flar\u0131m\u0131z Avrupa standartlar\u0131 oeko-tex ve iso kalite belgeli boyahanelerde i\u015flem g\u00f6rmektedir.<\/li>\n<li>\u00dcr\u00fcnlerimiz \u0130malat TC \u00c7al\u0131\u015fma Bakanl\u0131\u011f\u0131 standartlar\u0131nda iso \u00e7al\u0131\u015fma belgeli fabrikada \u00fcretilmektedir.<\/li>\n<li>Fabrikam\u0131zda \u00fcretilen \u00fcr\u00fcnler (kesim-dikim-paketleme) \u00e7al\u0131\u015fma ve sosyal g\u00fcvenlik bakanl\u0131\u011f\u0131 talimatlar\u0131 do\u011frultusunda i\u015f\u00e7i \u00e7al\u0131\u015ft\u0131r\u0131lmaktad\u0131r. (\u00c7ocuk i\u015f\u00e7i kesinlikle \u00e7al\u0131\u015ft\u0131r\u0131lmamaktad\u0131r.)<\/li>\n<li>\u00dcr\u00fcnlerimiz iso standartlar\u0131nda kalite belgeli diki\u015f makinelerinde dikilmektedir.<\/li>\n<li>\u00dcr\u00fcnlerimizde oeko-tex belgeli diki\u015f iplikleri kullan\u0131lmaktad\u0131r.<\/li>\n<li>\u00dcr\u00fcnlerimizin diki\u015f kalitesi (1 cm 5 i\u011fne vuru\u015f) diki\u015f aral\u0131\u011f\u0131 ile dikilmektedir.<\/li>\n<li>\u00dcr\u00fcnlerimizin paketlemesinde kullan\u0131lan (po\u015fet-karton-bant) geri d\u00f6n\u00fc\u015f\u00fcml\u00fc malzemelerdir.<\/li>\n<\/ul>\n<p>\n<\/p>\n<h3 data-start=\"221\" data-end=\"241\">\u00c7orap \u00dcretim S\u00fcrecimiz<\/h3>\n<p data-start=\"242\" data-end=\"542\">\u00c7orap \u00fcretimimizin temeli, y\u00fcksek kaliteli hammaddelerle ba\u015flar. \u00dcretimde pamuk, bambu, y\u00fcn ve geri d\u00f6n\u00fc\u015ft\u00fcr\u00fclm\u00fc\u015f pamuk gibi do\u011fal ve dayan\u0131kl\u0131 malzemeler kullan\u0131yoruz. Bu hammaddeler, son teknoloji makinelerde <strong data-start=\"453\" data-end=\"465\">Oeko-Tex<\/strong> standartlar\u0131na uygun olarak i\u015flenerek \u00fcst\u00fcn kaliteli ipliklere d\u00f6n\u00fc\u015ft\u00fcr\u00fcl\u00fcr.<\/p>\n<p data-start=\"544\" data-end=\"742\">\u0130plikler, <strong data-start=\"554\" data-end=\"576\">ISO standartlar\u0131na<\/strong> uygun ileri teknoloji \u00f6rg\u00fc makinelerinde \u00e7orap haline getirilir. Bilgisayar kontroll\u00fc bu makineler, farkl\u0131 desen ve kal\u0131nl\u0131klarda \u00e7orap \u00fcretme kapasitesine sahiptir.<\/p>\n<p data-start=\"744\" data-end=\"904\">Fabrikalar\u0131m\u0131zda, <strong data-start=\"762\" data-end=\"802\">\u00c7al\u0131\u015fma ve Sosyal G\u00fcvenlik Bakanl\u0131\u011f\u0131<\/strong> mevzuatlar\u0131 do\u011frultusunda personel istihdam edilmektedir. Kesinlikle \u00e7ocuk i\u015f\u00e7i \u00e7al\u0131\u015ft\u0131r\u0131lmamaktad\u0131r.<\/p>\n<p data-start=\"906\" data-end=\"1020\">Paketlemede kullan\u0131lan t\u00fcm ambalaj malzemeleri <strong data-start=\"953\" data-end=\"975\">geri d\u00f6n\u00fc\u015ft\u00fcr\u00fclm\u00fc\u015f<\/strong> veya <strong data-start=\"981\" data-end=\"1006\">geri d\u00f6n\u00fc\u015ft\u00fcr\u00fclebilir<\/strong> niteliktedir.<\/p>\n<hr data-start=\"1022\" data-end=\"1025\" \/>\n<h3 data-start=\"1027\" data-end=\"1063\">Bambu Kad\u0131n ve Erkek \u00c7oraplar\u0131<\/h3>\n<p data-start=\"1064\" data-end=\"1105\"><strong data-start=\"1064\" data-end=\"1105\">%80 Bambu \u2013 %15 Polyamid \u2013 %5 Elastan<\/strong><\/p>\n<p data-start=\"1107\" data-end=\"1339\">\u00c7evre dostu bambu \u00e7oraplar\u0131m\u0131z, her detay\u0131nda konfor ve \u015f\u0131kl\u0131\u011f\u0131 bir araya getirmek \u00fczere tasarlanm\u0131\u015ft\u0131r. Y\u00fcksek kaliteli ipliklerle \u00fcretilen bu \u00fcr\u00fcnler, g\u00fcn boyu rahatl\u0131k ve nefes alabilirlik sunarak cildinizle m\u00fckemmel uyum sa\u011flar.<\/p>\n<hr data-start=\"1341\" data-end=\"1344\" \/>\n<h3 data-start=\"1346\" data-end=\"1384\">Pamuklu Kad\u0131n ve Erkek \u00c7oraplar\u0131<\/h3>\n<p data-start=\"1385\" data-end=\"1426\"><strong data-start=\"1385\" data-end=\"1426\">%80 Pamuk \u2013 %15 Polyamid \u2013 %5 Elastan<\/strong><\/p>\n<p data-start=\"1428\" data-end=\"1651\">G\u00fcnl\u00fck kullan\u0131m i\u00e7in \u00f6zel olarak tasarlanm\u0131\u015ft\u0131r. Klasik ve spor ayakkab\u0131larla rahatl\u0131kla kullan\u0131labilir. \u00c7ift kat bo\u011faz yap\u0131s\u0131, \u00e7orab\u0131n g\u00fcn boyu bacakta d\u00fczg\u00fcn durmas\u0131n\u0131 sa\u011flarken aya\u011f\u0131 s\u0131kmadan konforlu bir kullan\u0131m sunar.<\/p>\n<hr data-start=\"1653\" data-end=\"1656\" \/>\n<h3 data-start=\"1658\" data-end=\"1704\">Organik Pamuklu Kad\u0131n ve Erkek \u00c7oraplar\u0131<\/h3>\n<p data-start=\"1705\" data-end=\"1754\"><strong data-start=\"1705\" data-end=\"1754\">%80 Organik Pamuk \u2013 %15 Polyamid \u2013 %5 Elastan<\/strong><\/p>\n<p data-start=\"1756\" data-end=\"1942\">Organik pamuk, kimyasal g\u00fcbre ve pestisit kullan\u0131lmadan yeti\u015ftirildi\u011fi i\u00e7in cilde zarar vermeyen do\u011fal bir dokuma sunar. Bu \u00f6zelli\u011fi sayesinde hassas ciltler i\u00e7in m\u00fckemmel bir tercihtir.<\/p>\n<p data-start=\"1944\" data-end=\"2201\">Organik pamuklu \u00e7oraplar yaz aylar\u0131nda ferah bir kullan\u0131m sunarken, k\u0131\u015f\u0131n da s\u0131cak tutar. Do\u011fal nem emici yap\u0131s\u0131 sayesinde terlemeyi azalt\u0131r, ayaklar\u0131n kuru kalmas\u0131n\u0131 sa\u011flar ve koku olu\u015fumunu \u00f6nler. G\u00fcn boyu aktif kullan\u0131c\u0131lar i\u00e7in uzun s\u00fcreli konfor sunar.<\/p>\n<hr data-start=\"2203\" data-end=\"2206\" \/>\n<h3 data-start=\"2208\" data-end=\"2242\">Y\u00fcnl\u00fc Kad\u0131n ve Erkek \u00c7oraplar\u0131<\/h3>\n<p data-start=\"2244\" data-end=\"2454\">Y\u00fcn \u00e7oraplar\u0131n en bilinen \u00f6zelli\u011fi ayaklar\u0131 s\u0131cak tutmas\u0131d\u0131r. Y\u00fcn\u00fcn do\u011fal yal\u0131t\u0131m ve nem emici yap\u0131s\u0131, ayaklar\u0131 nemli hissettirmeden s\u0131cak tutar. Ayn\u0131 zamanda emilen nemi d\u0131\u015far\u0131 vererek koku olu\u015fumunu engeller.<\/p>\n<p data-start=\"2456\" data-end=\"2729\">Y\u00fcn nefes alabilen bir malzeme oldu\u011fu i\u00e7in ayaktaki nem dengesini do\u011fal olarak d\u00fczenler. Is\u0131 reg\u00fclasyonu \u00f6zelli\u011fi sayesinde yaz\u0131n a\u015f\u0131r\u0131 s\u0131cak hissettirmez, k\u0131\u015f\u0131n ise ideal s\u0131cakl\u0131\u011f\u0131 korur. D\u00fc\u015f\u00fck termal iletkenli\u011fi sayesinde \u0131s\u0131y\u0131 sabitleyen do\u011fal bir lif yap\u0131s\u0131na sahiptir.<\/p>\n<p data-start=\"2456\" data-end=\"2729\">\n\n\t\t<\/div>\n\t<\/div>\n<\/div><\/div><\/div><\/div>\n<\/div>","protected":false},"excerpt":{"rendered":"Bak\u0131\u015f Tekstil, i\u00e7 \u00e7ama\u015f\u0131r \u00fcretiminde uzmanla\u015fm\u0131\u015f bir firmad\u0131r. Kendi koleksiyon ve \u00fcr\u00fcn yelpazemizin yan\u0131 s\u0131ra, m\u00fc\u015fterilerimizin talepleri do\u011frultusunda diledikleri modeli","protected":false},"author":1,"featured_media":0,"parent":0,"menu_order":0,"comment_status":"closed","ping_status":"closed","template":"","meta":{"_joinchat":[],"footnotes":""},"class_list":["post-39383","page","type-page","status-publish","hentry"],"_links":{"self":[{"href":"https:\/\/bakistextile.com\/tr\/wp-json\/wp\/v2\/pages\/39383","targetHints":{"allow":["GET"]}}],"collection":[{"href":"https:\/\/bakistextile.com\/tr\/wp-json\/wp\/v2\/pages"}],"about":[{"href":"https:\/\/bakistextile.com\/tr\/wp-json\/wp\/v2\/types\/page"}],"author":[{"embeddable":true,"href":"https:\/\/bakistextile.com\/tr\/wp-json\/wp\/v2\/users\/1"}],"replies":[{"embeddable":true,"href":"https:\/\/bakistextile.com\/tr\/wp-json\/wp\/v2\/comments?post=39383"}],"version-history":[{"count":11,"href":"https:\/\/bakistextile.com\/tr\/wp-json\/wp\/v2\/pages\/39383\/revisions"}],"predecessor-version":[{"id":39387,"href":"https:\/\/bakistextile.com\/tr\/wp-json\/wp\/v2\/pages\/39383\/revisions\/39387"}],"wp:attachment":[{"href":"https:\/\/bakistextile.com\/tr\/wp-json\/wp\/v2\/media?parent=39383"}],"curies":[{"name":"wp","href":"https:\/\/api.w.org\/{rel}","templated":true}]}}