{"id":3,"date":"2024-06-01T14:51:34","date_gmt":"2024-06-01T11:51:34","guid":{"rendered":"https:\/\/bakistextile.com\/?page_id=3"},"modified":"2024-06-08T04:12:00","modified_gmt":"2024-06-08T01:12:00","slug":"gizlilik-politikasi","status":"publish","type":"page","link":"https:\/\/bakistextile.com\/tr\/gizlilik-politikasi\/","title":{"rendered":"Gizlilik Politikas\u0131"},"content":{"rendered":"<div class=\"wpb-content-wrapper\"><div class=\"vc_row wpb_row vc_row-fluid\"><div class=\"wpb_column vc_column_container vc_col-sm-12\"><div class=\"vc_column-inner\"><div class=\"wpb_wrapper\"><\/p>\n<h3>Genel Bilgiler<\/h3>\n<p>A\u015fa\u011f\u0131daki bilgiler, web sitemizi ziyaret etti\u011finizde ki\u015fisel verilerinizin ne olaca\u011f\u0131 hakk\u0131nda basit bir genel bak\u0131\u015f sunar. Ki\u015fisel veriler, sizinle ki\u015fisel olarak tan\u0131mlanabilen t\u00fcm verilerdir. Kapsaml\u0131 bilgiler i\u00e7in bu metnin alt\u0131nda belirtilen gizlilik politikas\u0131na ba\u015fvurabilirsiniz.<\/p>\n<h4>Web Sitemizdeki Veri Toplama<\/h4>\n<p><strong>Bu web sitesindeki veri toplama i\u015flemlerinden kim sorumludur?<\/strong><\/p>\n<p>Bu web sitesindeki veri i\u015fleme, web sitesi i\u015fletmecisi taraf\u0131ndan ger\u00e7ekle\u015ftirilir. \u0130leti\u015fim bilgilerini bu web sitesinin k\u00fcnyesinden bulabilirsiniz.<\/p>\n<p><strong>Verilerinizi nas\u0131l topluyoruz?<\/strong><\/p>\n<p>Verilerinizin bir k\u0131sm\u0131, bizimle payla\u015ft\u0131\u011f\u0131n\u0131z bilgilerle toplan\u0131r. Bu, \u00f6rne\u011fin bir ileti\u015fim formuna girdi\u011finiz veriler olabilir.<\/p>\n<p>Di\u011fer veriler, web sitemizi ziyaret etti\u011finizde IT sistemlerimiz taraf\u0131ndan otomatik olarak toplan\u0131r. Bu, \u00f6zellikle teknik veriler (\u00f6rne\u011fin, internet taray\u0131c\u0131s\u0131, i\u015fletim sistemi veya sayfa eri\u015fim zaman\u0131) olabilir. Bu veriler, web sitemize girdi\u011finizde otomatik olarak toplan\u0131r.<\/p>\n<p><strong>Verilerinizi ne i\u00e7in kullan\u0131yoruz?<\/strong><\/p>\n<p>Verilerin bir k\u0131sm\u0131, web sitesinin hatas\u0131z sa\u011flanmas\u0131n\u0131 sa\u011flamak i\u00e7in toplan\u0131r. Di\u011fer veriler, kullan\u0131c\u0131 davran\u0131\u015f\u0131n\u0131z\u0131 analiz etmek i\u00e7in kullan\u0131labilir.<\/p>\n<p><strong>Verilerinizle ilgili hangi haklara sahipsiniz?<\/strong><\/p>\n<p>Saklanan ki\u015fisel verilerinizin kayna\u011f\u0131, al\u0131c\u0131s\u0131 ve amac\u0131 hakk\u0131nda her zaman \u00fccretsiz bilgi alma hakk\u0131na sahipsiniz. Ayr\u0131ca bu verilerin d\u00fczeltilmesi, engellenmesi veya silinmesini talep etme hakk\u0131na da sahipsiniz. Bu ve veri koruma konusundaki di\u011fer sorular\u0131n\u0131z i\u00e7in k\u00fcnyede belirtilen adresten bizimle ileti\u015fime ge\u00e7ebilirsiniz. Ayr\u0131ca ilgili denetim makam\u0131na \u015fikayette bulunma hakk\u0131n\u0131z da vard\u0131r.<\/p>\n<h4>Analiz Ara\u00e7lar\u0131 ve \u00dc\u00e7\u00fcnc\u00fc Taraf Ara\u00e7lar\u0131<\/h4>\n<p>Web sitemizi ziyaret etti\u011finizde, gezinme davran\u0131\u015f\u0131n\u0131z istatistiksel olarak de\u011ferlendirilebilir. Bu, \u00e7o\u011funlukla \u00e7erezler ve analiz programlar\u0131 ile yap\u0131l\u0131r. Gezinme davran\u0131\u015f\u0131n\u0131z genellikle anonim olarak analiz edilir; gezinme davran\u0131\u015f\u0131n\u0131z size geri izlenemez. Bu analize itiraz edebilir veya belirli ara\u00e7lar\u0131 kullanmayarak bunu \u00f6nleyebilirsiniz. Detayl\u0131 bilgiler i\u00e7in a\u015fa\u011f\u0131daki gizlilik politikas\u0131na ba\u015fvurabilirsiniz.<\/p>\n<p>Bu analize itiraz edebilirsiniz. \u0130tiraz olanaklar\u0131 hakk\u0131nda sizi bu gizlilik politikas\u0131nda bilgilendirece\u011fiz.<\/p>\n<h3>Genel Bilgiler ve Zorunlu Bilgiler<\/h3>\n<p><strong>Veri Koruma<\/strong><\/p>\n<p>Bu sayfalar\u0131n i\u015fletmecileri, ki\u015fisel verilerinizin korunmas\u0131n\u0131 \u00e7ok ciddiye al\u0131r. Ki\u015fisel verilerinizi gizli ve yasal veri koruma d\u00fczenlemelerine ve bu gizlilik politikas\u0131na uygun olarak i\u015fleriz.<\/p>\n<p>Bu web sitesini kulland\u0131\u011f\u0131n\u0131zda \u00e7e\u015fitli ki\u015fisel veriler toplan\u0131r. Ki\u015fisel veriler, sizinle ki\u015fisel olarak tan\u0131mlanabilen verilerdir. Bu gizlilik politikas\u0131, hangi verileri toplad\u0131\u011f\u0131m\u0131z\u0131 ve bunlar\u0131 ne i\u00e7in kulland\u0131\u011f\u0131m\u0131z\u0131 a\u00e7\u0131klar. Ayr\u0131ca, bu i\u015flemin nas\u0131l ve ne ama\u00e7la yap\u0131ld\u0131\u011f\u0131n\u0131 da a\u00e7\u0131klar.<\/p>\n<p>\u0130nternet \u00fczerinden veri iletiminin (\u00f6rne\u011fin, e-posta ile ileti\u015fimde) g\u00fcvenlik a\u00e7\u0131klar\u0131 olabilece\u011fine dikkat \u00e7ekiyoruz. Verilerin \u00fc\u00e7\u00fcnc\u00fc \u015fah\u0131slar\u0131n eri\u015fimine kar\u015f\u0131 tamamen korunmas\u0131 m\u00fcmk\u00fcn de\u011fildir.<\/p>\n<p><strong>Sorumlu Ki\u015fiye \u0130li\u015fkin Bilgi<\/strong><\/p>\n<p>Bu web sitesindeki veri i\u015fleme i\u015flemlerinden sorumlu ki\u015fi:<\/p>\n<p>Bak\u0131s Textil-Import-Export Haupt str.42 07751 Rothenstein Th\u00fcringen &#8211; Deutschland<\/p>\n<p>Telefon: 036424\/713790 Mobil: 0 172 367 67 68 &#8211; 0 174 933 48 46 E-Mail: <a rel=\"noreferrer\">alibakis@hotmail.de<\/a><\/p>\n<p>Sorumlu ki\u015fi, tek ba\u015f\u0131na veya ba\u015fkalar\u0131yla birlikte ki\u015fisel verilerin i\u015flenme ama\u00e7lar\u0131 ve ara\u00e7lar\u0131 hakk\u0131nda karar veren ger\u00e7ek veya t\u00fczel ki\u015fidir (\u00f6rne\u011fin, isimler, e-posta adresleri vb.).<\/p>\n<p><strong>Veri \u0130\u015fleme \u0130\u00e7in R\u0131zan\u0131z\u0131 Geri \u00c7ekme Hakk\u0131<\/strong><\/p>\n<p>Bir\u00e7ok veri i\u015fleme i\u015flemi yaln\u0131zca a\u00e7\u0131k r\u0131zan\u0131zla m\u00fcmk\u00fcnd\u00fcr. Verdi\u011finiz bir r\u0131zay\u0131 her zaman geri \u00e7ekebilirsiniz. Bunun i\u00e7in bize e-posta yoluyla resmi olmayan bir bildirim g\u00f6ndermeniz yeterlidir. Geri \u00e7ekmeden \u00f6nce ger\u00e7ekle\u015fen veri i\u015flemenin yasall\u0131\u011f\u0131 geri \u00e7ekmeden etkilenmez.<\/p>\n<p><strong>\u0130lgili Denetim Makam\u0131na \u015eikayette Bulunma Hakk\u0131<\/strong><\/p>\n<p>Veri koruma yasalar\u0131n\u0131n ihlal edilmesi durumunda, ilgili ki\u015filerin ilgili denetim makam\u0131na \u015fikayette bulunma hakk\u0131 vard\u0131r. Veri koruma konular\u0131nda yetkili denetim makam\u0131, \u015firketimizin merkezi bulunan eyaletin veri koruma g\u00f6revlisidir. Veri koruma g\u00f6revlilerinin listesi ve ileti\u015fim bilgileri \u015fu ba\u011flant\u0131dan bulunabilir: <a href=\"https:\/\/www.bfdi.bund.de\/DE\/Infothek\/Anschriften_Links\/anschriften_links-node.html\" target=\"_new\" rel=\"noreferrer noopener\">https:\/\/www.bfdi.bund.de\/DE\/Infothek\/Anschriften_Links\/anschriften_links-node.html<\/a>.<\/p>\n<p><strong>Veri Ta\u015f\u0131nabilirli\u011fi Hakk\u0131<\/strong><\/p>\n<p>R\u0131zan\u0131za dayal\u0131 olarak veya bir s\u00f6zle\u015fmenin ifas\u0131 s\u0131ras\u0131nda otomatik olarak i\u015fledi\u011fimiz verileri, size veya \u00fc\u00e7\u00fcnc\u00fc bir tarafa yayg\u0131n, makine taraf\u0131ndan okunabilir bir formatta verme hakk\u0131n\u0131z vard\u0131r. Verilerin do\u011frudan ba\u015fka bir sorumluya aktar\u0131lmas\u0131n\u0131 talep ederseniz, bu sadece teknik olarak m\u00fcmk\u00fcn oldu\u011fu s\u00fcrece yap\u0131l\u0131r.<\/p>\n<p><strong>Bu Web Sitesinde \u015eifreli \u00d6deme \u0130\u015flemleri<\/strong><\/p>\n<p>\u00dccretli bir s\u00f6zle\u015fmenin ard\u0131ndan bize \u00f6deme bilgilerinizi (\u00f6rne\u011fin, otomatik \u00f6deme yetkilendirmesi i\u00e7in hesap numaras\u0131) iletme y\u00fck\u00fcml\u00fcl\u00fc\u011f\u00fcn\u00fcz varsa, bu veriler \u00f6deme i\u015flemleri i\u00e7in gereklidir.<\/p>\n<p>Yayg\u0131n \u00f6deme y\u00f6ntemleri (Visa\/MasterCard, otomatik \u00f6deme) \u00fczerinden \u00f6deme i\u015flemi yaln\u0131zca \u015fifrelenmi\u015f bir SSL veya TLS ba\u011flant\u0131s\u0131 \u00fczerinden ger\u00e7ekle\u015ftirilir. \u015eifreli bir ba\u011flant\u0131, taray\u0131c\u0131n\u0131z\u0131n adres sat\u0131r\u0131n\u0131n &#8220;http:\/\/&#8221;den &#8220;https:\/\/&#8221;e de\u011fi\u015fmesi ve taray\u0131c\u0131 sat\u0131r\u0131n\u0131zdaki kilit simgesi ile tan\u0131nabilir.<\/p>\n<p>\u015eifreli ileti\u015fim s\u0131ras\u0131nda, bize iletti\u011finiz \u00f6deme bilgileri \u00fc\u00e7\u00fcnc\u00fc \u015fah\u0131slar taraf\u0131ndan okunamaz.<\/p>\n<p><strong>Bilgi, Engelleme, Silme<\/strong><\/p>\n<p>Ge\u00e7erli yasal d\u00fczenlemeler \u00e7er\u00e7evesinde, saklanan ki\u015fisel verileriniz, bunlar\u0131n kayna\u011f\u0131 ve al\u0131c\u0131s\u0131 ve veri i\u015fleme amac\u0131 hakk\u0131nda her zaman \u00fccretsiz bilgi edinme ve gerekti\u011finde bu verilerin d\u00fczeltilmesi, engellenmesi veya silinmesini talep etme hakk\u0131na sahipsiniz. Bu ve ki\u015fisel verilerle ilgili di\u011fer sorular\u0131n\u0131z i\u00e7in k\u00fcnyede belirtilen adresten bizimle ileti\u015fime ge\u00e7ebilirsiniz.<\/p>\n<p><strong>Reklam E-postalar\u0131na \u0130tiraz<\/strong><\/p>\n<p>\u0130leti\u015fim bilgilerinin, a\u00e7\u0131k\u00e7a talep edilmeyen reklam ve bilgi materyallerinin g\u00f6nderilmesi amac\u0131yla kullan\u0131lmas\u0131na bu vesileyle itiraz ediyoruz. Sayfalar\u0131n i\u015fletmecileri, istenmeyen reklam bilgileri g\u00f6nderildi\u011finde (\u00f6rne\u011fin spam e-postalar yoluyla) yasal i\u015flem yapma hakk\u0131n\u0131 a\u00e7\u0131k\u00e7a sakl\u0131 tutar.<\/p>\n<h3>Web Sitemizde Veri Toplama<\/h3>\n<p><strong>\u00c7erezler<\/strong><\/p>\n<p>\u0130nternet sayfalar\u0131m\u0131z k\u0131smen &#8220;\u00e7erezler&#8221; kullan\u0131r. \u00c7erezler, bilgisayar\u0131n\u0131za zarar vermez ve vir\u00fcs i\u00e7ermez. \u00c7erezler, teklifimizi kullan\u0131c\u0131 dostu, etkili ve g\u00fcvenli hale getirmeye yarar. \u00c7erezler, bilgisayar\u0131n\u0131za yerle\u015ftirilen ve taray\u0131c\u0131n\u0131z taraf\u0131ndan saklanan k\u00fc\u00e7\u00fck metin dosyalar\u0131d\u0131r.<\/p>\n<p>Kulland\u0131\u011f\u0131m\u0131z \u00e7erezlerin \u00e7o\u011fu &#8220;oturum \u00e7erezleri&#8221; olarak adland\u0131r\u0131l\u0131r. Ziyaretinizin sonunda otomatik olarak silinirler. Di\u011fer \u00e7erezler, siz silene kadar cihaz\u0131n\u0131zda sakl\u0131 kal\u0131r. Bu \u00e7erezler, taray\u0131c\u0131n\u0131z\u0131 bir sonraki ziyaretinizde tan\u0131mam\u0131za olanak tan\u0131r.<\/p>\n<p>Taray\u0131c\u0131n\u0131z\u0131, \u00e7erezlerin ayarlanmas\u0131 hakk\u0131nda bilgilendirilece\u011finiz ve \u00e7erezleri yaln\u0131zca belirli durumlarda kabul etmeye, belirli durumlar i\u00e7in \u00e7erezleri kabul etmeyi veya genel olarak reddetmeyi ve taray\u0131c\u0131 kapat\u0131ld\u0131\u011f\u0131nda \u00e7erezlerin otomatik olarak silinmesini etkinle\u015ftirecek \u015fekilde ayarlayabilirsiniz. \u00c7erezlerin devre d\u0131\u015f\u0131 b\u0131rak\u0131lmas\u0131 durumunda, bu web sitesinin i\u015flevselli\u011fi s\u0131n\u0131rl\u0131 olabilir.<\/p>\n<p>Elektronik ileti\u015fim i\u015flemini ger\u00e7ekle\u015ftirmek veya belirli istenen i\u015flevleri sa\u011flamak i\u00e7in gerekli olan \u00e7erezler (\u00f6rne\u011fin al\u0131\u015fveri\u015f sepeti i\u015flevi) DSGVO Madde 6 (1) lit. f uyar\u0131nca saklan\u0131r. Web sitesi i\u015fletmecisi, hizmetlerinin teknik olarak hatas\u0131z ve optimize edilmi\u015f bir \u015fekilde sa\u011flanmas\u0131 i\u00e7in \u00e7erezlerin saklanmas\u0131nda me\u015fru bir \u00e7\u0131kar sahibidir. Di\u011fer \u00e7erezler (\u00f6rne\u011fin gezinme davran\u0131\u015f\u0131n\u0131z\u0131 analiz etmek i\u00e7in kullan\u0131lan \u00e7erezler) saklan\u0131yorsa, bu gizlilik politikas\u0131nda ayr\u0131 ayr\u0131 ele al\u0131nacakt\u0131r.<\/p>\n<p><strong>Sunucu G\u00fcnl\u00fck Dosyalar\u0131<\/strong><\/p>\n<p>Sayfalar\u0131n sa\u011flay\u0131c\u0131s\u0131, taray\u0131c\u0131n\u0131z\u0131n otomatik olarak bize iletti\u011fi bilgileri otomatik olarak &#8220;sunucu g\u00fcnl\u00fck dosyalar\u0131&#8221;nda toplar ve saklar. Bunlar:<\/p>\n<ul>\n<li>Taray\u0131c\u0131 t\u00fcr\u00fc ve taray\u0131c\u0131 s\u00fcr\u00fcm\u00fc<\/li>\n<li>Kullan\u0131lan i\u015fletim sistemi<\/li>\n<li>Y\u00f6nlendiren URL<\/li>\n<li>Eri\u015fim sa\u011flayan bilgisayar\u0131n ana bilgisayar ad\u0131<\/li>\n<li>Sunucu iste\u011finin saati<\/li>\n<li>IP adresi<\/li>\n<\/ul>\n<p>Bu veriler di\u011fer veri kaynaklar\u0131yla birle\u015ftirilmez.<\/p>\n<p>Veri i\u015fleme temeli, bir s\u00f6zle\u015fmenin veya \u00f6n s\u00f6zle\u015fme \u00f6nlemlerinin yerine getirilmesine izin veren DSGVO Madde 6 (1) lit. f&#8217;dir.<\/p>\n<p><strong>\u0130leti\u015fim Formu<\/strong><\/p>\n<p>Bize ileti\u015fim formu ile sorular\u0131n\u0131z\u0131 iletti\u011finizde, ileti\u015fim formundaki bilgileriniz, sizin taraf\u0131n\u0131zdan sa\u011flanan ileti\u015fim bilgileri ile birlikte, sorunuzun i\u015flenmesi ve ek sorular i\u00e7in bizde saklan\u0131r. Bu verileri izniniz olmadan payla\u015fmay\u0131z.<\/p>\n<p>\u0130leti\u015fim formuna girilen verilerin i\u015flenmesi, bu nedenle yaln\u0131zca izninize dayal\u0131 olarak ger\u00e7ekle\u015fir (DSGVO Madde 6 (1) lit. a). Bu izni her zaman iptal edebilirsiniz. Bize e-posta yoluyla resmi olmayan bir bildirim g\u00f6ndermeniz yeterlidir. Geri \u00e7ekmeden \u00f6nce ger\u00e7ekle\u015fen veri i\u015fleme i\u015flemlerinin yasall\u0131\u011f\u0131 geri \u00e7ekmeden etkilenmez.<\/p>\n<p>\u0130leti\u015fim formuna girdi\u011finiz veriler, bizden silinmesini talep edene kadar, saklama izninizi geri \u00e7ekene kadar veya veri saklama amac\u0131 sona erene kadar bizde kal\u0131r (\u00f6rne\u011fin, talebiniz tamamland\u0131ktan sonra). Zorunlu yasal h\u00fck\u00fcmler \u2013 \u00f6zellikle saklama s\u00fcreleri \u2013 etkilenmez.<\/p>\n<p><strong>Bu Web Sitesinde Kay\u0131t<\/strong><\/p>\n<p>Web sitemizde ek i\u015flevler kullanmak i\u00e7in kay\u0131t olabilirsiniz. Kay\u0131t i\u00e7in girilen verileri, yaln\u0131zca kay\u0131t oldu\u011funuz teklif veya hizmetin kullan\u0131m\u0131 amac\u0131yla kullan\u0131r\u0131z. Kay\u0131t s\u0131ras\u0131nda istenen zorunlu bilgiler eksiksiz olarak belirtilmelidir. Aksi takdirde, kayd\u0131 reddedece\u011fiz.<\/p>\n<p>\u00d6nemli de\u011fi\u015fiklikler oldu\u011funda, \u00f6rne\u011fin teklif kapsam\u0131 veya teknik olarak gerekli de\u011fi\u015fiklikler durumunda, sizi bu \u015fekilde bilgilendirmek i\u00e7in kay\u0131t s\u0131ras\u0131nda belirtilen e-posta adresini kullan\u0131r\u0131z.<\/p>\n<p>Kay\u0131t s\u0131ras\u0131nda girilen verilerin i\u015flenmesi, izninize dayal\u0131 olarak ger\u00e7ekle\u015ftirilir (DSGVO Madde 6 (1) lit. a). Verdi\u011finiz izni her zaman iptal edebilirsiniz. Bize e-posta yoluyla resmi olmayan bir bildirim g\u00f6ndermeniz yeterlidir. Geri \u00e7ekmeden \u00f6nce ger\u00e7ekle\u015fen veri i\u015fleme i\u015flemlerinin yasall\u0131\u011f\u0131 geri \u00e7ekmeden etkilenmez.<\/p>\n<p>Kay\u0131t s\u0131ras\u0131nda toplanan veriler, web sitemizde kay\u0131tl\u0131 oldu\u011funuz s\u00fcrece bizde saklan\u0131r ve ard\u0131ndan silinir. Yasal saklama s\u00fcreleri etkilenmez.<\/p>\n<p><strong>Verilerin \u0130\u015flenmesi (M\u00fc\u015fteri ve S\u00f6zle\u015fme Verileri)<\/strong><\/p>\n<p>Ki\u015fisel verileri, yaln\u0131zca hukuki ili\u015fkinin kurulmas\u0131, i\u00e7eri\u011finin belirlenmesi veya de\u011fi\u015ftirilmesi i\u00e7in gerekli oldu\u011fu s\u00fcrece toplar, i\u015fler ve kullan\u0131r\u0131z (durum verileri). Bu, DSGVO Madde 6 (1) lit. b&#8217;ye dayal\u0131 olarak yap\u0131l\u0131r ve bu da bir s\u00f6zle\u015fmenin veya \u00f6n s\u00f6zle\u015fme \u00f6nlemlerinin yerine getirilmesine izin verir. \u0130nternet sayfalar\u0131m\u0131z\u0131n kullan\u0131m\u0131yla ilgili ki\u015fisel verileri (kullan\u0131m verileri), hizmetin kullan\u0131lmas\u0131n\u0131 sa\u011flamak veya faturaland\u0131rmak i\u00e7in gerekti\u011fi s\u00fcrece toplar, i\u015fler ve kullan\u0131r\u0131z.<\/p>\n<p>Toplanan m\u00fc\u015fteri verileri, sipari\u015f tamamland\u0131ktan veya i\u015f ili\u015fkisi sona erdikten sonra silinir. Yasal saklama s\u00fcreleri etkilenmez.<\/p>\n<p><strong>\u00c7evrimi\u00e7i Ma\u011fazalar, T\u00fcccarlar ve \u00dcr\u00fcn G\u00f6nderimi \u0130\u00e7in S\u00f6zle\u015fme Akdi S\u0131ras\u0131nda Veri \u0130letimi<\/strong><\/p>\n<p>Ki\u015fisel verileri \u00fc\u00e7\u00fcnc\u00fc \u015fah\u0131slara yaln\u0131zca s\u00f6zle\u015fmenin yerine getirilmesi kapsam\u0131nda, \u00f6rne\u011fin mallar\u0131n teslimat\u0131yla g\u00f6revli \u015firketlere veya \u00f6deme i\u015flemiyle g\u00f6revli kredi kurumuna gerekli oldu\u011fu s\u00fcrece iletiriz. Verilerin daha ileri d\u00fczeyde iletimi ger\u00e7ekle\u015fmez veya yaln\u0131zca izninizi vermi\u015fseniz ger\u00e7ekle\u015fir. Verilerinizin \u00fc\u00e7\u00fcnc\u00fc \u015fah\u0131slara, \u00f6rne\u011fin reklam amac\u0131yla, izniniz olmadan iletilmesi ger\u00e7ekle\u015fmez.<\/p>\n<p>Veri i\u015flemenin temeli, bir s\u00f6zle\u015fmenin veya \u00f6n s\u00f6zle\u015fme \u00f6nlemlerinin yerine getirilmesine izin veren DSGVO Madde 6 (1) lit. b&#8217;dir.<\/p>\n<p><strong>Hizmetler ve Dijital \u0130\u00e7erikler \u0130\u00e7in S\u00f6zle\u015fme Akdi S\u0131ras\u0131nda Veri \u0130letimi<\/strong><\/p>\n<p>Ki\u015fisel verileri \u00fc\u00e7\u00fcnc\u00fc \u015fah\u0131slara yaln\u0131zca s\u00f6zle\u015fmenin yerine getirilmesi kapsam\u0131nda, \u00f6rne\u011fin \u00f6deme i\u015flemiyle g\u00f6revli kredi kurumuna gerekli oldu\u011fu s\u00fcrece iletiriz.<\/p>\n<p>Verilerin daha ileri d\u00fczeyde iletimi ger\u00e7ekle\u015fmez veya yaln\u0131zca izninizi vermi\u015fseniz ger\u00e7ekle\u015fir. Verilerinizin \u00fc\u00e7\u00fcnc\u00fc \u015fah\u0131slara, \u00f6rne\u011fin reklam amac\u0131yla, izniniz olmadan iletilmesi ger\u00e7ekle\u015fmez.<\/p>\n<p>Veri i\u015flemenin temeli, bir s\u00f6zle\u015fmenin veya \u00f6n s\u00f6zle\u015fme \u00f6nlemlerinin yerine getirilmesine izin veren DSGVO Madde 6 (1) lit. b&#8217;dir.<\/p>\n<p><\/div><\/div><\/div><\/div><br \/>\n<br \/>\n<\/p>\n<\/div>","protected":false},"excerpt":{"rendered":"Genel Bilgiler A\u015fa\u011f\u0131daki bilgiler, web sitemizi ziyaret etti\u011finizde ki\u015fisel verilerinizin ne olaca\u011f\u0131 hakk\u0131nda basit bir genel bak\u0131\u015f sunar. Ki\u015fisel veriler,","protected":false},"author":1,"featured_media":0,"parent":0,"menu_order":0,"comment_status":"closed","ping_status":"open","template":"","meta":{"_joinchat":[],"footnotes":""},"class_list":["post-3","page","type-page","status-publish","hentry"],"_links":{"self":[{"href":"https:\/\/bakistextile.com\/tr\/wp-json\/wp\/v2\/pages\/3","targetHints":{"allow":["GET"]}}],"collection":[{"href":"https:\/\/bakistextile.com\/tr\/wp-json\/wp\/v2\/pages"}],"about":[{"href":"https:\/\/bakistextile.com\/tr\/wp-json\/wp\/v2\/types\/page"}],"author":[{"embeddable":true,"href":"https:\/\/bakistextile.com\/tr\/wp-json\/wp\/v2\/users\/1"}],"replies":[{"embeddable":true,"href":"https:\/\/bakistextile.com\/tr\/wp-json\/wp\/v2\/comments?post=3"}],"version-history":[{"count":4,"href":"https:\/\/bakistextile.com\/tr\/wp-json\/wp\/v2\/pages\/3\/revisions"}],"predecessor-version":[{"id":11326,"href":"https:\/\/bakistextile.com\/tr\/wp-json\/wp\/v2\/pages\/3\/revisions\/11326"}],"wp:attachment":[{"href":"https:\/\/bakistextile.com\/tr\/wp-json\/wp\/v2\/media?parent=3"}],"curies":[{"name":"wp","href":"https:\/\/api.w.org\/{rel}","templated":true}]}}