{"id":12,"date":"2024-06-01T15:34:44","date_gmt":"2024-06-01T12:34:44","guid":{"rendered":"https:\/\/bakistextile.com\/hesabim\/"},"modified":"2025-12-16T00:42:10","modified_gmt":"2025-12-15T21:42:10","slug":"hakkimizda","status":"publish","type":"page","link":"https:\/\/bakistextile.com\/tr\/hakkimizda\/","title":{"rendered":"Hakk\u0131m\u0131zda"},"content":{"rendered":"<div class=\"wpb-content-wrapper\"><div class=\"vc_row wpb_row vc_row-fluid\"><div class=\"wpb_column vc_column_container vc_col-sm-12\"><div class=\"vc_column-inner\"><div class=\"wpb_wrapper\">\n\t<div class=\"wpb_text_column wpb_content_element\" >\n\t\t<div class=\"wpb_wrapper\">\n\t\t\t<h2><\/h2>\n<h2><img loading=\"lazy\" decoding=\"async\" class=\"alignright wp-image-27481 size-full\" src=\"https:\/\/bakistextile.com\/wp-content\/uploads\/2025\/12\/bakis-tekstil.jpg\" alt=\"\" width=\"679\" height=\"497\" \/>Marka kalitesi, uygun fiyatla!<\/h2>\n<p data-start=\"34\" data-end=\"307\">1993 y\u0131l\u0131ndan bu yana Bak\u0131\u015f Tekstil Avrupa pazar\u0131nda sa\u011flam bir \u015fekilde yer edinmi\u015ftir.<br data-start=\"121\" data-end=\"124\" \/>K\u00fcresel bir marka olu\u015fturma hedefiyle, uluslararas\u0131 standartlarda hizmet sunan firmam\u0131z, s\u00fcrekli artan performans\u0131yla Almanya\u2019n\u0131n \u00f6nde gelen ithalat\u00e7\u0131lar\u0131ndan biri haline gelmi\u015ftir.<\/p>\n<p data-start=\"309\" data-end=\"611\">Benzersiz tasar\u0131mlardan olu\u015fan modern koleksiyonlar\u0131yla \u201cThe Bakis\u201d, t\u00fcketicilerin hakl\u0131 be\u011fenisini kazanm\u0131\u015f ve sekt\u00f6r\u00fcn parlayan y\u0131ld\u0131z\u0131 olarak yoluna devam etmektedir. M\u00fc\u015fterilerimiz Avrupa\u2019n\u0131n d\u00f6rt bir yan\u0131ndaki toptanc\u0131lard\u0131r ve 2.400 m\u00b2 b\u00fcy\u00fckl\u00fc\u011f\u00fcndeki sat\u0131\u015f depomuzla en iyi hizmeti sunmaktay\u0131z.<\/p>\n<p data-start=\"613\" data-end=\"974\">Kalite, yarat\u0131c\u0131l\u0131k ve esneklik vizyonumuz ile T\u00fcrkiye\u2019nin ve ya\u015fad\u0131\u011f\u0131m\u0131z \u00fclkenin gelece\u011fine olan inanc\u0131m\u0131z bizi daha da g\u00fc\u00e7l\u00fc k\u0131lmaktad\u0131r. Y\u00fcksek kaliteli hammaddelerle \u00e7al\u0131\u015fan firmam\u0131z, insan sa\u011fl\u0131\u011f\u0131na ve \u00e7evreye b\u00fcy\u00fck \u00f6nem vermektedir. S\u00fcrekli de\u011fi\u015fen m\u00fc\u015fteri taleplerine, yarat\u0131c\u0131 fikirlerimiz ve \u00f6zenle se\u00e7ilmi\u015f desen, renk ve motiflerle yan\u0131t veriyoruz.<\/p>\n<p data-start=\"976\" data-end=\"1245\" data-is-last-node=\"\" data-is-only-node=\"\">Amac\u0131m\u0131z, m\u00fc\u015fterilerimize d\u00fcnya standartlar\u0131nda ve en son modaya uygun \u00fcr\u00fcnler sunmakt\u0131r. Kendimizi s\u00fcrekli yeniliyor, her ge\u00e7en g\u00fcn b\u00fcy\u00fcmeye devam ediyoruz. Her g\u00fcn daha iyi sonu\u00e7lar elde etmek ve m\u00fc\u015fteri memnuniyetini en \u00fcst d\u00fczeyde tutmak i\u00e7in aral\u0131ks\u0131z \u00e7al\u0131\u015f\u0131yoruz.<\/p>\n<p><strong>Tescilli Markalar\u0131m\u0131z :<\/strong><\/p>\n<ul>\n<li>THE BAKIS<\/li>\n<li>THE BAKIS THE WORLD OF UNDERWEAR<\/li>\n<li>ORIGINAL THE BAKIS UNDERWEAR<\/li>\n<li>BAKIS TEXT\u0130L<\/li>\n<li>SPORTMANN<\/li>\n<li>STYLEENMORE<\/li>\n<\/ul>\n\n\t\t<\/div>\n\t<\/div>\n<\/div><\/div><\/div><\/div>\n<\/div>","protected":false},"excerpt":{"rendered":"Marka kalitesi, uygun fiyatla! 1993 y\u0131l\u0131ndan bu yana Bak\u0131\u015f Tekstil Avrupa pazar\u0131nda sa\u011flam bir \u015fekilde yer edinmi\u015ftir.K\u00fcresel bir marka olu\u015fturma","protected":false},"author":1,"featured_media":0,"parent":0,"menu_order":0,"comment_status":"closed","ping_status":"closed","template":"","meta":{"_joinchat":[],"footnotes":""},"class_list":["post-12","page","type-page","status-publish","hentry"],"_links":{"self":[{"href":"https:\/\/bakistextile.com\/tr\/wp-json\/wp\/v2\/pages\/12","targetHints":{"allow":["GET"]}}],"collection":[{"href":"https:\/\/bakistextile.com\/tr\/wp-json\/wp\/v2\/pages"}],"about":[{"href":"https:\/\/bakistextile.com\/tr\/wp-json\/wp\/v2\/types\/page"}],"author":[{"embeddable":true,"href":"https:\/\/bakistextile.com\/tr\/wp-json\/wp\/v2\/users\/1"}],"replies":[{"embeddable":true,"href":"https:\/\/bakistextile.com\/tr\/wp-json\/wp\/v2\/comments?post=12"}],"version-history":[{"count":24,"href":"https:\/\/bakistextile.com\/tr\/wp-json\/wp\/v2\/pages\/12\/revisions"}],"predecessor-version":[{"id":47097,"href":"https:\/\/bakistextile.com\/tr\/wp-json\/wp\/v2\/pages\/12\/revisions\/47097"}],"wp:attachment":[{"href":"https:\/\/bakistextile.com\/tr\/wp-json\/wp\/v2\/media?parent=12"}],"curies":[{"name":"wp","href":"https:\/\/api.w.org\/{rel}","templated":true}]}}