{"id":11317,"date":"2024-06-08T02:38:44","date_gmt":"2024-06-07T23:38:44","guid":{"rendered":"https:\/\/bakistextile.com\/?page_id=11317"},"modified":"2024-06-08T02:38:44","modified_gmt":"2024-06-07T23:38:44","slug":"sartlar-ve-kosullar","status":"publish","type":"page","link":"https:\/\/bakistextile.com\/tr\/sartlar-ve-kosullar\/","title":{"rendered":"\u015eartlar ve Ko\u015fullar"},"content":{"rendered":"<div class=\"wpb-content-wrapper\"><div class=\"vc_row wpb_row vc_row-fluid\"><div class=\"wpb_column vc_column_container vc_col-sm-12\"><div class=\"vc_column-inner\"><div class=\"wpb_wrapper\"><\/p>\n<div class=\"flex flex-grow flex-col max-w-full\">\n<div class=\"text-message flex flex-col items-start whitespace-pre-wrap break-words &#091;.text-message+&amp;&#093;:mt-5 juice:w-full juice:items-end overflow-x-auto gap-2\" dir=\"auto\" data-message-author-role=\"assistant\" data-message-id=\"9c61eae5-5df6-4019-8867-d4e1f78762be\">\n<div class=\"flex w-full flex-col gap-1 juice:empty:hidden juice:first:pt-&#091;3px&#093;\">\n<div class=\"markdown prose w-full break-words dark:prose-invert light\">\n<h3>Genel \u0130\u015f Ko\u015fullar\u0131 ve M\u00fc\u015fteri Bilgilendirmesi &amp; Veri Koruma Bilgileri<\/h3>\n<p>\u0130\u00e7indekiler A. M\u00fc\u015fteri Bilgilendirmesi ile Genel \u0130\u015f Ko\u015fullar\u0131<\/p>\n<ul>\n<li>Ge\u00e7erlilik Alan\u0131<\/li>\n<li>Fiyatlar ve \u00d6deme Ko\u015fullar\u0131<\/li>\n<li>Teslimat ve Nakliye Ko\u015fullar\u0131<\/li>\n<li>M\u00fclkiyet Hakk\u0131<\/li>\n<li>Kusur Sorumlulu\u011fu (Garanti)<\/li>\n<li>Sorumluluk<\/li>\n<li>Uygulanacak Hukuk<\/li>\n<li>Alternatif Uyu\u015fmazl\u0131k \u00c7\u00f6z\u00fcm\u00fc<\/li>\n<\/ul>\n<p>B. Veri Koruma Bilgileri<\/p>\n<ul>\n<li>Ki\u015fisel Verilerin Toplanmas\u0131 ve Sorumlunun \u0130leti\u015fim Bilgileri Hakk\u0131nda Bilgilendirme<\/li>\n<li>Sipari\u015f \u0130\u015flemleri \u0130\u00e7in Veri \u0130\u015fleme<\/li>\n<li>\u0130lgilinin Haklar\u0131<\/li>\n<li>Ki\u015fisel Verilerin Saklanma S\u00fcresi<\/li>\n<\/ul>\n<h3>A. M\u00fc\u015fteri Bilgilendirmesi ile Genel \u0130\u015f Ko\u015fullar\u0131<\/h3>\n<h4>1) Ge\u00e7erlilik Alan\u0131<\/h4>\n<p>1.1 Bu Genel \u0130\u015f Ko\u015fullar\u0131 (bundan sonra &#8220;G\u0130K&#8221;) Hidir Bakis (bundan sonra &#8220;Sat\u0131c\u0131&#8221;) taraf\u0131ndan ma\u011faza ve sat\u0131\u015f alanlar\u0131nda sergilenen ve\/veya tan\u0131t\u0131m\u0131 yap\u0131lan \u00fcr\u00fcnler i\u00e7in al\u0131c\u0131 (t\u00fcketici veya i\u015fletme) ile sat\u0131c\u0131 aras\u0131nda her iki taraf\u0131n da haz\u0131r bulundu\u011fu s\u00f6zle\u015fmeler i\u00e7in ge\u00e7erlidir. M\u00fc\u015fterinin kendi \u015fartlar\u0131n\u0131n dahil edilmesi reddedilmi\u015ftir, aksi kararla\u015ft\u0131r\u0131lmad\u0131k\u00e7a ge\u00e7erli de\u011fildir.<\/p>\n<p>1.2 Bu G\u0130K&#8217;nin anlam\u0131 dahilinde t\u00fcketici, bir ticari veya serbest mesleki faaliyetine atfedilemeyen ama\u00e7lar do\u011frultusunda bir hukuki i\u015flem ger\u00e7ekle\u015ftiren her ger\u00e7ek ki\u015fidir. Bu G\u0130K&#8217;nin anlam\u0131 dahilinde i\u015fletme, hukuki i\u015flem s\u0131ras\u0131nda ticari veya serbest mesleki faaliyeti \u00e7er\u00e7evesinde hareket eden ger\u00e7ek veya t\u00fczel ki\u015fi ya da t\u00fczel ki\u015filik ortakl\u0131\u011f\u0131d\u0131r.<\/p>\n<h4>2) Fiyatlar ve \u00d6deme Ko\u015fullar\u0131<\/h4>\n<p>2.1 Belirtilen fiyatlar, yasal katma de\u011fer vergisini i\u00e7eren toplam fiyatlard\u0131r.<\/p>\n<p>2.2 \u00d6deme se\u00e7enekleri m\u00fc\u015fteriye sat\u0131c\u0131n\u0131n ma\u011fazas\u0131nda bildirilir.<\/p>\n<h4>3) Teslimat ve Nakliye Ko\u015fullar\u0131<\/h4>\n<p>Sat\u0131c\u0131, m\u00fc\u015fterinin talebi \u00fczerine sat\u0131lan \u00fcr\u00fcn\u00fc m\u00fc\u015fterinin belirtti\u011fi teslimat adresine g\u00f6nderdi\u011finde, teslimat i\u00e7in a\u015fa\u011f\u0131daki ko\u015fullar ge\u00e7erlidir:<\/p>\n<p>3.1 Avrupa Birli\u011fi d\u0131\u015f\u0131ndaki \u00fclkelere yap\u0131lan teslimatlarda, sat\u0131c\u0131n\u0131n sorumlulu\u011funda olmayan ve m\u00fc\u015fterinin \u00f6demesi gereken ek maliyetler do\u011fabilir. Bunlar ithalat vergileri veya di\u011fer vergilerdir (\u00f6rne\u011fin g\u00fcmr\u00fck vergileri).<\/p>\n<p>3.2 Nakliye ile teslim edilen \u00fcr\u00fcnler, &#8220;kald\u0131r\u0131m kenar\u0131na teslim&#8221; olarak teslim edilir, yani teslimat adresine en yak\u0131n kamu kald\u0131r\u0131m\u0131 kenar\u0131na kadar teslim edilir, aksi belirtilmedik\u00e7e veya aksi kararla\u015ft\u0131r\u0131lmad\u0131k\u00e7a.<\/p>\n<p>3.3 Nakliye \u015firketi, teslimat\u0131n m\u00fcmk\u00fcn olmamas\u0131 nedeniyle \u00fcr\u00fcn\u00fc sat\u0131c\u0131ya geri g\u00f6nderirse, m\u00fc\u015fteri ba\u015far\u0131s\u0131z teslimat\u0131n maliyetini \u00fcstlenir. Bu durum, m\u00fc\u015fteri teslimat\u0131n imkans\u0131zl\u0131\u011f\u0131na sebep olan durumu sorumluluk olarak ta\u015f\u0131mad\u0131\u011f\u0131nda veya m\u00fc\u015fteri sunulan hizmeti ge\u00e7ici olarak kabul edemeyecek durumda oldu\u011funda ve sat\u0131c\u0131 m\u00fc\u015fteriye hizmeti makul bir s\u00fcre \u00f6nce bildirmi\u015fse ge\u00e7erli de\u011fildir. Ayr\u0131ca, m\u00fc\u015fteri cayma hakk\u0131n\u0131 etkili bir \u015fekilde kullan\u0131rsa, ilk g\u00f6nderim maliyetleri cayma hakk\u0131 \u00e7er\u00e7evesinde d\u00fczenlemelere tabidir.<\/p>\n<p>3.4 M\u00fc\u015fteri bir i\u015fletme olarak hareket ediyorsa, \u00fcr\u00fcn\u00fcn teslimat riskleri sat\u0131c\u0131 \u00fcr\u00fcn\u00fc nakliye \u015firketine teslim eder etmez m\u00fc\u015fteriye ge\u00e7er. M\u00fc\u015fteri bir t\u00fcketici olarak hareket ediyorsa, \u00fcr\u00fcn\u00fcn teslimat riskleri temel olarak \u00fcr\u00fcn m\u00fc\u015fteri veya yetkili bir ki\u015fiye teslim edildi\u011finde m\u00fc\u015fteriye ge\u00e7er. Ancak, m\u00fc\u015fteri nakliye \u015firketi ile do\u011frudan anla\u015fma yapar ve sat\u0131c\u0131 bu ki\u015fiyi m\u00fc\u015fteriyle tan\u0131\u015ft\u0131rmazsa, teslimat riskleri sat\u0131c\u0131 \u00fcr\u00fcn\u00fc nakliye \u015firketine teslim eder etmez m\u00fc\u015fteriye ge\u00e7er.<\/p>\n<p>3.5 Sat\u0131c\u0131, do\u011fru ve zaman\u0131nda kendi tedarik\u00e7isi taraf\u0131ndan tedarik edilememesi durumunda s\u00f6zle\u015fmeden \u00e7ekilme hakk\u0131n\u0131 sakl\u0131 tutar. Bu durum yaln\u0131zca sat\u0131c\u0131n\u0131n kontrol\u00fc d\u0131\u015f\u0131nda olan ve gerekli \u00f6zeni g\u00f6stererek bir tedarik s\u00f6zle\u015fmesi yapt\u0131\u011f\u0131 durumlar i\u00e7in ge\u00e7erlidir. \u00dcr\u00fcn temin edilemedi\u011finde veya k\u0131smen temin edilebildi\u011finde m\u00fc\u015fteri bilgilendirilecek ve kar\u015f\u0131l\u0131\u011f\u0131 olan \u00f6deme hemen iade edilecektir.<\/p>\n<h4>4) M\u00fclkiyet Hakk\u0131<\/h4>\n<p>4.1 T\u00fcketicilere kar\u015f\u0131, sat\u0131c\u0131 tam \u00f6deme alana kadar teslim edilen \u00fcr\u00fcnlerin m\u00fclkiyetini sakl\u0131 tutar.<\/p>\n<p>4.2 \u0130\u015fletmelere kar\u015f\u0131, sat\u0131c\u0131 t\u00fcm ticari i\u015flemlerden do\u011fan talepler tamamen \u00f6denene kadar teslim edilen \u00fcr\u00fcnlerin m\u00fclkiyetini sakl\u0131 tutar.<\/p>\n<p>4.3 M\u00fc\u015fteri bir i\u015fletme olarak hareket ediyorsa, m\u00fclkiyet hakk\u0131 sakl\u0131 olan mallar\u0131 d\u00fczenli i\u015f s\u00fcreci i\u00e7inde yeniden satma hakk\u0131na sahiptir. Bu durumda m\u00fc\u015fteri, \u00fc\u00e7\u00fcnc\u00fc taraflardan do\u011fan t\u00fcm talepleri sat\u0131c\u0131ya devreder. Bu devir, m\u00fclkiyet hakk\u0131 sakl\u0131 olan mallar\u0131n i\u015flenip i\u015flenmedi\u011finden ba\u011f\u0131ms\u0131z olarak ge\u00e7erlidir. M\u00fc\u015fteri, devredilen talepleri tahsil etmeye yetkilidir. Ancak, sat\u0131c\u0131 bu talepleri kendisi tahsil edebilir. Sat\u0131c\u0131, m\u00fc\u015fterinin \u00f6deme y\u00fck\u00fcml\u00fcl\u00fcklerini yerine getirdi\u011fi s\u00fcrece talepleri tahsil etmeyecektir.<\/p>\n<h4>5) Kusur Sorumlulu\u011fu (Garanti)<\/h4>\n<p>Sat\u0131n al\u0131nan \u00fcr\u00fcn\u00fcn kusurlu olmas\u0131 durumunda, yasal garanti h\u00fck\u00fcmleri ge\u00e7erlidir. Aksi belirtilen durumlar:<\/p>\n<p>5.1 M\u00fc\u015fteri bir i\u015fletme olarak hareket ediyorsa,<\/p>\n<ul>\n<li>Sat\u0131c\u0131, d\u00fczeltme y\u00f6ntemi konusunda se\u00e7im hakk\u0131na sahiptir;<\/li>\n<li>Yeni \u00fcr\u00fcnler i\u00e7in kusur zaman a\u015f\u0131m\u0131 s\u00fcresi, riskin ge\u00e7i\u015finden itibaren bir y\u0131ld\u0131r;<\/li>\n<li>Kullan\u0131lm\u0131\u015f mallar i\u00e7in kusur ve hak iddialar\u0131 genellikle hari\u00e7 tutulur;<\/li>\n<li>Kusurun giderilmesi durumunda zaman a\u015f\u0131m\u0131 s\u00fcresi yeniden ba\u015flamaz.<\/li>\n<\/ul>\n<p>5.2 M\u00fc\u015fteri bir t\u00fcketici olarak hareket ediyorsa, kullan\u0131lm\u0131\u015f mallar i\u00e7in kusur iddialar\u0131n\u0131n zaman a\u015f\u0131m\u0131 s\u00fcresi, teslimattan itibaren bir y\u0131ld\u0131r.<\/p>\n<p>5.3 Yukar\u0131daki maddelerde belirtilen sorumluluk k\u0131s\u0131tlamalar\u0131 ve zaman a\u015f\u0131m\u0131 s\u00fcreleri,<\/p>\n<ul>\n<li>Normal kullan\u0131m amac\u0131yla bir yap\u0131ya dahil edilen ve kusurlulu\u011fa neden olan mallar i\u00e7in ge\u00e7erli de\u011fildir;<\/li>\n<li>M\u00fc\u015fterinin tazminat talepleri ve masraf talepleri i\u00e7in ge\u00e7erli de\u011fildir;<\/li>\n<li>Sat\u0131c\u0131n\u0131n kusuru kasten gizledi\u011fi durumlar i\u00e7in ge\u00e7erli de\u011fildir.<\/li>\n<\/ul>\n<p>5.4 \u0130\u015fletmeler i\u00e7in ayr\u0131ca, kanuni geri alma hakk\u0131 zaman a\u015f\u0131m\u0131 s\u00fcreleri etkilenmez.<\/p>\n<p>5.5 M\u00fc\u015fteri, Alman Ticaret Kanunu&#8217;na (HGB) g\u00f6re t\u00fcccar ise, ticari muayene ve bildirim y\u00fck\u00fcml\u00fcl\u00fcklerine uymak zorundad\u0131r. M\u00fc\u015fteri bu y\u00fck\u00fcml\u00fcl\u00fckleri yerine getirmezse, \u00fcr\u00fcn kabul edilmi\u015f say\u0131l\u0131r.<\/p>\n<p>5.6 M\u00fc\u015fteri bir t\u00fcketici olarak hareket ediyorsa, teslim edilen \u00fcr\u00fcnlerdeki bariz ta\u015f\u0131ma hasarlar\u0131n\u0131 nakliyeciye bildirmesi ve sat\u0131c\u0131y\u0131 bilgilendirmesi istenir. M\u00fc\u015fteri bu i\u015flemi yapmazsa, yasal veya s\u00f6zle\u015fmesel garanti talepleri etkilenmez.<\/p>\n<h4>6) Sorumluluk<\/h4>\n<p>Sat\u0131c\u0131, m\u00fc\u015fteriye kar\u015f\u0131 t\u00fcm s\u00f6zle\u015fmesel, s\u00f6zle\u015fme d\u0131\u015f\u0131 ve yasal, ayr\u0131ca haks\u0131z fiil taleplerine g\u00f6re tazminat ve masraf talepleri i\u00e7in a\u015fa\u011f\u0131daki gibi sorumludur:<\/p>\n<p>6.1 Sat\u0131c\u0131 her t\u00fcrl\u00fc hukuki sebep ile s\u0131n\u0131rs\u0131z sorumludur<\/p>\n<ul>\n<li>Kasten veya a\u011f\u0131r ihmal sonucu zararlar,<\/li>\n<li>Kasten veya ihmal sonucu ya\u015fam, v\u00fccut veya sa\u011fl\u0131k zararlar\u0131,<\/li>\n<li>Garanti taahh\u00fcd\u00fc kapsam\u0131nda,<\/li>\n<li>Zorunlu yasal sorumluluk durumlar\u0131nda (\u00f6rn. \u00dcr\u00fcn Sorumlulu\u011fu Yasas\u0131).<\/li>\n<\/ul>\n<p>6.2 Sat\u0131c\u0131, hafif ihmal sonucu temel s\u00f6zle\u015fme y\u00fck\u00fcml\u00fcl\u00fc\u011f\u00fcn\u00fc ihlal ederse, sorumluluk, s\u00f6zle\u015fme tipik \u00f6ng\u00f6r\u00fclebilir zararlarla s\u0131n\u0131rl\u0131d\u0131r. Temel s\u00f6zle\u015fme y\u00fck\u00fcml\u00fcl\u00fckleri, s\u00f6zle\u015fmenin amac\u0131 i\u00e7in \u00f6nemli olan ve m\u00fc\u015fterinin d\u00fczenli olarak g\u00fcvenebilece\u011fi y\u00fck\u00fcml\u00fcl\u00fcklerdir.<\/p>\n<p>6.3 Di\u011fer durumlarda sat\u0131c\u0131n\u0131n sorumlulu\u011fu hari\u00e7 tutulur.<\/p>\n<p>6.4 Yukar\u0131daki sorumluluk d\u00fczenlemeleri, sat\u0131c\u0131n\u0131n yerine getirme yard\u0131mc\u0131lar\u0131 ve yasal temsilcileri i\u00e7in de ge\u00e7erlidir.<\/p>\n<h4>7) Uygulanacak Hukuk<\/h4>\n<p>Taraflar\u0131n t\u00fcm hukuki ili\u015fkileri i\u00e7in Almanya Federal Cumhuriyeti&#8217;nin hukuku ge\u00e7erlidir. T\u00fcketiciler i\u00e7in bu hukuk se\u00e7imi, t\u00fcketicinin daimi ikametgah\u0131n\u0131n bulundu\u011fu \u00fclkenin zorunlu koruma h\u00fck\u00fcmlerini etkilemez.<\/p>\n<h4>8) Alternatif Uyu\u015fmazl\u0131k \u00c7\u00f6z\u00fcm\u00fc<\/h4>\n<p>8.1 AB Komisyonu, internet \u00fczerinden \u015fu ba\u011flant\u0131 alt\u0131nda bir \u00e7evrimi\u00e7i uyu\u015fmazl\u0131k \u00e7\u00f6z\u00fcm platformu sunmaktad\u0131r: <a href=\"https:\/\/ec.europa.eu\/consumers\/odr\" target=\"_new\" rel=\"noreferrer noopener\">https:\/\/ec.europa.eu\/consumers\/odr<\/a>. Bu platform, t\u00fcketicilerin kat\u0131ld\u0131\u011f\u0131 \u00e7evrimi\u00e7i al\u0131\u015fveri\u015f veya hizmet s\u00f6zle\u015fmelerinden do\u011fan uyu\u015fmazl\u0131klar\u0131n mahkeme d\u0131\u015f\u0131 \u00e7\u00f6z\u00fcm\u00fc i\u00e7in bir ba\u015fvuru noktas\u0131 olarak hizmet vermektedir.<\/p>\n<p>8.2 Sat\u0131c\u0131, bir t\u00fcketici tahkim kurulu \u00f6n\u00fcnde uyu\u015fmazl\u0131k \u00e7\u00f6z\u00fcm prosed\u00fcr\u00fcne kat\u0131lmakla y\u00fck\u00fcml\u00fc veya istekli de\u011fildir.<\/p>\n<h3>B. Veri Koruma Bilgileri<\/h3>\n<h4>1) Ki\u015fisel Verilerin Toplanmas\u0131 ve Sorumlunun \u0130leti\u015fim Bilgileri Hakk\u0131nda Bilgilendirme<\/h4>\n<p>1.1 A\u015fa\u011f\u0131da, ki\u015fisel verilerinizin nas\u0131l ele al\u0131nd\u0131\u011f\u0131 hakk\u0131nda bilgi vermekteyiz. Ki\u015fisel veriler, sizinle do\u011frudan ili\u015fkilendirilebilen t\u00fcm verilerdir.<\/p>\n<p>1.2 Bu web sitesinde veri i\u015fleme konusunda sorumlu ki\u015fi, Hidir Bakis, Hauptstr. 42, 07751 Rothenstein, Almanya, Tel.: 036424 713790, Faks: 036424 713791, E-posta: <a rel=\"noreferrer\">alibakis@hotmail.de<\/a>. Ki\u015fisel verilerin i\u015flenmesinden sorumlu ki\u015fi, yaln\u0131z veya ba\u015fkalar\u0131yla birlikte ki\u015fisel verilerin i\u015flenme ama\u00e7 ve ara\u00e7lar\u0131na karar veren ger\u00e7ek veya t\u00fczel ki\u015fidir.<\/p>\n<h4>2) Sipari\u015f \u0130\u015flemleri \u0130\u00e7in Veri \u0130\u015fleme<\/h4>\n<p>\u00d6deme i\u015flemlerinde, \u00f6deme verilerinizi ilgili kredi kurulu\u015funa, \u00f6deme i\u015flemi i\u00e7in gerekli oldu\u011fu s\u00fcrece iletece\u011fiz. \u00d6deme hizmet sa\u011flay\u0131c\u0131lar\u0131 kullan\u0131l\u0131yorsa, bu konuda a\u015fa\u011f\u0131da a\u00e7\u0131k\u00e7a bilgilendirme yap\u0131lacakt\u0131r. Verilerin aktar\u0131lmas\u0131n\u0131n yasal dayana\u011f\u0131, DSGVO Madde 6 (1) b&#8217;dir.<\/p>\n<h4>3) \u0130lgilinin Haklar\u0131<\/h4>\n<p>3.1 Y\u00fcr\u00fcrl\u00fckteki veri koruma yasas\u0131, ki\u015fisel verilerinizin i\u015flenmesine ili\u015fkin olarak size geni\u015f haklar tan\u0131maktad\u0131r (eri\u015fim ve m\u00fcdahale haklar\u0131). A\u015fa\u011f\u0131da bu haklar hakk\u0131nda bilgi vermekteyiz:<\/p>\n<ul>\n<li><strong>Eri\u015fim Hakk\u0131 (DSGVO Madde 15):<\/strong> \u0130\u015fledi\u011fimiz ki\u015fisel verileriniz, i\u015fleme ama\u00e7lar\u0131, i\u015flenen ki\u015fisel veri kategorileri, verilerin if\u015fa edildi\u011fi veya edilece\u011fi al\u0131c\u0131lar veya al\u0131c\u0131 kategorileri, planlanan saklama s\u00fcresi veya saklama s\u00fcresinin belirlenmesi i\u00e7in kullan\u0131lan kriterler, d\u00fczeltme, silme, i\u015fleme k\u0131s\u0131tlamas\u0131, i\u015fleme itiraz\u0131, denetim makam\u0131na \u015fikayet hakk\u0131, verilerinizin kayna\u011f\u0131, bu verilerin otomatik karar verme dahil olmak \u00fczere i\u015flenme mant\u0131\u011f\u0131 ve etkileri ve verilerinizin \u00fc\u00e7\u00fcnc\u00fc \u00fclkelere aktar\u0131lmas\u0131 konusunda bilgi alma hakk\u0131n\u0131z vard\u0131r.<\/li>\n<li><strong>D\u00fczeltme Hakk\u0131 (DSGVO Madde 16):<\/strong> Yanl\u0131\u015f olan verilerinizin d\u00fczeltilmesini ve eksik olan verilerinizin tamamlanmas\u0131n\u0131 talep etme hakk\u0131n\u0131z vard\u0131r.<\/li>\n<li><strong>Silme Hakk\u0131 (DSGVO Madde 17):<\/strong> DSGVO Madde 17&#8217;de belirtilen ko\u015fullar alt\u0131nda ki\u015fisel verilerinizin silinmesini talep etme hakk\u0131n\u0131z vard\u0131r. Ancak, verilerin i\u015flenmesi ifade \u00f6zg\u00fcrl\u00fc\u011f\u00fc, yasal y\u00fck\u00fcml\u00fcl\u00fcklerin yerine getirilmesi, kamu \u00e7\u0131karlar\u0131 veya yasal hak talepleri i\u00e7in gerekliyse, bu hak ge\u00e7erli de\u011fildir.<\/li>\n<li><strong>\u0130\u015fleme K\u0131s\u0131tlama Hakk\u0131 (DSGVO Madde 18):<\/strong> Verilerinizin do\u011frulu\u011fu taraf\u0131n\u0131zca itiraz edildi\u011fi s\u00fcrece, verilerin yasad\u0131\u015f\u0131 bir \u015fekilde i\u015flenmesine kar\u015f\u0131 verilerinizi silmeyi reddediyorsan\u0131z, verilerinizi yasal hak talepleri i\u00e7in gerekliyse veya DSGVO Madde 21 (1) uyar\u0131nca itirazda bulundu\u011funuz s\u00fcrece verilerin i\u015flenmesinin k\u0131s\u0131tlanmas\u0131n\u0131 talep etme hakk\u0131n\u0131z vard\u0131r.<\/li>\n<li><strong>Bilgilendirme Hakk\u0131 (DSGVO Madde 19):<\/strong> D\u00fczeltme, silme veya i\u015fleme k\u0131s\u0131tlamas\u0131 taleplerinizi if\u015fa etti\u011finiz t\u00fcm al\u0131c\u0131lar hakk\u0131nda bilgilendirilme hakk\u0131n\u0131z vard\u0131r.<\/li>\n<li><strong>Veri Ta\u015f\u0131nabilirli\u011fi Hakk\u0131 (DSGVO Madde 20):<\/strong> Bize sa\u011flad\u0131\u011f\u0131n\u0131z ki\u015fisel verilerinizi yap\u0131land\u0131r\u0131lm\u0131\u015f, yayg\u0131n olarak kullan\u0131lan ve makine taraf\u0131ndan okunabilir bir formatta alma veya teknik olarak m\u00fcmk\u00fcnse ba\u015fka bir sorumluya iletilmesini talep etme hakk\u0131n\u0131z vard\u0131r.<\/li>\n<li><strong>R\u0131zan\u0131n Geri Al\u0131nmas\u0131 Hakk\u0131 (DSGVO Madde 7 (3)):<\/strong> Verilerin i\u015flenmesine y\u00f6nelik verdi\u011finiz izni gelecekte ge\u00e7erli olacak \u015fekilde herhangi bir zamanda geri \u00e7ekme hakk\u0131n\u0131z vard\u0131r. Geri \u00e7ekme durumunda, verilerinizi derhal silece\u011fiz, aksi takdirde yasal dayanak olmadan i\u015flenmeye devam edemez. \u0130zin geri \u00e7ekildi\u011finde, \u00f6nceki i\u015flemenin yasal dayana\u011f\u0131 etkilenmez.<\/li>\n<li><strong>\u015eikayet Hakk\u0131 (DSGVO Madde 77):<\/strong> Ki\u015fisel verilerinizin DSGVO&#8217;ya ayk\u0131r\u0131 i\u015flendi\u011fine inan\u0131yorsan\u0131z, yerle\u015fim yerinizdeki, i\u015f yerinizdeki veya ihlal iddias\u0131n\u0131n yap\u0131ld\u0131\u011f\u0131 yerdeki denetim makam\u0131na \u015fikayette bulunma hakk\u0131n\u0131z vard\u0131r.<\/li>\n<\/ul>\n<p>3.2 \u0130tiraz Hakk\u0131<\/p>\n<p>Ki\u015fisel verilerinizi me\u015fru menfaatlerimiz do\u011frultusunda i\u015fledi\u011fimizde, ki\u015fisel durumunuzdan kaynaklanan nedenlerle bu i\u015flemlere gelecekte ge\u00e7erli olacak \u015fekilde itiraz etme hakk\u0131n\u0131z vard\u0131r. \u0130tiraz hakk\u0131n\u0131z\u0131 kullan\u0131rsan\u0131z, verilerin i\u015flenmesini durdururuz. Ancak, zorlay\u0131c\u0131 yasal nedenler verilerin i\u015flenmesi gerekti\u011fini g\u00f6sterirse veya yasal hak taleplerini savunmak i\u00e7in verilerin i\u015flenmesi gerekliyse, i\u015fleme devam edilebilir.<\/p>\n<p>Ki\u015fisel verilerinizi do\u011frudan pazarlama amac\u0131yla i\u015fledi\u011fimizde, bu t\u00fcr i\u015flemlere gelecekte ge\u00e7erli olacak \u015fekilde itiraz etme hakk\u0131n\u0131z vard\u0131r. \u0130tiraz\u0131n\u0131z\u0131 yukar\u0131da belirtilen \u015fekilde kullanabilirsiniz.<\/p>\n<p>\u0130tiraz hakk\u0131n\u0131z\u0131 kullan\u0131rsan\u0131z, verilerin do\u011frudan pazarlama amac\u0131yla i\u015flenmesini durdururuz.<\/p>\n<h4>4) Ki\u015fisel Verilerin Saklanma S\u00fcresi<\/h4>\n<p>Ki\u015fisel verilerin saklanma s\u00fcresi, yasal saklama s\u00fcresi ile belirlenir (\u00f6rn. ticaret ve vergi yasalar\u0131). S\u00fcre sona erdikten sonra, s\u00f6zle\u015fme gereklilikleri veya yasal \u00e7\u0131karlar\u0131m\u0131z olmad\u0131k\u00e7a ilgili veriler rutin olarak silinir.<\/p>\n<\/div>\n<\/div>\n<\/div>\n<\/div>\n<p><\/div><\/div><\/div><\/div>\n<p><br \/>\n<\/p>\n<\/div>\n<\/div>\n<\/div>\n<\/div>\n<\/div>","protected":false},"excerpt":{"rendered":"Genel \u0130\u015f Ko\u015fullar\u0131 ve M\u00fc\u015fteri Bilgilendirmesi &amp; Veri Koruma Bilgileri \u0130\u00e7indekiler A. M\u00fc\u015fteri Bilgilendirmesi ile Genel \u0130\u015f Ko\u015fullar\u0131 Ge\u00e7erlilik Alan\u0131","protected":false},"author":1,"featured_media":0,"parent":0,"menu_order":0,"comment_status":"closed","ping_status":"closed","template":"","meta":{"_joinchat":[],"footnotes":""},"class_list":["post-11317","page","type-page","status-publish","hentry"],"_links":{"self":[{"href":"https:\/\/bakistextile.com\/tr\/wp-json\/wp\/v2\/pages\/11317","targetHints":{"allow":["GET"]}}],"collection":[{"href":"https:\/\/bakistextile.com\/tr\/wp-json\/wp\/v2\/pages"}],"about":[{"href":"https:\/\/bakistextile.com\/tr\/wp-json\/wp\/v2\/types\/page"}],"author":[{"embeddable":true,"href":"https:\/\/bakistextile.com\/tr\/wp-json\/wp\/v2\/users\/1"}],"replies":[{"embeddable":true,"href":"https:\/\/bakistextile.com\/tr\/wp-json\/wp\/v2\/comments?post=11317"}],"version-history":[{"count":1,"href":"https:\/\/bakistextile.com\/tr\/wp-json\/wp\/v2\/pages\/11317\/revisions"}],"predecessor-version":[{"id":11319,"href":"https:\/\/bakistextile.com\/tr\/wp-json\/wp\/v2\/pages\/11317\/revisions\/11319"}],"wp:attachment":[{"href":"https:\/\/bakistextile.com\/tr\/wp-json\/wp\/v2\/media?parent=11317"}],"curies":[{"name":"wp","href":"https:\/\/api.w.org\/{rel}","templated":true}]}}