{"id":12,"date":"2024-06-01T15:34:44","date_gmt":"2024-06-01T12:34:44","guid":{"rendered":"https:\/\/bakistextile.com\/hesabim\/"},"modified":"2025-12-16T00:42:10","modified_gmt":"2025-12-15T21:42:10","slug":"hakkimizda","status":"publish","type":"page","link":"https:\/\/bakistextile.com\/en\/about-us\/","title":{"rendered":"About Us"},"content":{"rendered":"<div class=\"wpb-content-wrapper\"><div class=\"vc_row wpb_row vc_row-fluid\"><div class=\"wpb_column vc_column_container vc_col-sm-12\"><div class=\"vc_column-inner\"><div class=\"wpb_wrapper\">\n\t<div class=\"wpb_text_column wpb_content_element\" >\n\t\t<div class=\"wpb_wrapper\">\n\t\t\t<h2><\/h2>\n<h2><img loading=\"lazy\" decoding=\"async\" class=\"alignright wp-image-27481 size-full\" src=\"https:\/\/bakistextile.com\/wp-content\/uploads\/2025\/12\/bakis-tekstil.jpg\" alt=\"\" width=\"679\" height=\"497\" \/>Brand Quality at an Affordable Price!<\/h2>\n<p data-start=\"34\" data-end=\"307\">Since 1993, Bakis Tekstile has been firmly established in the European market.<br data-start=\"121\" data-end=\"124\" \/>With the goal of creating a global brand, our company provides services in accordance with international standards and has become one of the leading importers in Germany through its continuously growing performance.<\/p>\n<p data-start=\"309\" data-end=\"611\">With modern collections featuring unique designs, \u201cThe Bakis\u201d has earned well-deserved recognition from consumers and continues to shine as a star in the industry. Our customers are wholesalers from all across Europe, and we provide the best service from our 2,400 m\u00b2 sales warehouse.<\/p>\n<p data-start=\"613\" data-end=\"974\">Our vision, commitment to quality, creativity, and flexibility\u2014as well as our faith in the future of T\u00fcrkiye and the country we live in\u2014make us even stronger. Using high-quality raw materials, our company places great importance on human health and environmental sustainability. We respond to ever-changing customer demands with creative ideas and carefully selected motifs, colors, and patterns.<\/p>\n<p data-start=\"976\" data-end=\"1245\" data-is-last-node=\"\" data-is-only-node=\"\">Our goal is to offer our customers world-class products that reflect the latest fashion trends. We continuously renew ourselves and grow day by day, working tirelessly to achieve better results and maintain the highest level of customer satisfaction.<\/p>\n<p><strong>Our Registered Trademarks:<\/strong><\/p>\n<ul>\n<li>THE BAKIS<\/li>\n<li>THE BAKIS THE WORLD OF UNDERWEAR<\/li>\n<li>ORIGINAL THE BAKIS UNDERWEAR<\/li>\n<li>BAKIS TEXT\u0130L<\/li>\n<li>SPORTMANN<\/li>\n<li>STYLEENMORE<\/li>\n<\/ul>\n\n\t\t<\/div>\n\t<\/div>\n<\/div><\/div><\/div><\/div>\n<\/div>","protected":false},"excerpt":{"rendered":"Marka kalitesi, uygun fiyatla! 1993 y\u0131l\u0131ndan bu yana Bak\u0131\u015f Tekstil Avrupa pazar\u0131nda sa\u011flam bir \u015fekilde yer edinmi\u015ftir.K\u00fcresel bir marka olu\u015fturma","protected":false},"author":1,"featured_media":0,"parent":0,"menu_order":0,"comment_status":"closed","ping_status":"closed","template":"","meta":{"_joinchat":[],"footnotes":""},"class_list":["post-12","page","type-page","status-publish","hentry"],"_links":{"self":[{"href":"https:\/\/bakistextile.com\/en\/wp-json\/wp\/v2\/pages\/12","targetHints":{"allow":["GET"]}}],"collection":[{"href":"https:\/\/bakistextile.com\/en\/wp-json\/wp\/v2\/pages"}],"about":[{"href":"https:\/\/bakistextile.com\/en\/wp-json\/wp\/v2\/types\/page"}],"author":[{"embeddable":true,"href":"https:\/\/bakistextile.com\/en\/wp-json\/wp\/v2\/users\/1"}],"replies":[{"embeddable":true,"href":"https:\/\/bakistextile.com\/en\/wp-json\/wp\/v2\/comments?post=12"}],"version-history":[{"count":24,"href":"https:\/\/bakistextile.com\/en\/wp-json\/wp\/v2\/pages\/12\/revisions"}],"predecessor-version":[{"id":47097,"href":"https:\/\/bakistextile.com\/en\/wp-json\/wp\/v2\/pages\/12\/revisions\/47097"}],"wp:attachment":[{"href":"https:\/\/bakistextile.com\/en\/wp-json\/wp\/v2\/media?parent=12"}],"curies":[{"name":"wp","href":"https:\/\/api.w.org\/{rel}","templated":true}]}}