{"id":39383,"date":"2025-11-06T16:28:46","date_gmt":"2025-11-06T13:28:46","guid":{"rendered":"https:\/\/bakistextile.com\/?page_id=39383"},"modified":"2025-12-18T19:26:49","modified_gmt":"2025-12-18T16:26:49","slug":"markaniz-icin-uretiyoruz","status":"publish","type":"page","link":"https:\/\/bakistextile.com\/de\/markaniz-icin-uretiyoruz\/","title":{"rendered":"Wir Produzieren f\u00fcr Ihre Marke"},"content":{"rendered":"<div class=\"wpb-content-wrapper\"><div class=\"vc_row wpb_row vc_row-fluid\"><div class=\"wpb_column vc_column_container vc_col-sm-12\"><div class=\"vc_column-inner\"><div class=\"wpb_wrapper\">\n\t<div class=\"wpb_text_column wpb_content_element\" >\n\t\t<div class=\"wpb_wrapper\">\n\t\t\t<\/p>\n<p>Bakis Tekstil ist ein auf Unterw\u00e4sche spezialisiertes Unternehmen. Wir bieten sowohl unsere eigenen Kollektionen und Produktlinien an als auch die M\u00f6glichkeit, individuelle Modelle f\u00fcr unsere Kunden unter deren eigener Marke zu produzieren.<\/p>\n<p><strong>Produktionsprozess:<\/strong><br \/>\nDesign, Schnittmustererstellung, Musterfertigung und Serienproduktion \u2013 alle Produktionsschritte werden von unserem Unternehmen mit h\u00f6chster Sorgfalt durchgef\u00fchrt.<\/p>\n<p><strong>Markenspezifische Produktion:<\/strong><br \/>\nWir bieten markenspezifische Produktionsl\u00f6sungen an. Dabei arbeiten wir schnell, zuverl\u00e4ssig und flexibel, ohne Kompromisse bei den Qualit\u00e4tsstandards einzugehen.<\/p>\n<p><strong>Unsere Mission:<\/strong><br \/>\nAlle Prozesse \u2013 von Zuschnitt und N\u00e4hen \u00fcber Qualit\u00e4tskontrolle bis hin zur Verpackung \u2013 aus einer Hand zu betreiben und so zum Markenwert unserer Kunden beizutragen.<\/p>\n<p><strong>Mindestst\u00fcckzahl:<\/strong><br \/>\nDie Mindestbestellmengen werden je nach Modell und Details festgelegt.<\/p>\n<p><strong>Export:<\/strong><br \/>\nWir produzieren f\u00fcr verschiedene Marken in Europa, insbesondere in Deutschland, und ber\u00fccksichtigen dabei die Anforderungen an Etikettierung und Markenkennzeichnung.<\/p>\n<p><strong>Warum wir?<\/strong><\/p>\n<p>Markenspezifische Produktion<\/p>\n<p>Flexible Modellentwicklung und schnelle Musterfertigung<\/p>\n<p>Regelm\u00e4\u00dfige Qualit\u00e4tskontrolle<\/p>\n<p>Vertraulichkeit und Markenschutz<\/p>\n<table>\n<thead>\n<tr>\n<th><strong>Gruppe \/ Produkt<\/strong><\/th>\n<th><strong>Beschreibung<\/strong><\/th>\n<\/tr>\n<\/thead>\n<tbody>\n<tr>\n<td><strong>MELANGE GRUPPE<\/strong><\/td>\n<td><\/td>\n<\/tr>\n<tr>\n<td>Melange Unterhemd \/ Melange Slip \/ Melange Boxer<\/td>\n<td>90 % Baumwolle, 10 % Polyester \u2013 Melange Rippstoff, Fl\u00e4chengewicht 160\u2013170 g\/m\u00b2<\/td>\n<\/tr>\n<tr>\n<td><strong>OPN-END GRUPPE<\/strong><\/td>\n<td><\/td>\n<\/tr>\n<tr>\n<td>Amerikanisches T-Shirt<\/td>\n<td>100 % Baumwolle \u2013 Single Jersey Melange-Stoff, Fl\u00e4chengewicht 130\u2013140 g\/m\u00b2<\/td>\n<\/tr>\n<tr>\n<td>Herren Unterhemd \/ Herren Slip \/ Herren Lange Slip<\/td>\n<td>Amerikanisches OPN-END-Baumwollgarn, 100 % Baumwolle \u2013 Rippstoff, Fl\u00e4chengewicht 160\u2013170 g\/m\u00b2<\/td>\n<\/tr>\n<tr>\n<td><strong>FEINRIPP GRUPPE<\/strong><\/td>\n<td><\/td>\n<\/tr>\n<tr>\n<td>Feinripp Herren Unterhemd \/ Feinripp Herren Slip<\/td>\n<td>100 % Amerikanische Baumwolle \u2013 Feinripp-Stoff, Fl\u00e4chengewicht 180\u2013190 g\/m\u00b2<\/td>\n<\/tr>\n<tr>\n<td><strong>DAMEN GRUPPEN<\/strong><\/td>\n<td><\/td>\n<\/tr>\n<tr>\n<td>Damen Unterhemd \/ Damen Slip \/ Bedruckter Slip<\/td>\n<td>100 % Amerikanische Baumwolle \u2013 Feinripp-Stoff, Fl\u00e4chengewicht 180\u2013190 g\/m\u00b2<\/td>\n<\/tr>\n<tr>\n<td><strong>DAMEN OPN-END GRUPPE<\/strong><\/td>\n<td><\/td>\n<\/tr>\n<tr>\n<td>Damen Slip Wei\u00df \/ Damen Slip Bedruckt<\/td>\n<td>Amerikanisches OPN-END-Baumwollgarn, 100 % Baumwolle \u2013 Rippstoff, Fl\u00e4chengewicht 160\u2013170 g\/m\u00b2<\/td>\n<\/tr>\n<tr>\n<td><\/td>\n<td><\/td>\n<\/tr>\n<tr>\n<td><strong>DAMEN LEGGINGS<\/strong><\/td>\n<td>95 % Baumwolle, 5 % Elasthan \u2013 Stretchstoff (Lycra), Fl\u00e4chengewicht 170\u2013180 g\/m\u00b2 \u2013 Compact Cotton<\/td>\n<\/tr>\n<tr>\n<td><strong>ORGANISCHE BIO PRODUKTE<\/strong><\/td>\n<td><\/td>\n<\/tr>\n<tr>\n<td>Herren Unterhemd \/ Herren Slip \/ Damen Unterhemd \/ Damen Slip<\/td>\n<td>100 % Organische (BIO) Baumwolle \u2013 BIO-Rippstoff, Fl\u00e4chengewicht 180\u2013190 g\/m\u00b2<\/td>\n<\/tr>\n<tr>\n<td><\/td>\n<td><\/td>\n<\/tr>\n<tr>\n<td><strong>HERREN THERMO<\/strong><\/td>\n<td>95 % Baumwolle, 5 % Polyester \u2013 Interlock-Stoff, Fl\u00e4chengewicht 230 g\/m\u00b2<\/td>\n<\/tr>\n<tr>\n<td><\/td>\n<td><\/td>\n<\/tr>\n<tr>\n<td>Nahtloser Damen-Slip \/ Nahtloser Damen-BH<\/td>\n<td>90 % Polyamid, 10 % Elasthan<\/td>\n<\/tr>\n<\/tbody>\n<\/table>\n<ul>\n<li>Unsere Stoffe werden in F\u00e4rbereien verarbeitet, die den europ\u00e4ischen Standards entsprechen und \u00fcber OEKO-TEX- und ISO-Qualit\u00e4tszertifikate verf\u00fcgen.<\/li>\n<li>Unsere Produkte werden in einer Fabrik hergestellt, die gem\u00e4\u00df den Standards des t\u00fcrkischen Arbeitsministeriums arbeitet und \u00fcber ein ISO-Arbeitszertifikat verf\u00fcgt.<\/li>\n<li>In unserem Werk werden die Produkte (Zuschneiden \u2013 N\u00e4hen \u2013 Verpacken) gem\u00e4\u00df den Anweisungen des Arbeits- und Sozialministeriums von qualifizierten Mitarbeitern hergestellt. (Kinderarbeit ist strikt untersagt.)<\/li>\n<li>Unsere Produkte werden auf ISO-zertifizierten Qualit\u00e4tsn\u00e4hmaschinen gefertigt.<\/li>\n<li>In unseren Produkten werden OEKO-TEX-zertifizierte N\u00e4hgarne verwendet.<\/li>\n<li>Die Nahtqualit\u00e4t unserer Produkte betr\u00e4gt 5 Stiche pro Zentimeter.<\/li>\n<li>F\u00fcr die Verpackung unserer Produkte werden recycelbare Materialien (Beutel \u2013 Karton \u2013 Klebeband) verwendet.<\/li>\n<\/ul>\n<p>\n<\/p>\n<h3 data-start=\"5156\" data-end=\"5184\">Unser Socken Produktionsprozess<\/h3>\n<p data-start=\"5185\" data-end=\"5495\">Die Grundlage unserer Sockenproduktion beginnt mit hochwertigen Rohstoffen. Wir verwenden nat\u00fcrliche und langlebige Materialien wie Baumwolle, Bambus, Wolle und recycelte Baumwolle. Diese Materialien werden in modernen Maschinen gem\u00e4\u00df den <strong data-start=\"5424\" data-end=\"5446\">Oeko-Tex-Standards<\/strong> verarbeitet und zu hochwertigen Garnen veredelt.<\/p>\n<p data-start=\"5497\" data-end=\"5688\">Die Garne werden auf <strong data-start=\"5518\" data-end=\"5535\">ISO-konformen<\/strong>, computergesteuerten Strickmaschinen zu Socken verarbeitet. Diese Maschinen erm\u00f6glichen die Herstellung von Socken in verschiedenen Mustern und St\u00e4rken.<\/p>\n<p data-start=\"5690\" data-end=\"5860\">Unsere Produktionsst\u00e4tten arbeiten vollst\u00e4ndig im Einklang mit den Vorschriften des <strong data-start=\"5774\" data-end=\"5824\">Ministeriums f\u00fcr Arbeit und Soziale Sicherheit<\/strong>. Kinderarbeit ist strikt untersagt.<\/p>\n<p data-start=\"5862\" data-end=\"5940\">Alle verwendeten Verpackungsmaterialien sind <strong data-start=\"5907\" data-end=\"5919\">recycelt<\/strong> oder <strong data-start=\"5925\" data-end=\"5939\">recycelbar<\/strong>.<\/p>\n<hr data-start=\"5942\" data-end=\"5945\" \/>\n<h3 data-start=\"5947\" data-end=\"5986\">Bambussocken f\u00fcr Damen und Herren<\/h3>\n<p data-start=\"5987\" data-end=\"6032\"><strong data-start=\"5987\" data-end=\"6032\">80 % Bambus \u2013 15 % Polyamid \u2013 5 % Elastan<\/strong><\/p>\n<p data-start=\"6034\" data-end=\"6239\">Unsere umweltfreundlichen Bambussocken vereinen Komfort und Eleganz in jedem Detail. Sie werden aus hochwertigen Garnen hergestellt und bieten hervorragende Atmungsaktivit\u00e4t sowie ganzt\u00e4gigen Tragekomfort.<\/p>\n<hr data-start=\"6241\" data-end=\"6244\" \/>\n<h3 data-start=\"6246\" data-end=\"6287\">Baumwollsocken f\u00fcr Damen und Herren<\/h3>\n<p data-start=\"6288\" data-end=\"6336\"><strong data-start=\"6288\" data-end=\"6336\">80 % Baumwolle \u2013 15 % Polyamid \u2013 5 % Elastan<\/strong><\/p>\n<p data-start=\"6338\" data-end=\"6545\">Diese Socken sind speziell f\u00fcr den t\u00e4glichen Gebrauch konzipiert und eignen sich sowohl f\u00fcr klassische als auch f\u00fcr sportliche Schuhe. Der doppelte Bund sorgt f\u00fcr einen sicheren Sitz ohne einengendes Gef\u00fchl.<\/p>\n<hr data-start=\"6547\" data-end=\"6550\" \/>\n<h3 data-start=\"6552\" data-end=\"6597\">Bio-Baumwollsocken f\u00fcr Damen und Herren<\/h3>\n<p data-start=\"6598\" data-end=\"6650\"><strong data-start=\"6598\" data-end=\"6650\">80 % Bio-Baumwolle \u2013 15 % Polyamid \u2013 5 % Elastan<\/strong><\/p>\n<p data-start=\"6652\" data-end=\"6833\">Bio-Baumwolle wird ohne den Einsatz von chemischen D\u00fcngemitteln oder Pestiziden angebaut und bietet eine besonders hautfreundliche, nat\u00fcrliche Struktur. Ideal f\u00fcr empfindliche Haut.<\/p>\n<p data-start=\"6835\" data-end=\"7049\">Bio-Baumwollsocken sorgen im Sommer f\u00fcr ein frisches Tragegef\u00fchl und halten im Winter angenehm warm. Dank ihrer nat\u00fcrlichen Feuchtigkeitsaufnahme bleiben die F\u00fc\u00dfe trocken und geruchsfrei \u2013 auch bei l\u00e4ngerem Tragen.<\/p>\n<hr data-start=\"7051\" data-end=\"7054\" \/>\n<h3 data-start=\"7056\" data-end=\"7091\">Wollsocken f\u00fcr Damen und Herren<\/h3>\n<p data-start=\"7093\" data-end=\"7282\">Wollsocken sind besonders daf\u00fcr bekannt, die F\u00fc\u00dfe warm zu halten. Die nat\u00fcrliche Isolations- und Feuchtigkeitsregulierung der Wolle h\u00e4lt die F\u00fc\u00dfe trocken und verhindert unangenehme Ger\u00fcche.<\/p>\n<p data-start=\"7284\" data-end=\"7520\">Wolle ist ein atmungsaktives Material und ein nat\u00fcrlicher Temperaturregulator. Sie sorgt im Winter f\u00fcr W\u00e4rme und h\u00e4lt die F\u00fc\u00dfe im Sommer angenehm temperiert. Dank ihrer niedrigen W\u00e4rmeleitf\u00e4higkeit speichert sie die K\u00f6rperw\u00e4rme optimal.<\/p>\n<p data-start=\"7284\" data-end=\"7520\">\n\n\t\t<\/div>\n\t<\/div>\n<\/div><\/div><\/div><\/div>\n<\/div>","protected":false},"excerpt":{"rendered":"Bakis Tekstil ist ein auf Unterw\u00e4sche spezialisiertes Unternehmen. Wir bieten sowohl unsere eigenen Kollektionen und Produktlinien an als auch die","protected":false},"author":1,"featured_media":0,"parent":0,"menu_order":0,"comment_status":"closed","ping_status":"closed","template":"","meta":{"_joinchat":[],"footnotes":""},"class_list":["post-39383","page","type-page","status-publish","hentry"],"_links":{"self":[{"href":"https:\/\/bakistextile.com\/de\/wp-json\/wp\/v2\/pages\/39383","targetHints":{"allow":["GET"]}}],"collection":[{"href":"https:\/\/bakistextile.com\/de\/wp-json\/wp\/v2\/pages"}],"about":[{"href":"https:\/\/bakistextile.com\/de\/wp-json\/wp\/v2\/types\/page"}],"author":[{"embeddable":true,"href":"https:\/\/bakistextile.com\/de\/wp-json\/wp\/v2\/users\/1"}],"replies":[{"embeddable":true,"href":"https:\/\/bakistextile.com\/de\/wp-json\/wp\/v2\/comments?post=39383"}],"version-history":[{"count":11,"href":"https:\/\/bakistextile.com\/de\/wp-json\/wp\/v2\/pages\/39383\/revisions"}],"predecessor-version":[{"id":39387,"href":"https:\/\/bakistextile.com\/de\/wp-json\/wp\/v2\/pages\/39383\/revisions\/39387"}],"wp:attachment":[{"href":"https:\/\/bakistextile.com\/de\/wp-json\/wp\/v2\/media?parent=39383"}],"curies":[{"name":"wp","href":"https:\/\/api.w.org\/{rel}","templated":true}]}}