{"id":12,"date":"2024-06-01T15:34:44","date_gmt":"2024-06-01T12:34:44","guid":{"rendered":"https:\/\/bakistextile.com\/hesabim\/"},"modified":"2025-12-16T00:42:10","modified_gmt":"2025-12-15T21:42:10","slug":"hakkimizda","status":"publish","type":"page","link":"https:\/\/bakistextile.com\/de\/uber-uns\/","title":{"rendered":"\u00dcber Uns"},"content":{"rendered":"<div class=\"wpb-content-wrapper\"><div class=\"vc_row wpb_row vc_row-fluid\"><div class=\"wpb_column vc_column_container vc_col-sm-12\"><div class=\"vc_column-inner\"><div class=\"wpb_wrapper\">\n\t<div class=\"wpb_text_column wpb_content_element\" >\n\t\t<div class=\"wpb_wrapper\">\n\t\t\t<h2><\/h2>\n<h2><img loading=\"lazy\" decoding=\"async\" class=\"alignright wp-image-27481 size-full\" src=\"https:\/\/bakistextile.com\/wp-content\/uploads\/2025\/12\/bakis-tekstil.jpg\" alt=\"\" width=\"679\" height=\"497\" \/>Markenqualit\u00e4t zum g\u00fcnstigen Preis!<\/h2>\n<p data-start=\"34\" data-end=\"307\">Seit 1993 ist Bakis Tekstile fest auf dem europ\u00e4ischen Markt etabliert.<br data-start=\"121\" data-end=\"124\" \/>Mit dem Ziel, eine globale Marke zu schaffen, bietet unser Unternehmen Dienstleistungen nach internationalen Standards an und hat sich durch seine kontinuierlich wachsende Leistung zu einem der wichtigsten Importeure in Deutschland entwickelt.<\/p>\n<p data-start=\"309\" data-end=\"611\">Mit modernen Kollektionen aus einzigartigen Designs hat \"The Bakis\" die wohlverdiente Anerkennung der Verbraucher gewonnen und erstrahlt weiterhin als Stern der Branche. Unsere Kunden sind Gro\u00dfh\u00e4ndler aus ganz Europa, und wir bieten den besten Service mit unserem 2.400 m\u00b2 gro\u00dfen Verkaufslager.<\/p>\n<p data-start=\"613\" data-end=\"974\">Unsere Vision, Qualit\u00e4t, Kreativit\u00e4t und Flexibilit\u00e4t sowie unser Glaube an die Zukunft der T\u00fcrkei und unseres Landes, in dem wir leben, machen uns noch st\u00e4rker. Mit hochwertigen Rohstoffen legt unser Unternehmen gro\u00dfen Wert auf die Gesundheit von Mensch und Umwelt. Wir reagieren auf die sich st\u00e4ndig \u00e4ndernden Kundenw\u00fcnsche mit kreativen Ideen und sorgf\u00e4ltig ausgew\u00e4hlten Motiven, Farben und Mustern.<\/p>\n<p data-start=\"976\" data-end=\"1245\" data-is-last-node=\"\" data-is-only-node=\"\">Unser Ziel ist es, unseren Kunden Produkte von Weltklasse und nach neuester Mode anzubieten. Wir erneuern uns kontinuierlich und wachsen Tag f\u00fcr Tag weiter. Wir arbeiten unerm\u00fcdlich daran, t\u00e4glich bessere Ergebnisse zu erzielen und die Kundenzufriedenheit auf dem h\u00f6chsten Niveau zu halten.<\/p>\n<p><strong>Unsere Eingetragenen Marken:<\/strong><\/p>\n<ul>\n<li>THE BAKIS<\/li>\n<li>THE BAKIS THE WORLD OF UNDERWEAR<\/li>\n<li>ORIGINAL THE BAKIS UNDERWEAR<\/li>\n<li>BAKIS TEXT\u0130L<\/li>\n<li>SPORTMANN<\/li>\n<li>STYLEENMORE<\/li>\n<\/ul>\n\n\t\t<\/div>\n\t<\/div>\n<\/div><\/div><\/div><\/div>\n<\/div>","protected":false},"excerpt":{"rendered":"Marka kalitesi, uygun fiyatla! 1993 y\u0131l\u0131ndan bu yana Bak\u0131\u015f Tekstil Avrupa pazar\u0131nda sa\u011flam bir \u015fekilde yer edinmi\u015ftir.K\u00fcresel bir marka olu\u015fturma","protected":false},"author":1,"featured_media":0,"parent":0,"menu_order":0,"comment_status":"closed","ping_status":"closed","template":"","meta":{"_joinchat":[],"footnotes":""},"class_list":["post-12","page","type-page","status-publish","hentry"],"_links":{"self":[{"href":"https:\/\/bakistextile.com\/de\/wp-json\/wp\/v2\/pages\/12","targetHints":{"allow":["GET"]}}],"collection":[{"href":"https:\/\/bakistextile.com\/de\/wp-json\/wp\/v2\/pages"}],"about":[{"href":"https:\/\/bakistextile.com\/de\/wp-json\/wp\/v2\/types\/page"}],"author":[{"embeddable":true,"href":"https:\/\/bakistextile.com\/de\/wp-json\/wp\/v2\/users\/1"}],"replies":[{"embeddable":true,"href":"https:\/\/bakistextile.com\/de\/wp-json\/wp\/v2\/comments?post=12"}],"version-history":[{"count":24,"href":"https:\/\/bakistextile.com\/de\/wp-json\/wp\/v2\/pages\/12\/revisions"}],"predecessor-version":[{"id":47097,"href":"https:\/\/bakistextile.com\/de\/wp-json\/wp\/v2\/pages\/12\/revisions\/47097"}],"wp:attachment":[{"href":"https:\/\/bakistextile.com\/de\/wp-json\/wp\/v2\/media?parent=12"}],"curies":[{"name":"wp","href":"https:\/\/api.w.org\/{rel}","templated":true}]}}