{"id":11317,"date":"2024-06-08T02:38:44","date_gmt":"2024-06-07T23:38:44","guid":{"rendered":"https:\/\/bakistextile.com\/?page_id=11317"},"modified":"2024-06-08T02:38:44","modified_gmt":"2024-06-07T23:38:44","slug":"sartlar-ve-kosullar","status":"publish","type":"page","link":"https:\/\/bakistextile.com\/de\/geschaftsbedingungen\/","title":{"rendered":"Gesch\u00e4ftsbedingungen"},"content":{"rendered":"<div class=\"wpb-content-wrapper\">\n<p><br \/>\n<div class=\"vc_row wpb_row vc_row-fluid\"><div class=\"wpb_column vc_column_container vc_col-sm-12\"><div class=\"vc_column-inner\"><div class=\"wpb_wrapper\"><\/p>\n<h3>Allgemeine Gesch\u00e4ftsbedingungen mit Kundeninformationen &amp; Informationen zum Datenschutz<\/h3>\n<p><strong>Inhaltsverzeichnis:<\/strong><\/p>\n<ul>\n<li>A. Allgemeine Gesch\u00e4ftsbedingungen mit Kundeninformationen\n<ul>\n<li>Geltungsbereich<\/li>\n<li>Preise und Zahlungsbedingungen<\/li>\n<li>Liefer- und Versandbedingungen<\/li>\n<li>Eigentumsvorbehalt<\/li>\n<li>M\u00e4ngelhaftung (Gew\u00e4hrleistung)<\/li>\n<li>Haftung<\/li>\n<li>Anwendbares Recht<\/li>\n<li>Alternative Streitbeilegung<\/li>\n<\/ul>\n<\/li>\n<li>B. Informationen zum Datenschutz\n<ul>\n<li>Information \u00fcber die Erhebung personenbezogener Daten und Kontaktdaten des Verantwortlichen<\/li>\n<li>Datenverarbeitung zur Bestellabwicklung<\/li>\n<li>Rechte des Betroffenen<\/li>\n<li>Dauer der Speicherung personenbezogener Daten<\/li>\n<\/ul>\n<\/li>\n<\/ul>\n<h3>A. Allgemeine Gesch\u00e4ftsbedingungen mit Kundeninformationen<\/h3>\n<h4>1) Geltungsbereich<\/h4>\n<p>1.1 Diese Allgemeinen Gesch\u00e4ftsbedingungen (nachfolgend &#8220;AGB&#8221;) des Hidir Bakis (nachfolgend &#8220;Verk\u00e4ufer&#8221;), gelten f\u00fcr alle Vertr\u00e4ge, die ein Verbraucher oder Unternehmer (nachfolgend &#8220;Kunde&#8221;) mit dem Verk\u00e4ufer hinsichtlich der vom Verk\u00e4ufer in seinem Ladengesch\u00e4ft bzw. in seinen Verkaufsr\u00e4umlichkeiten ausgestellten und\/oder beworbenen Waren bei gleichzeitiger Anwesenheit beider Vertragsteile abschlie\u00dft. Hiermit wird der Einbeziehung von eigenen Bedingungen des Kunden widersprochen, es sei denn, es ist etwas anderes vereinbart.<\/p>\n<p>1.2 Verbraucher im Sinne dieser AGB ist jede nat\u00fcrliche Person, die ein Rechtsgesch\u00e4ft zu Zwecken abschlie\u00dft, die \u00fcberwiegend weder ihrer gewerblichen noch ihrer selbst\u00e4ndigen beruflichen T\u00e4tigkeit zugerechnet werden k\u00f6nnen. Unternehmer im Sinne dieser AGB ist eine nat\u00fcrliche oder juristische Person oder eine rechtsf\u00e4hige Personengesellschaft, die bei Abschluss eines Rechtsgesch\u00e4fts in Aus\u00fcbung ihrer gewerblichen oder selbst\u00e4ndigen beruflichen T\u00e4tigkeit handelt.<\/p>\n<h4>2) Preise und Zahlungsbedingungen<\/h4>\n<p>2.1 Bei den angegebenen Preisen handelt es sich um Gesamtpreise, die die gesetzliche Umsatzsteuer enthalten.<\/p>\n<p>2.2 Die Zahlungsm\u00f6glichkeiten werden dem Kunden im Ladengesch\u00e4ft des Verk\u00e4ufers mitgeteilt.<\/p>\n<h4>3) Liefer- und Versandbedingungen<\/h4>\n<p>Versendet der Verk\u00e4ufer auf Verlangen des Kunden die verkaufte Ware an eine vom Kunden angegebene Lieferanschrift, so gilt f\u00fcr die Lieferung der Ware Folgendes:<\/p>\n<p>3.1 Bei Lieferungen in L\u00e4nder au\u00dferhalb der Europ\u00e4ischen Union k\u00f6nnen im Einzelfall weitere Kosten anfallen, die der Verk\u00e4ufer nicht zu vertreten hat und die vom Kunden zu tragen sind. Hierzu z\u00e4hlen beispielsweise einfuhrrechtliche Abgaben bzw. Steuern (z.B. Z\u00f6lle).<\/p>\n<p>3.2 Bei Waren, die per Spedition geliefert werden, erfolgt die Lieferung &#8220;frei Bordsteinkante&#8221;, also bis zu der der Lieferadresse n\u00e4chst gelegenen \u00f6ffentlichen Bordsteinkante, sofern sich aus den Versandinformationen im Online-Shop des Verk\u00e4ufers nichts anderes ergibt und sofern nichts anderes vereinbart ist.<\/p>\n<p>3.3 Sendet das Transportunternehmen die versandte Ware an den Verk\u00e4ufer zur\u00fcck, da eine Zustellung beim Kunden nicht m\u00f6glich war, tr\u00e4gt der Kunde die Kosten f\u00fcr den erfolglosen Versand. Dies gilt nicht, wenn der Kunde den Umstand, der zur Unm\u00f6glichkeit der Zustellung gef\u00fchrt hat, nicht zu vertreten hat oder wenn er vor\u00fcbergehend an der Annahme der angebotenen Leistung verhindert war, es sei denn, dass der Verk\u00e4ufer ihm die Leistung eine angemessene Zeit vorher angek\u00fcndigt hatte. Ferner gilt dies im Hinblick auf die Kosten f\u00fcr die Hinsendung nicht, wenn der Kunde sein Widerrufsrecht wirksam aus\u00fcbt. F\u00fcr die R\u00fccksendekosten gilt bei wirksamer Aus\u00fcbung des Widerrufsrechts durch den Kunden die in der Widerrufsbelehrung des Verk\u00e4ufers hierzu getroffene Regelung.<\/p>\n<p>3.4 Handelt der Kunde als Unternehmer, geht die Gefahr des zuf\u00e4lligen Untergangs und der zuf\u00e4lligen Verschlechterung der verkauften Ware auf den Kunden \u00fcber, sobald der Verk\u00e4ufer die Sache dem Spediteur, dem Frachtf\u00fchrer oder der sonst zur Ausf\u00fchrung der Versendung bestimmten Person oder Anstalt ausgeliefert hat. Handelt der Kunde als Verbraucher, geht die Gefahr des zuf\u00e4lligen Untergangs und der zuf\u00e4lligen Verschlechterung der verkauften Ware grunds\u00e4tzlich erst mit \u00dcbergabe der Ware an den Kunden oder eine empfangsberechtigte Person \u00fcber. Abweichend hiervon geht die Gefahr des zuf\u00e4lligen Untergangs und der zuf\u00e4lligen Verschlechterung der verkauften Ware auch bei Verbrauchern bereits auf den Kunden \u00fcber, sobald der Verk\u00e4ufer die Sache dem Spediteur, dem Frachtf\u00fchrer oder der sonst zur Ausf\u00fchrung der Versendung bestimmten Person oder Anstalt ausgeliefert hat, wenn der Kunde den Spediteur, den Frachtf\u00fchrer oder die sonst zur Ausf\u00fchrung der Versendung bestimmte Person oder Anstalt mit der Ausf\u00fchrung beauftragt und der Verk\u00e4ufer dem Kunden diese Person oder Anstalt zuvor nicht benannt hat.<\/p>\n<p>3.5 Der Verk\u00e4ufer beh\u00e4lt sich das Recht vor, im Falle nicht richtiger oder nicht ordnungsgem\u00e4\u00dfer Selbstbelieferung vom Vertrag zur\u00fcckzutreten. Dies gilt nur f\u00fcr den Fall, dass die Nichtlieferung nicht vom Verk\u00e4ufer zu vertreten ist und dieser mit der gebotenen Sorgfalt ein konkretes Deckungsgesch\u00e4ft mit dem Zulieferer abgeschlossen hat. Der Verk\u00e4ufer wird alle zumutbaren Anstrengungen unternehmen, um die Ware zu beschaffen. Im Falle der Nichtverf\u00fcgbarkeit oder der nur teilweisen Verf\u00fcgbarkeit der Ware wird der Kunde unverz\u00fcglich informiert und die Gegenleistung unverz\u00fcglich erstattet.<\/p>\n<h4>4) Eigentumsvorbehalt<\/h4>\n<p>4.1 Gegen\u00fcber Verbrauchern beh\u00e4lt sich der Verk\u00e4ufer bis zur vollst\u00e4ndigen Bezahlung des geschuldeten Kaufpreises das Eigentum an der gelieferten Ware vor.<\/p>\n<p>4.2 Gegen\u00fcber Unternehmern beh\u00e4lt sich der Verk\u00e4ufer bis zur vollst\u00e4ndigen Begleichung aller Forderungen aus einer laufenden Gesch\u00e4ftsbeziehung das Eigentum an der gelieferten Ware vor.<\/p>\n<p>4.3 Handelt der Kunde als Unternehmer, so ist er zur Weiterver\u00e4u\u00dferung der Vorbehaltsware im ordnungsgem\u00e4\u00dfen Gesch\u00e4ftsbetrieb berechtigt. S\u00e4mtliche hieraus entstehenden Forderungen gegen Dritte tritt der Kunde in H\u00f6he des jeweiligen Rechnungswertes (einschlie\u00dflich Umsatzsteuer) im Voraus an den Verk\u00e4ufer ab. Diese Abtretung gilt unabh\u00e4ngig davon, ob die Vorbehaltsware ohne oder nach Verarbeitung weiterverkauft worden ist. Der Kunde bleibt zur Einziehung der Forderungen auch nach der Abtretung erm\u00e4chtigt. Die Befugnis des Verk\u00e4ufers, die Forderungen selbst einzuziehen, bleibt davon unber\u00fchrt. Der Verk\u00e4ufer wird jedoch die Forderungen nicht einziehen, solange der Kunde seinen Zahlungsverpflichtungen dem Verk\u00e4ufer gegen\u00fcber nachkommt, nicht in Zahlungsverzug ger\u00e4t und kein Antrag auf Er\u00f6ffnung eines Insolvenzverfahrens gestellt ist.<\/p>\n<h4>5) M\u00e4ngelhaftung (Gew\u00e4hrleistung)<\/h4>\n<p>Ist die Kaufsache mangelhaft, gelten die Vorschriften der gesetzlichen M\u00e4ngelhaftung. Hiervon abweichend gilt:<\/p>\n<p>5.1 Handelt der Kunde als Unternehmer,<\/p>\n<ul>\n<li>hat der Verk\u00e4ufer die Wahl der Art der Nacherf\u00fcllung;<\/li>\n<li>betr\u00e4gt bei neuen Waren die Verj\u00e4hrungsfrist f\u00fcr M\u00e4ngel ein Jahr ab Gefahr\u00fcbergang;<\/li>\n<li>sind bei gebrauchten Waren die Rechte und Anspr\u00fcche wegen M\u00e4ngeln grunds\u00e4tzlich ausgeschlossen;<\/li>\n<li>beginnt die Verj\u00e4hrung nicht erneut, wenn im Rahmen der M\u00e4ngelhaftung eine Ersatzlieferung erfolgt.<\/li>\n<\/ul>\n<p>5.2 Handelt der Kunde als Verbraucher betr\u00e4gt die Verj\u00e4hrungsfrist f\u00fcr M\u00e4ngelanspr\u00fcche bei gebrauchten Waren ein Jahr ab Ablieferung der Ware an den Kunden, mit der Einschr\u00e4nkung der nachfolgenden Ziffer.<\/p>\n<p>5.3 Die in den vorstehenden Ziffern geregelten Haftungsbeschr\u00e4nkungen und Verj\u00e4hrungsfristverk\u00fcrzungen gelten nicht<\/p>\n<ul>\n<li>f\u00fcr Sachen, die entsprechend ihrer \u00fcblichen Verwendungsweise f\u00fcr ein Bauwerk verwendet worden sind und dessen Mangelhaftigkeit verursacht haben,<\/li>\n<li>f\u00fcr Schadensersatz- und Aufwendungsersatzanspr\u00fcche des Kunden, sowie<\/li>\n<li>f\u00fcr den Fall, dass der Verk\u00e4ufer den Mangel arglistig verschwiegen hat.<\/li>\n<\/ul>\n<p>5.4 Dar\u00fcber hinaus gilt f\u00fcr Unternehmer, dass die gesetzlichen Verj\u00e4hrungsfristen f\u00fcr den R\u00fcckgriffsanspruch nach \u00a7 478 BGB unber\u00fchrt bleiben.<\/p>\n<p>5.5 Handelt der Kunde als Kaufmann i.S.d. \u00a7 1 HGB, trifft ihn die kaufm\u00e4nnische Untersuchungs- und R\u00fcgepflicht gem\u00e4\u00df \u00a7 377 HGB. Unterl\u00e4sst der Kunde die dort geregelten Anzeigepflichten, gilt die Ware als genehmigt.<\/p>\n<p>5.6 Handelt der Kunde als Verbraucher, so wird er gebeten, angelieferte Waren mit offensichtlichen Transportsch\u00e4den bei dem Zusteller zu reklamieren und den Verk\u00e4ufer hiervon in Kenntnis zu setzen. Kommt der Kunde dem nicht nach, hat dies keinerlei Auswirkungen auf seine gesetzlichen oder vertraglichen M\u00e4ngelanspr\u00fcche.<\/p>\n<h4>6) Haftung<\/h4>\n<p>Der Verk\u00e4ufer haftet dem Kunden aus allen vertraglichen, vertrags\u00e4hnlichen und gesetzlichen, auch deliktischen Anspr\u00fcchen auf Schadens- und Aufwendungsersatz wie folgt:<\/p>\n<p>6.1 Der Verk\u00e4ufer haftet aus jedem Rechtsgrund uneingeschr\u00e4nkt<\/p>\n<ul>\n<li>bei Vorsatz oder grober Fahrl\u00e4ssigkeit,<\/li>\n<li>bei vors\u00e4tzlicher oder fahrl\u00e4ssiger Verletzung des Lebens, des K\u00f6rpers oder der Gesundheit,<\/li>\n<li>aufgrund eines Garantieversprechens, soweit diesbez\u00fcglich nichts anderes geregelt ist,<\/li>\n<li>aufgrund zwingender Haftung wie etwa nach dem Produkthaftungsgesetz.<\/li>\n<\/ul>\n<p>6.2 Verletzt der Verk\u00e4ufer fahrl\u00e4ssig eine wesentliche Vertragspflicht, ist die Haftung auf den vertragstypischen, vorhersehbaren Schaden begrenzt, sofern nicht gem\u00e4\u00df vorstehender Ziffer unbeschr\u00e4nkt gehaftet wird. Wesentliche Vertragspflichten sind Pflichten, die der Vertrag dem Verk\u00e4ufer nach seinem Inhalt zur Erreichung des Vertragszwecks auferlegt, deren Erf\u00fcllung die ordnungsgem\u00e4\u00dfe Durchf\u00fchrung des Vertrags \u00fcberhaupt erst erm\u00f6glicht und auf deren Einhaltung der Kunde regelm\u00e4\u00dfig vertrauen darf.<\/p>\n<p>6.3 Im \u00dcbrigen ist eine Haftung des Verk\u00e4ufers ausgeschlossen.<\/p>\n<p>6.4 Vorstehende Haftungsregelungen gelten auch im Hinblick auf die Haftung des Verk\u00e4ufers f\u00fcr seine Erf\u00fcllungsgehilfen und gesetzlichen Vertreter.<\/p>\n<h4>7) Anwendbares Recht<\/h4>\n<p>F\u00fcr s\u00e4mtliche Rechtsbeziehungen der Parteien gilt das Recht der Bundesrepublik Deutschland unter Ausschluss der Gesetze \u00fcber den internationalen Kauf beweglicher Waren. Bei Verbrauchern gilt diese Rechtswahl nur insoweit, als nicht der gew\u00e4hrte Schutz durch zwingende Bestimmungen des Rechts des Staates, in dem der Verbraucher seinen gew\u00f6hnlichen Aufenthalt hat, entzogen wird.<\/p>\n<h4>8) Alternative Streitbeilegung<\/h4>\n<p>8.1 Die EU-Kommission stellt im Internet eine Plattform zur Online-Streitbeilegung unter folgendem Link bereit: <a href=\"https:\/\/ec.europa.eu\/consumers\/odr\" target=\"_new\" rel=\"noreferrer noopener\">https:\/\/ec.europa.eu\/consumers\/odr<\/a>.<\/p>\n<p>Diese Plattform dient als Anlaufstelle zur au\u00dfergerichtlichen Beilegung von Streitigkeiten aus Online-Kauf- oder Dienstleistungsvertr\u00e4gen, an denen ein Verbraucher beteiligt ist.<\/p>\n<p>8.2 Der Verk\u00e4ufer ist zur Teilnahme an einem Streitbeilegungsverfahren vor einer Verbraucherschlichtungsstelle weder verpflichtet noch bereit.<\/p>\n<div class=\"flex flex-grow flex-col max-w-full\">\n<div class=\"min-h-&#091;20px&#093; text-message flex flex-col items-start whitespace-pre-wrap break-words &#091;.text-message+&amp;&#093;:mt-5 juice:w-full juice:items-end overflow-x-auto gap-2\" dir=\"auto\" data-message-author-role=\"assistant\" data-message-id=\"07ab2ce7-33e2-4426-9d3d-3161057de010\">\n<div class=\"flex w-full flex-col gap-1 juice:empty:hidden juice:first:pt-&#091;3px&#093;\">\n<div class=\"markdown prose w-full break-words dark:prose-invert light\">\n<h3>B. Informationen zum Datenschutz<\/h3>\n<h4>1) Information \u00fcber die Erhebung personenbezogener Daten und Kontaktdaten des Verantwortlichen<\/h4>\n<p>1.1 Im Folgenden informieren wir Sie \u00fcber den Umgang mit Ihren personenbezogenen Daten. Personenbezogene Daten sind hierbei alle Daten, mit denen Sie pers\u00f6nlich identifiziert werden k\u00f6nnen.<\/p>\n<p>1.2 Verantwortlicher f\u00fcr die Datenverarbeitung auf dieser Website im Sinne der Datenschutz-Grundverordnung (DSGVO) ist Hidir Bakis, Hauptstr. 42, 07751 Rothenstein, Deutschland, Tel.: 036424 713790, Fax: 036424 713791, E-Mail: <a rel=\"noreferrer\">alibakis@hotmail.de<\/a>. Der f\u00fcr die Verarbeitung von personenbezogenen Daten Verantwortliche ist diejenige nat\u00fcrliche oder juristische Person, die allein oder gemeinsam mit anderen \u00fcber die Zwecke und Mittel der Verarbeitung von personenbezogenen Daten entscheidet.<\/p>\n<h4>2) Datenverarbeitung zur Bestellabwicklung<\/h4>\n<p>Ihre Zahlungsdaten geben wir im Rahmen der Zahlungsabwicklung an das beauftragte Kreditinstitut weiter, sofern dies f\u00fcr die Zahlungsabwicklung erforderlich ist. Sofern Zahlungsdienstleister eingesetzt werden, informieren wir hier\u00fcber nachstehend explizit. Die Rechtsgrundlage f\u00fcr die Weitergabe der Daten ist hierbei Art. 6 Abs. 1 lit. b DSGVO.<\/p>\n<h4>3) Rechte des Betroffenen<\/h4>\n<p>3.1 Das geltende Datenschutzrecht gew\u00e4hrt Ihnen gegen\u00fcber dem Verantwortlichen hinsichtlich der Verarbeitung Ihrer personenbezogenen Daten umfassende Betroffenenrechte (Auskunfts- und Interventionsrechte), \u00fcber die wir Sie nachstehend informieren:<\/p>\n<ul>\n<li><strong>Auskunftsrecht gem\u00e4\u00df Art. 15 DSGVO:<\/strong> Sie haben insbesondere ein Recht auf Auskunft \u00fcber Ihre von uns verarbeiteten personenbezogenen Daten, die Verarbeitungszwecke, die Kategorien der verarbeiteten personenbezogenen Daten, die Empf\u00e4nger oder Kategorien von Empf\u00e4ngern, gegen\u00fcber denen Ihre Daten offengelegt wurden oder werden, die geplante Speicherdauer bzw. die Kriterien f\u00fcr die Festlegung der Speicherdauer, das Bestehen eines Rechts auf Berichtigung, L\u00f6schung, Einschr\u00e4nkung der Verarbeitung, Widerspruch gegen die Verarbeitung, Beschwerde bei einer Aufsichtsbeh\u00f6rde, die Herkunft Ihrer Daten, wenn diese nicht durch uns bei Ihnen erhoben wurden, das Bestehen einer automatisierten Entscheidungsfindung einschlie\u00dflich Profiling und ggf. aussagekr\u00e4ftige Informationen \u00fcber die involvierte Logik und die Sie betreffende Tragweite und die angestrebten Auswirkungen einer solchen Verarbeitung, sowie Ihr Recht auf Unterrichtung, welche Garantien gem\u00e4\u00df Art. 46 DSGVO bei Weiterleitung Ihrer Daten in Drittl\u00e4nder bestehen;<\/li>\n<li><strong>Recht auf Berichtigung gem\u00e4\u00df Art. 16 DSGVO:<\/strong> Sie haben ein Recht auf unverz\u00fcgliche Berichtigung Sie betreffender unrichtiger Daten und\/oder Vervollst\u00e4ndigung Ihrer bei uns gespeicherten unvollst\u00e4ndigen Daten;<\/li>\n<li><strong>Recht auf L\u00f6schung gem\u00e4\u00df Art. 17 DSGVO:<\/strong> Sie haben das Recht, die L\u00f6schung Ihrer personenbezogenen Daten bei Vorliegen der Voraussetzungen des Art. 17 Abs. 1 DSGVO zu verlangen. Dieses Recht besteht jedoch insbesondere dann nicht, wenn die Verarbeitung zur Aus\u00fcbung des Rechts auf freie Meinungs\u00e4u\u00dferung und Information, zur Erf\u00fcllung einer rechtlichen Verpflichtung, aus Gr\u00fcnden des \u00f6ffentlichen Interesses oder zur Geltendmachung, Aus\u00fcbung oder Verteidigung von Rechtsanspr\u00fcchen erforderlich ist;<\/li>\n<li><strong>Recht auf Einschr\u00e4nkung der Verarbeitung gem\u00e4\u00df Art. 18 DSGVO:<\/strong> Sie haben das Recht, die Einschr\u00e4nkung der Verarbeitung Ihrer personenbezogenen Daten zu verlangen, solange die von Ihnen bestrittene Richtigkeit Ihrer Daten \u00fcberpr\u00fcft wird, wenn Sie eine L\u00f6schung Ihrer Daten wegen unzul\u00e4ssiger Datenverarbeitung ablehnen und stattdessen die Einschr\u00e4nkung der Verarbeitung Ihrer Daten verlangen, wenn Sie Ihre Daten zur Geltendmachung, Aus\u00fcbung oder Verteidigung von Rechtsanspr\u00fcchen ben\u00f6tigen, nachdem wir diese Daten nach Zweckerreichung nicht mehr ben\u00f6tigen oder wenn Sie Widerspruch aus Gr\u00fcnden Ihrer besonderen Situation eingelegt haben, solange noch nicht feststeht, ob unsere berechtigten Gr\u00fcnde \u00fcberwiegen;<\/li>\n<li><strong>Recht auf Unterrichtung gem\u00e4\u00df Art. 19 DSGVO:<\/strong> Haben Sie das Recht auf Berichtigung, L\u00f6schung oder Einschr\u00e4nkung der Verarbeitung gegen\u00fcber dem Verantwortlichen geltend gemacht, ist dieser verpflichtet, allen Empf\u00e4ngern, denen die Sie betreffenden personenbezogenen Daten offengelegt wurden, diese Berichtigung oder L\u00f6schung der Daten oder Einschr\u00e4nkung der Verarbeitung mitzuteilen, es sei denn, dies erweist sich als unm\u00f6glich oder ist mit einem unverh\u00e4ltnism\u00e4\u00dfigen Aufwand verbunden. Ihnen steht das Recht zu, \u00fcber diese Empf\u00e4nger unterrichtet zu werden.<\/li>\n<li><strong>Recht auf Daten\u00fcbertragbarkeit gem\u00e4\u00df Art. 20 DSGVO:<\/strong> Sie haben das Recht, Ihre personenbezogenen Daten, die Sie uns bereitgestellt haben, in einem strukturierten, g\u00e4ngigen und maschinenlesebaren Format zu erhalten oder die \u00dcbermittlung an einen anderen Verantwortlichen zu verlangen, soweit dies technisch machbar ist;<\/li>\n<li><strong>Recht auf Widerruf erteilter Einwilligungen gem\u00e4\u00df Art. 7 Abs. 3 DSGVO:<\/strong> Sie haben das Recht, eine einmal erteilte Einwilligung in die Verarbeitung von Daten jederzeit mit Wirkung f\u00fcr die Zukunft zu widerrufen. Im Falle des Widerrufs werden wir die betroffenen Daten unverz\u00fcglich l\u00f6schen, sofern eine weitere Verarbeitung nicht auf eine Rechtsgrundlage zur einwilligungslosen Verarbeitung gest\u00fctzt werden kann. Durch den Widerruf der Einwilligung wird die Rechtm\u00e4\u00dfigkeit der aufgrund der Einwilligung bis zum Widerruf erfolgten Verarbeitung nicht ber\u00fchrt;<\/li>\n<li><strong>Recht auf Beschwerde gem\u00e4\u00df Art. 77 DSGVO:<\/strong> Wenn Sie der Ansicht sind, dass die Verarbeitung der Sie betreffenden personenbezogenen Daten gegen die DSGVO verst\u00f6\u00dft, haben Sie &#8211; unbeschadet eines anderweitigen verwaltungsrechtlichen oder gerichtlichen Rechtsbehelfs &#8211; das Recht auf Beschwerde bei einer Aufsichtsbeh\u00f6rde, insbesondere in dem Mitgliedstaat Ihres Aufenthaltsortes, Ihres Arbeitsplatzes oder des Ortes des mutma\u00dflichen Versto\u00dfes.<\/li>\n<\/ul>\n<p>3.2 <strong>WIDERSPRUCHSRECHT<\/strong><\/p>\n<p>WENN WIR IM RAHMEN EINER INTERESSENABW\u00c4GUNG IHRE PERSONENBEZOGENEN DATEN AUFGRUND UNSERES \u00dcBERWIEGENDEN BERECHTIGTEN INTERESSES VERARBEITEN, HABEN SIE DAS JEDERZEITIGE RECHT, AUS GR\u00dcNDEN, DIE SICH AUS IHRER BESONDEREN SITUATION ERGEBEN, GEGEN DIESE VERARBEITUNG WIDERSPRUCH MIT WIRKUNG F\u00dcR DIE ZUKUNFT EINZULEGEN. MACHEN SIE VON IHREM WIDERSPRUCHSRECHT GEBRAUCH, BEENDEN WIR DIE VERARBEITUNG DER BETROFFENEN DATEN. EINE WEITERVERARBEITUNG BLEIBT ABER VORBEHALTEN, WENN WIR ZWINGENDE SCHUTZW\u00dcRDIGE GR\u00dcNDE F\u00dcR DIE VERARBEITUNG NACHWEISEN K\u00d6NNEN, DIE IHRE INTERESSEN, GRUNDRECHTE UND GRUNDFREIHEITEN \u00dcBERWIEGEN, ODER WENN DIE VERARBEITUNG DER GELTENDMACHUNG, AUS\u00dcBUNG ODER VERTEIDIGUNG VON RECHTSANSPR\u00dcCHEN DIENT.<\/p>\n<p>WERDEN IHRE PERSONENBEZOGENEN DATEN VON UNS VERARBEITET, UM DIREKTWERBUNG ZU BETREIBEN, HABEN SIE DAS RECHT, JEDERZEIT WIDERSPRUCH GEGEN DIE VERARBEITUNG SIE BETREFFENDER PERSONENBEZOGENER DATEN ZUM ZWECKE DERARTIGER WERBUNG EINZULEGEN. SIE K\u00d6NNEN DEN WIDERSPRUCH WIE OBEN BESCHRIEBEN AUS\u00dcBEN.<\/p>\n<p>MACHEN SIE VON IHREM WIDERSPRUCHSRECHT GEBRAUCH, BEENDEN WIR DIE VERARBEITUNG DER BETROFFENEN DATEN ZU DIREKTWERBEZWECKEN.<\/p>\n<h4>4) Dauer der Speicherung personenbezogener Daten<\/h4>\n<p>Die Dauer der Speicherung von personenbezogenen Daten bemisst sich anhand der jeweiligen gesetzlichen Aufbewahrungsfrist (z.B. handels- und steuerrechtliche Aufbewahrungsfristen). Nach Ablauf der Frist werden die entsprechenden Daten routinem\u00e4\u00dfig gel\u00f6scht, sofern sie nicht mehr zur Vertragserf\u00fcllung oder Vertragsanbahnung erforderlich sind und\/oder unsererseits kein berechtigtes Interesse an der Weiterspeicherung fortbesteht.<\/div><\/div><\/div><\/div>\n<\/div>\n<\/div>\n<\/div>\n<\/div>\n<\/div>","protected":false},"excerpt":{"rendered":"Allgemeine Gesch\u00e4ftsbedingungen mit Kundeninformationen &amp; Informationen zum Datenschutz Inhaltsverzeichnis: A. Allgemeine Gesch\u00e4ftsbedingungen mit Kundeninformationen Geltungsbereich Preise und Zahlungsbedingungen Liefer- und","protected":false},"author":1,"featured_media":0,"parent":0,"menu_order":0,"comment_status":"closed","ping_status":"closed","template":"","meta":{"_joinchat":[],"footnotes":""},"class_list":["post-11317","page","type-page","status-publish","hentry"],"_links":{"self":[{"href":"https:\/\/bakistextile.com\/de\/wp-json\/wp\/v2\/pages\/11317","targetHints":{"allow":["GET"]}}],"collection":[{"href":"https:\/\/bakistextile.com\/de\/wp-json\/wp\/v2\/pages"}],"about":[{"href":"https:\/\/bakistextile.com\/de\/wp-json\/wp\/v2\/types\/page"}],"author":[{"embeddable":true,"href":"https:\/\/bakistextile.com\/de\/wp-json\/wp\/v2\/users\/1"}],"replies":[{"embeddable":true,"href":"https:\/\/bakistextile.com\/de\/wp-json\/wp\/v2\/comments?post=11317"}],"version-history":[{"count":1,"href":"https:\/\/bakistextile.com\/de\/wp-json\/wp\/v2\/pages\/11317\/revisions"}],"predecessor-version":[{"id":11319,"href":"https:\/\/bakistextile.com\/de\/wp-json\/wp\/v2\/pages\/11317\/revisions\/11319"}],"wp:attachment":[{"href":"https:\/\/bakistextile.com\/de\/wp-json\/wp\/v2\/media?parent=11317"}],"curies":[{"name":"wp","href":"https:\/\/api.w.org\/{rel}","templated":true}]}}